{"id":1016,"date":"2024-02-24T06:34:22","date_gmt":"2024-02-24T12:34:22","guid":{"rendered":"https:\/\/miramarfamilydental.com\/index.php\/atencion-general-y-preventiva\/"},"modified":"2026-04-07T21:05:47","modified_gmt":"2026-04-08T02:05:47","slug":"odontologia-diagnostica-y-preventiva","status":"publish","type":"page","link":"https:\/\/miramarfamilydental.com\/es\/servicios-dentales\/odontologia-diagnostica-y-preventiva\/","title":{"rendered":"Odontolog\u00eda diagn\u00f3stica y preventiva"},"content":{"rendered":"\t\t<div data-elementor-type=\"wp-page\" data-elementor-id=\"1016\" class=\"elementor elementor-1016\" data-elementor-post-type=\"page\">\n\t\t\t\t<div class=\"elementor-element elementor-element-fbfca3c e-flex e-con-boxed e-con e-parent\" data-id=\"fbfca3c\" data-element_type=\"container\" data-e-type=\"container\" data-settings=\"{&quot;background_background&quot;:&quot;classic&quot;}\">\n\t\t\t\t\t<div class=\"e-con-inner\">\n\t\t\t\t<div class=\"elementor-element elementor-element-9ace08c elementor-widget elementor-widget-heading\" data-id=\"9ace08c\" data-element_type=\"widget\" data-e-type=\"widget\" data-widget_type=\"heading.default\">\n\t\t\t\t<div class=\"elementor-widget-container\">\n\t\t\t\t\t<h1 class=\"elementor-heading-title elementor-size-default\">Servicios odontol\u00f3gicos de <br \/>diagn\u00f3stico y prevenci\u00f3n<\/h1>\t\t\t\t<\/div>\n\t\t\t\t<\/div>\n\t\t\t\t\t<\/div>\n\t\t\t\t<\/div>\n\t\t<div class=\"elementor-element elementor-element-f22fc71 e-flex e-con-boxed e-con e-parent\" data-id=\"f22fc71\" data-element_type=\"container\" data-e-type=\"container\">\n\t\t\t\t\t<div class=\"e-con-inner\">\n\t\t\t\t<div class=\"elementor-element elementor-element-ef0695f elementor-widget__width-initial elementor-widget-mobile__width-inherit elementor-widget elementor-widget-video\" data-id=\"ef0695f\" data-element_type=\"widget\" data-e-type=\"widget\" data-settings=\"{&quot;video_type&quot;:&quot;hosted&quot;,&quot;controls&quot;:&quot;yes&quot;}\" data-widget_type=\"video.default\">\n\t\t\t\t<div class=\"elementor-widget-container\">\n\t\t\t\t\t\t\t<div class=\"e-hosted-video elementor-wrapper elementor-open-inline\">\n\t\t\t\t\t<video class=\"elementor-video\" src=\"https:\/\/miramarfamilydental.com\/wp-content\/uploads\/2024\/10\/Examinando-paciente.mp4\" controls=\"\" preload=\"metadata\" controlsList=\"nodownload\"><\/video>\n\t\t\t\t<\/div>\n\t\t\t\t\t\t<\/div>\n\t\t\t\t<\/div>\n\t\t\t\t<div class=\"elementor-element elementor-element-5dc2368 elementor-widget__width-initial elementor-widget-mobile__width-inherit elementor-widget elementor-widget-text-editor\" data-id=\"5dc2368\" data-element_type=\"widget\" data-e-type=\"widget\" data-widget_type=\"text-editor.default\">\n\t\t\t\t<div class=\"elementor-widget-container\">\n\t\t\t\t\t\t\t\t\t<p>La odontolog\u00eda diagn\u00f3stica y preventiva es una parte esencial de la atenci\u00f3n en Miramar Family Dental. Por eso, uno de uno de nuestros pilares es la prevenci\u00f3n.\u00a0Como m\u00e9dicos, tenemos la misi\u00f3n de curar, pero primero debemos enfocamos en prevenir las enfermedades dentales antes de que ocurran. Muchas de ellas pueden evitarse con h\u00e1bitos saludables (como el cepillado y el uso del hilo dental), lo que te ahorrar\u00e1n tiempo, molestias y dinero en el futuro.\u00a0Un enfoque proactivo de la atenci\u00f3n dental no solo ayuda a mantener tu boca sana, sino que tambi\u00e9n puede mejorar tu salud general.<\/p>\t\t\t\t\t\t\t\t<\/div>\n\t\t\t\t<\/div>\n\t\t\t\t\t<\/div>\n\t\t\t\t<\/div>\n\t\t<div class=\"elementor-element elementor-element-ac5d37f e-flex e-con-boxed e-con e-child\" data-id=\"ac5d37f\" data-element_type=\"container\" data-e-type=\"container\">\n\t\t\t\t\t<div class=\"e-con-inner\">\n\t\t\t\t<div class=\"elementor-element elementor-element-bbf7923 elementor-widget elementor-widget-heading\" data-id=\"bbf7923\" data-element_type=\"widget\" data-e-type=\"widget\" data-widget_type=\"heading.default\">\n\t\t\t\t<div class=\"elementor-widget-container\">\n\t\t\t\t\t<h2 class=\"elementor-heading-title elementor-size-default\">Nuestros servicios de diagn\u00f3stico y prevenci\u00f3n incluyen:<\/h2>\t\t\t\t<\/div>\n\t\t\t\t<\/div>\n\t\t<div class=\"elementor-element elementor-element-fcfb4dd e-con-full e-flex e-con e-child\" data-id=\"fcfb4dd\" data-element_type=\"container\" data-e-type=\"container\">\n\t\t\t\t<div class=\"elementor-element elementor-element-0a759a9 elementor-widget__width-initial elementor-widget-mobile__width-inherit elementor-widget elementor-widget-heading\" data-id=\"0a759a9\" data-element_type=\"widget\" data-e-type=\"widget\" data-widget_type=\"heading.default\">\n\t\t\t\t<div class=\"elementor-widget-container\">\n\t\t\t\t\t<h3 class=\"elementor-heading-title elementor-size-default\">Limpiezas y ex\u00e1menes de valoraci\u00f3n y diagn\u00f3stico<\/h3>\t\t\t\t<\/div>\n\t\t\t\t<\/div>\n\t\t\t\t<div class=\"elementor-element elementor-element-fa4a581 elementor-widget__width-initial elementor-widget-mobile__width-inherit elementor-widget elementor-widget-text-editor\" data-id=\"fa4a581\" data-element_type=\"widget\" data-e-type=\"widget\" data-widget_type=\"text-editor.default\">\n\t\t\t\t<div class=\"elementor-widget-container\">\n\t\t\t\t\t\t\t\t\t<p>Nuestros dentistas realizan ex\u00e1menes profil\u00e1cticos y orales completos para detectar cualquier signo de enfermedad dental. Tambi\u00e9n evaluamos el riesgo de caries y enfermedad periodontal, as\u00ed podemos proporcionar recomendaciones personalizadas para el cuidado bucal en casa y h\u00e1bitos saludables.<\/p>\t\t\t\t\t\t\t\t<\/div>\n\t\t\t\t<\/div>\n\t\t\t\t<\/div>\n\t\t<div class=\"elementor-element elementor-element-0c724bf e-con-full e-flex e-con e-child\" data-id=\"0c724bf\" data-element_type=\"container\" data-e-type=\"container\">\n\t\t\t\t<div class=\"elementor-element elementor-element-54ae1b4 elementor-widget__width-initial elementor-widget-mobile__width-inherit elementor-widget elementor-widget-heading\" data-id=\"54ae1b4\" data-element_type=\"widget\" data-e-type=\"widget\" data-widget_type=\"heading.default\">\n\t\t\t\t<div class=\"elementor-widget-container\">\n\t\t\t\t\t<h3 class=\"elementor-heading-title elementor-size-default\">Selladores Dentales<\/h3>\t\t\t\t<\/div>\n\t\t\t\t<\/div>\n\t\t\t\t<div class=\"elementor-element elementor-element-2b5f4ce elementor-widget__width-initial elementor-widget-mobile__width-inherit elementor-widget elementor-widget-text-editor\" data-id=\"2b5f4ce\" data-element_type=\"widget\" data-e-type=\"widget\" data-widget_type=\"text-editor.default\">\n\t\t\t\t<div class=\"elementor-widget-container\">\n\t\t\t\t\t\t\t\t\tLos sellantes son una excelente manera de proteger las muelas (molares y premolares), las cuales son los dientes m\u00e1s propensos a las caries. Los sellantes son una capa delgada de material que se aplica a la superficie de masticaci\u00f3n de estos dientes para prevenir la acumulaci\u00f3n de placa y bacterias.\t\t\t\t\t\t\t\t<\/div>\n\t\t\t\t<\/div>\n\t\t\t\t<\/div>\n\t\t<div class=\"elementor-element elementor-element-5dd3564 e-con-full e-flex e-con e-child\" data-id=\"5dd3564\" data-element_type=\"container\" data-e-type=\"container\">\n\t\t\t\t<div class=\"elementor-element elementor-element-b5c9b98 elementor-widget__width-initial elementor-widget-mobile__width-inherit elementor-widget elementor-widget-heading\" data-id=\"b5c9b98\" data-element_type=\"widget\" data-e-type=\"widget\" data-widget_type=\"heading.default\">\n\t\t\t\t<div class=\"elementor-widget-container\">\n\t\t\t\t\t<h3 class=\"elementor-heading-title elementor-size-default\">Tratamientos con fluoruro<\/h3>\t\t\t\t<\/div>\n\t\t\t\t<\/div>\n\t\t\t\t<div class=\"elementor-element elementor-element-ef40320 elementor-widget__width-initial elementor-widget-mobile__width-inherit elementor-widget elementor-widget-text-editor\" data-id=\"ef40320\" data-element_type=\"widget\" data-e-type=\"widget\" data-widget_type=\"text-editor.default\">\n\t\t\t\t<div class=\"elementor-widget-container\">\n\t\t\t\t\t\t\t\t\tEl fl\u00faor o fluoruro es un mineral que ayuda a fortalecer el esmalte dental y prevenir las caries. Ofrecemos tratamientos con barniz de fl\u00faor y gel de fl\u00faor para ayudar a proteger sus dientes.\t\t\t\t\t\t\t\t<\/div>\n\t\t\t\t<\/div>\n\t\t\t\t<\/div>\n\t\t<div class=\"elementor-element elementor-element-2a2aace e-con-full e-flex e-con e-child\" data-id=\"2a2aace\" data-element_type=\"container\" data-e-type=\"container\">\n\t\t\t\t<div class=\"elementor-element elementor-element-de9a9e3 elementor-widget__width-initial elementor-widget-mobile__width-inherit elementor-widget elementor-widget-heading\" data-id=\"de9a9e3\" data-element_type=\"widget\" data-e-type=\"widget\" data-widget_type=\"heading.default\">\n\t\t\t\t<div class=\"elementor-widget-container\">\n\t\t\t\t\t<h3 class=\"elementor-heading-title elementor-size-default\">Radiografias Dentales<\/h3>\t\t\t\t<\/div>\n\t\t\t\t<\/div>\n\t\t\t\t<div class=\"elementor-element elementor-element-57171d4 elementor-widget__width-initial elementor-widget-mobile__width-inherit elementor-widget elementor-widget-text-editor\" data-id=\"57171d4\" data-element_type=\"widget\" data-e-type=\"widget\" data-widget_type=\"text-editor.default\">\n\t\t\t\t<div class=\"elementor-widget-container\">\n\t\t\t\t\t\t\t\t\tLas radiograf\u00edas son una herramienta esencial para el diagn\u00f3stico dental. Nos permiten ver problemas que no son visibles a simple vista, como caries entre los dientes o problemas en las ra\u00edces de los dientes. Ofrecemos radiograf\u00edas periapicales, panor\u00e1micas y cefalom\u00e9tricas.\t\t\t\t\t\t\t\t<\/div>\n\t\t\t\t<\/div>\n\t\t\t\t<\/div>\n\t\t\t\t\t<\/div>\n\t\t\t\t<\/div>\n\t\t<div class=\"elementor-element elementor-element-598253c5 e-flex e-con-boxed e-con e-parent\" data-id=\"598253c5\" data-element_type=\"container\" data-e-type=\"container\">\n\t\t\t\t\t<div class=\"e-con-inner\">\n\t\t<div class=\"elementor-element elementor-element-3a1366fc e-con-full e-flex e-con e-child\" data-id=\"3a1366fc\" data-element_type=\"container\" data-e-type=\"container\">\n\t\t\t\t<div class=\"elementor-element elementor-element-10e5ad66 elementor-widget-tablet__width-auto elementor-widget elementor-widget-image\" data-id=\"10e5ad66\" data-element_type=\"widget\" data-e-type=\"widget\" data-widget_type=\"image.default\">\n\t\t\t\t<div class=\"elementor-widget-container\">\n\t\t\t\t\t\t\t\t\t\t\t\t\t\t\t<img fetchpriority=\"high\" decoding=\"async\" width=\"800\" height=\"800\" src=\"https:\/\/miramarfamilydental.com\/wp-content\/uploads\/2024\/03\/ilustracion-servicio-prevencion.jpg\" class=\"attachment-full size-full wp-image-2682\" alt=\"Servicios de prevenci\u00f3n y diagn\u00f3stico incluyen el cepillado diario y el uso de fluor\" srcset=\"https:\/\/miramarfamilydental.com\/wp-content\/uploads\/2024\/03\/ilustracion-servicio-prevencion.jpg 800w, https:\/\/miramarfamilydental.com\/wp-content\/uploads\/2024\/03\/ilustracion-servicio-prevencion-300x300.jpg 300w, https:\/\/miramarfamilydental.com\/wp-content\/uploads\/2024\/03\/ilustracion-servicio-prevencion-150x150.jpg 150w, https:\/\/miramarfamilydental.com\/wp-content\/uploads\/2024\/03\/ilustracion-servicio-prevencion-768x768.jpg 768w, https:\/\/miramarfamilydental.com\/wp-content\/uploads\/2024\/03\/ilustracion-servicio-prevencion-600x600.jpg 600w\" sizes=\"(max-width: 800px) 100vw, 800px\" title=\"\">\t\t\t\t\t\t\t\t\t\t\t\t\t\t\t<\/div>\n\t\t\t\t<\/div>\n\t\t\t\t<\/div>\n\t\t<div class=\"elementor-element elementor-element-b98d6ef e-con-full e-flex e-con e-child\" data-id=\"b98d6ef\" data-element_type=\"container\" data-e-type=\"container\">\n\t\t\t\t<div class=\"elementor-element elementor-element-2b6a926a elementor-widget-tablet__width-auto elementor-widget elementor-widget-image\" data-id=\"2b6a926a\" data-element_type=\"widget\" data-e-type=\"widget\" data-widget_type=\"image.default\">\n\t\t\t\t<div class=\"elementor-widget-container\">\n\t\t\t\t\t\t\t\t\t\t\t\t\t\t\t<img decoding=\"async\" width=\"683\" height=\"1024\" src=\"https:\/\/miramarfamilydental.com\/wp-content\/uploads\/2024\/03\/servicios-rayosx-683x1024.webp\" class=\"attachment-large size-large wp-image-3024\" alt=\"Realizaci\u00f3n de escaneado y radiograf\u00edas dentales\" srcset=\"https:\/\/miramarfamilydental.com\/wp-content\/uploads\/2024\/03\/servicios-rayosx-683x1024.webp 683w, https:\/\/miramarfamilydental.com\/wp-content\/uploads\/2024\/03\/servicios-rayosx-200x300.webp 200w, https:\/\/miramarfamilydental.com\/wp-content\/uploads\/2024\/03\/servicios-rayosx-768x1152.webp 768w, https:\/\/miramarfamilydental.com\/wp-content\/uploads\/2024\/03\/servicios-rayosx-1024x1536.webp 1024w, https:\/\/miramarfamilydental.com\/wp-content\/uploads\/2024\/03\/servicios-rayosx-1365x2048.webp 1365w, https:\/\/miramarfamilydental.com\/wp-content\/uploads\/2024\/03\/servicios-rayosx-scaled.webp 1707w\" sizes=\"(max-width: 683px) 100vw, 683px\" title=\"\">\t\t\t\t\t\t\t\t\t\t\t\t\t\t\t<\/div>\n\t\t\t\t<\/div>\n\t\t\t\t<\/div>\n\t\t<div class=\"elementor-element elementor-element-2f147810 e-con-full e-flex e-con e-child\" data-id=\"2f147810\" data-element_type=\"container\" data-e-type=\"container\">\n\t\t\t\t<div class=\"elementor-element elementor-element-7d7b4d55 elementor-widget-tablet__width-auto elementor-widget elementor-widget-image\" data-id=\"7d7b4d55\" data-element_type=\"widget\" data-e-type=\"widget\" data-widget_type=\"image.default\">\n\t\t\t\t<div class=\"elementor-widget-container\">\n\t\t\t\t\t\t\t\t\t\t\t\t\t\t\t<img decoding=\"async\" width=\"1024\" height=\"683\" src=\"https:\/\/miramarfamilydental.com\/wp-content\/uploads\/2024\/03\/servicios-limpieza-1024x683.webp\" class=\"attachment-large size-large wp-image-3026\" alt=\"\" srcset=\"https:\/\/miramarfamilydental.com\/wp-content\/uploads\/2024\/03\/servicios-limpieza-1024x683.webp 1024w, https:\/\/miramarfamilydental.com\/wp-content\/uploads\/2024\/03\/servicios-limpieza-300x200.webp 300w, https:\/\/miramarfamilydental.com\/wp-content\/uploads\/2024\/03\/servicios-limpieza-768x512.webp 768w, https:\/\/miramarfamilydental.com\/wp-content\/uploads\/2024\/03\/servicios-limpieza-1536x1024.webp 1536w, https:\/\/miramarfamilydental.com\/wp-content\/uploads\/2024\/03\/servicios-limpieza-2048x1365.webp 2048w\" sizes=\"(max-width: 1024px) 100vw, 1024px\" title=\"\">\t\t\t\t\t\t\t\t\t\t\t\t\t\t\t<\/div>\n\t\t\t\t<\/div>\n\t\t\t\t<\/div>\n\t\t<div class=\"elementor-element elementor-element-1b1d944f e-con-full e-flex e-con e-child\" data-id=\"1b1d944f\" data-element_type=\"container\" data-e-type=\"container\">\n\t\t\t\t<div class=\"elementor-element elementor-element-38e3bef0 elementor-widget elementor-widget-image\" data-id=\"38e3bef0\" data-element_type=\"widget\" data-e-type=\"widget\" data-widget_type=\"image.default\">\n\t\t\t\t<div class=\"elementor-widget-container\">\n\t\t\t\t\t\t\t\t\t\t\t\t\t\t\t<img loading=\"lazy\" decoding=\"async\" width=\"1024\" height=\"1024\" src=\"https:\/\/miramarfamilydental.com\/wp-content\/uploads\/2024\/03\/servicios-odontologia-preventiva-1024x1024.webp\" class=\"attachment-large size-large wp-image-2648\" alt=\"Servicio de Odontolog\u00eda Diagn\u00f3stica y preventiva en Miramar Family Dental\" srcset=\"https:\/\/miramarfamilydental.com\/wp-content\/uploads\/2024\/03\/servicios-odontologia-preventiva-1024x1024.webp 1024w, https:\/\/miramarfamilydental.com\/wp-content\/uploads\/2024\/03\/servicios-odontologia-preventiva-300x300.webp 300w, https:\/\/miramarfamilydental.com\/wp-content\/uploads\/2024\/03\/servicios-odontologia-preventiva-150x150.webp 150w, https:\/\/miramarfamilydental.com\/wp-content\/uploads\/2024\/03\/servicios-odontologia-preventiva-768x768.webp 768w, https:\/\/miramarfamilydental.com\/wp-content\/uploads\/2024\/03\/servicios-odontologia-preventiva-1536x1536.webp 1536w, https:\/\/miramarfamilydental.com\/wp-content\/uploads\/2024\/03\/servicios-odontologia-preventiva-2048x2048.webp 2048w, https:\/\/miramarfamilydental.com\/wp-content\/uploads\/2024\/03\/servicios-odontologia-preventiva-600x600.webp 600w\" sizes=\"(max-width: 1024px) 100vw, 1024px\" title=\"\">\t\t\t\t\t\t\t\t\t\t\t\t\t\t\t<\/div>\n\t\t\t\t<\/div>\n\t\t\t\t<\/div>\n\t\t<div class=\"elementor-element elementor-element-215c3d0f e-con-full e-flex e-con e-child\" data-id=\"215c3d0f\" data-element_type=\"container\" data-e-type=\"container\">\n\t\t\t\t<div class=\"elementor-element elementor-element-1e7c6d3 elementor-widget elementor-widget-heading\" data-id=\"1e7c6d3\" data-element_type=\"widget\" data-e-type=\"widget\" data-widget_type=\"heading.default\">\n\t\t\t\t<div class=\"elementor-widget-container\">\n\t\t\t\t\t<h2 class=\"elementor-heading-title elementor-size-default\">Es importante que cuides tu salud bucodental y que visites al dentista con regularidad para poder detectar cualquier problema a tiempo.<\/h2>\t\t\t\t<\/div>\n\t\t\t\t<\/div>\n\t\t\t\t<\/div>\n\t\t\t\t\t<\/div>\n\t\t\t\t<\/div>\n\t\t\t\t<\/div>\n\t\t","protected":false},"excerpt":{"rendered":"<p>Servicios odontol\u00f3gicos de diagn\u00f3stico y prevenci\u00f3n https:\/\/miramarfamilydental.com\/wp-content\/uploads\/2024\/10\/Examinando-paciente.mp4 La odontolog\u00eda diagn\u00f3stica y preventiva es una parte esencial de la atenci\u00f3n en Miramar Family Dental. Por eso, uno de uno de nuestros pilares es la prevenci\u00f3n.\u00a0Como m\u00e9dicos, tenemos la misi\u00f3n de curar, pero primero debemos enfocamos en prevenir las enfermedades dentales antes de que ocurran. Muchas de [&hellip;]<\/p>\n","protected":false},"author":1,"featured_media":2648,"parent":6704,"menu_order":0,"comment_status":"closed","ping_status":"closed","template":"","meta":{"footnotes":""},"class_list":["post-1016","page","type-page","status-publish","has-post-thumbnail","hentry"],"_links":{"self":[{"href":"https:\/\/miramarfamilydental.com\/es\/wp-json\/wp\/v2\/pages\/1016","targetHints":{"allow":["GET"]}}],"collection":[{"href":"https:\/\/miramarfamilydental.com\/es\/wp-json\/wp\/v2\/pages"}],"about":[{"href":"https:\/\/miramarfamilydental.com\/es\/wp-json\/wp\/v2\/types\/page"}],"author":[{"embeddable":true,"href":"https:\/\/miramarfamilydental.com\/es\/wp-json\/wp\/v2\/users\/1"}],"replies":[{"embeddable":true,"href":"https:\/\/miramarfamilydental.com\/es\/wp-json\/wp\/v2\/comments?post=1016"}],"version-history":[{"count":5,"href":"https:\/\/miramarfamilydental.com\/es\/wp-json\/wp\/v2\/pages\/1016\/revisions"}],"predecessor-version":[{"id":17937,"href":"https:\/\/miramarfamilydental.com\/es\/wp-json\/wp\/v2\/pages\/1016\/revisions\/17937"}],"up":[{"embeddable":true,"href":"https:\/\/miramarfamilydental.com\/es\/wp-json\/wp\/v2\/pages\/6704"}],"wp:featuredmedia":[{"embeddable":true,"href":"https:\/\/miramarfamilydental.com\/es\/wp-json\/wp\/v2\/media\/2648"}],"wp:attachment":[{"href":"https:\/\/miramarfamilydental.com\/es\/wp-json\/wp\/v2\/media?parent=1016"}],"curies":[{"name":"wp","href":"https:\/\/api.w.org\/{rel}","templated":true}]}}