{"id":1060,"date":"2024-02-24T08:33:38","date_gmt":"2024-02-24T14:33:38","guid":{"rendered":"https:\/\/miramarfamilydental.com\/?page_id=1060"},"modified":"2024-10-29T17:10:14","modified_gmt":"2024-10-29T22:10:14","slug":"odontologia-restauradora","status":"publish","type":"page","link":"https:\/\/miramarfamilydental.com\/es\/servicios-dentales\/odontologia-restauradora\/","title":{"rendered":"Odontolog\u00eda restauradora"},"content":{"rendered":"\t\t<div data-elementor-type=\"wp-page\" data-elementor-id=\"1060\" class=\"elementor elementor-1060\" data-elementor-post-type=\"page\">\n\t\t\t\t<div class=\"elementor-element elementor-element-9f8267e e-flex e-con-boxed e-con e-parent\" data-id=\"9f8267e\" data-element_type=\"container\" data-e-type=\"container\" data-settings=\"{&quot;background_background&quot;:&quot;classic&quot;}\">\n\t\t\t\t\t<div class=\"e-con-inner\">\n\t\t\t\t<div class=\"elementor-element elementor-element-715687f elementor-widget elementor-widget-heading\" data-id=\"715687f\" data-element_type=\"widget\" data-e-type=\"widget\" data-widget_type=\"heading.default\">\n\t\t\t\t<div class=\"elementor-widget-container\">\n\t\t\t\t\t<h1 class=\"elementor-heading-title elementor-size-default\">Servicios de <br \/>Odontolog\u00eda Restauradora<\/h1>\t\t\t\t<\/div>\n\t\t\t\t<\/div>\n\t\t\t\t\t<\/div>\n\t\t\t\t<\/div>\n\t\t<div class=\"elementor-element elementor-element-e95fa0e e-flex e-con-boxed e-con e-parent\" data-id=\"e95fa0e\" data-element_type=\"container\" data-e-type=\"container\">\n\t\t\t\t\t<div class=\"e-con-inner\">\n\t\t\t\t<div class=\"elementor-element elementor-element-5fd3957 elementor-widget__width-initial elementor-widget-mobile__width-inherit elementor-widget elementor-widget-video\" data-id=\"5fd3957\" data-element_type=\"widget\" data-e-type=\"widget\" data-settings=\"{&quot;video_type&quot;:&quot;hosted&quot;,&quot;controls&quot;:&quot;yes&quot;}\" data-widget_type=\"video.default\">\n\t\t\t\t<div class=\"elementor-widget-container\">\n\t\t\t\t\t\t\t<div class=\"e-hosted-video elementor-wrapper elementor-open-inline\">\n\t\t\t\t\t<video class=\"elementor-video\" src=\"https:\/\/miramarfamilydental.com\/wp-content\/uploads\/2024\/03\/4774134_Dentist_Drilling_Sick_1280x720.mp4\" controls=\"\" preload=\"metadata\" controlsList=\"nodownload\"><\/video>\n\t\t\t\t<\/div>\n\t\t\t\t\t\t<\/div>\n\t\t\t\t<\/div>\n\t\t\t\t<div class=\"elementor-element elementor-element-0609779 elementor-widget__width-initial elementor-widget-mobile__width-inherit elementor-widget elementor-widget-text-editor\" data-id=\"0609779\" data-element_type=\"widget\" data-e-type=\"widget\" data-widget_type=\"text-editor.default\">\n\t\t\t\t<div class=\"elementor-widget-container\">\n\t\t\t\t\t\t\t\t\tPara una amplia gama de problemas dentales, desde caries y fracturas hasta p\u00e9rdida de dientes, los procedimientos de odontolog\u00eda restauradora incluyen empastes, coronas (fundas), puentes e implantes dentales. En MiraMar Family Dental somos expertos en reparar, restaurar o reemplazar dientes da\u00f1ados, cariados o faltantes.\u00a0 Estos tratamientos buscan mejorar la salud oral, restaurar la funci\u00f3n masticatoria y lograr una sonrisa est\u00e9ticamente agradable. Todos nuestros procedimientos y servicios de restauraci\u00f3n se adaptan a las necesidades individuales de cada paciente.\t\t\t\t\t\t\t\t<\/div>\n\t\t\t\t<\/div>\n\t\t\t\t\t<\/div>\n\t\t\t\t<\/div>\n\t\t<div class=\"elementor-element elementor-element-54157421 e-flex e-con-boxed e-con e-child\" data-id=\"54157421\" data-element_type=\"container\" data-e-type=\"container\">\n\t\t\t\t\t<div class=\"e-con-inner\">\n\t\t\t\t<div class=\"elementor-element elementor-element-1bb62f71 elementor-widget elementor-widget-heading\" data-id=\"1bb62f71\" data-element_type=\"widget\" data-e-type=\"widget\" data-widget_type=\"heading.default\">\n\t\t\t\t<div class=\"elementor-widget-container\">\n\t\t\t\t\t<h2 class=\"elementor-heading-title elementor-size-default\">Procedimientos y servicios m\u00e1s recurrentes <\/h2>\t\t\t\t<\/div>\n\t\t\t\t<\/div>\n\t\t<div class=\"elementor-element elementor-element-41f0b661 e-con-full e-flex e-con e-child\" data-id=\"41f0b661\" data-element_type=\"container\" data-e-type=\"container\">\n\t\t\t\t<div class=\"elementor-element elementor-element-3efa290e elementor-widget__width-initial elementor-widget-mobile__width-inherit elementor-widget elementor-widget-heading\" data-id=\"3efa290e\" data-element_type=\"widget\" data-e-type=\"widget\" data-widget_type=\"heading.default\">\n\t\t\t\t<div class=\"elementor-widget-container\">\n\t\t\t\t\t<h3 class=\"elementor-heading-title elementor-size-default\">Inlays y onlays de ceramica<\/h3>\t\t\t\t<\/div>\n\t\t\t\t<\/div>\n\t\t\t\t<div class=\"elementor-element elementor-element-6e0f00f3 elementor-widget__width-initial elementor-widget-mobile__width-inherit elementor-widget elementor-widget-text-editor\" data-id=\"6e0f00f3\" data-element_type=\"widget\" data-e-type=\"widget\" data-widget_type=\"text-editor.default\">\n\t\t\t\t<div class=\"elementor-widget-container\">\n\t\t\t\t\t\t\t\t\t<p>Las incrustaciones inlays y onlays de cer\u00e1mica son restauraciones utilizadas para tratar caries o fracturas en los dientes. Las inlays se utilizan para reparar dientes cariados en las c\u00faspides dentales, mientras que las onlays son adecuadas para tratar caries en la parte central del diente o en varias c\u00faspides dentales a la vez. Estas restauraciones proporcionan mayor resistencia al diente y mejoran su apariencia est\u00e9tica, sin necesidad de reducir o da\u00f1ar el nervio dental.<\/p>\t\t\t\t\t\t\t\t<\/div>\n\t\t\t\t<\/div>\n\t\t\t\t<\/div>\n\t\t<div class=\"elementor-element elementor-element-65a2998 e-con-full e-flex e-con e-child\" data-id=\"65a2998\" data-element_type=\"container\" data-e-type=\"container\">\n\t\t\t\t<div class=\"elementor-element elementor-element-103e80c elementor-widget__width-initial elementor-widget-mobile__width-inherit elementor-widget elementor-widget-heading\" data-id=\"103e80c\" data-element_type=\"widget\" data-e-type=\"widget\" data-widget_type=\"heading.default\">\n\t\t\t\t<div class=\"elementor-widget-container\">\n\t\t\t\t\t<h3 class=\"elementor-heading-title elementor-size-default\">Coronas Dentales<\/h3>\t\t\t\t<\/div>\n\t\t\t\t<\/div>\n\t\t\t\t<div class=\"elementor-element elementor-element-c27b598 elementor-widget__width-initial elementor-widget-mobile__width-inherit elementor-widget elementor-widget-text-editor\" data-id=\"c27b598\" data-element_type=\"widget\" data-e-type=\"widget\" data-widget_type=\"text-editor.default\">\n\t\t\t\t<div class=\"elementor-widget-container\">\n\t\t\t\t\t\t\t\t\t<p>Las coronas dentales son fundas que se colocan sobre dientes debilitados por caries o traumatismos.\u00a0<span style=\"font-family: 'Open Sans', sans-serif; font-size: 18px; font-style: normal; font-variant-ligatures: normal; font-variant-caps: normal; font-weight: 400; color: var( --e-global-color-secondary ); letter-spacing: var( --e-global-typography-text-letter-spacing ); text-align: var(--text-align);\">Se utilizan para restaurar la forma, funci\u00f3n y est\u00e9tica de los dientes da\u00f1ados.\u00a0<\/span><span style=\"font-size: 18px; color: var( --e-global-color-secondary ); letter-spacing: var( --e-global-typography-text-letter-spacing ); text-align: var(--text-align);\">Las coronas cubren todo el diente y proporcionan protecci\u00f3n y soporte.\u00a0<\/span><span style=\"font-size: 18px; color: var( --e-global-color-secondary ); letter-spacing: var( --e-global-typography-text-letter-spacing ); text-align: var(--text-align);\">Pueden estar hechas de porcelana (que son m\u00e1s est\u00e9ticas y duraderas), de porcelana fundida a metal o de cer\u00e1mica (estas son m\u00e1s econ\u00f3micas).<\/span><\/p>\t\t\t\t\t\t\t\t<\/div>\n\t\t\t\t<\/div>\n\t\t\t\t<\/div>\n\t\t<div class=\"elementor-element elementor-element-c477c39 e-con-full e-flex e-con e-child\" data-id=\"c477c39\" data-element_type=\"container\" data-e-type=\"container\">\n\t\t\t\t<div class=\"elementor-element elementor-element-5039f74 elementor-widget__width-initial elementor-widget-mobile__width-inherit elementor-widget elementor-widget-heading\" data-id=\"5039f74\" data-element_type=\"widget\" data-e-type=\"widget\" data-widget_type=\"heading.default\">\n\t\t\t\t<div class=\"elementor-widget-container\">\n\t\t\t\t\t<h3 class=\"elementor-heading-title elementor-size-default\">Puentes Dentales<\/h3>\t\t\t\t<\/div>\n\t\t\t\t<\/div>\n\t\t\t\t<div class=\"elementor-element elementor-element-f8489a2 elementor-widget__width-initial elementor-widget-mobile__width-inherit elementor-widget elementor-widget-text-editor\" data-id=\"f8489a2\" data-element_type=\"widget\" data-e-type=\"widget\" data-widget_type=\"text-editor.default\">\n\t\t\t\t<div class=\"elementor-widget-container\">\n\t\t\t\t\t\t\t\t\t<p>Es un procedimiento que se utiliza para reemplazar uno o m\u00e1s piezas faltantes. Consiste en la colocaci\u00f3n de un puente dental, que es una estructura compuesta por uno o varios dientes o molares artificiales unidos a coronas que se adhieren a las piezas naturales adyacentes. Este tratamiento restaura la funcionalidad y est\u00e9tica de la sonrisa, permitiendo a los pacientes masticar, hablar y sonre\u00edr con confianza. Pueden ser fijos o removibles.<\/p>\t\t\t\t\t\t\t\t<\/div>\n\t\t\t\t<\/div>\n\t\t\t\t<\/div>\n\t\t<div class=\"elementor-element elementor-element-5830156 e-con-full e-flex e-con e-child\" data-id=\"5830156\" data-element_type=\"container\" data-e-type=\"container\">\n\t\t\t\t<div class=\"elementor-element elementor-element-ecbbb9f elementor-widget__width-initial elementor-widget-mobile__width-inherit elementor-widget elementor-widget-heading\" data-id=\"ecbbb9f\" data-element_type=\"widget\" data-e-type=\"widget\" data-widget_type=\"heading.default\">\n\t\t\t\t<div class=\"elementor-widget-container\">\n\t\t\t\t\t<h3 class=\"elementor-heading-title elementor-size-default\">Empastes y restauraciones<\/h3>\t\t\t\t<\/div>\n\t\t\t\t<\/div>\n\t\t\t\t<div class=\"elementor-element elementor-element-ef85297 elementor-widget__width-initial elementor-widget-mobile__width-inherit elementor-widget elementor-widget-text-editor\" data-id=\"ef85297\" data-element_type=\"widget\" data-e-type=\"widget\" data-widget_type=\"text-editor.default\">\n\t\t\t\t<div class=\"elementor-widget-container\">\n\t\t\t\t\t\t\t\t\t<p>Un empaste dental, tambi\u00e9n conocido como obturaci\u00f3n dental, es un procedimiento que se realiza para tratar una caries en su fase inicial. Consiste en eliminar la caries de la pieza dental afectada, limpiar la cavidad donde estaba y rellenarla con un material llamado composite. El objetivo principal de un empaste dental es eliminar la caries y evitar que se propague, restaurando la funci\u00f3n y la est\u00e9tica del diente afectado.<\/p>\t\t\t\t\t\t\t\t<\/div>\n\t\t\t\t<\/div>\n\t\t\t\t<\/div>\n\t\t<div class=\"elementor-element elementor-element-4e593ad e-con-full e-flex e-con e-child\" data-id=\"4e593ad\" data-element_type=\"container\" data-e-type=\"container\">\n\t\t\t\t<div class=\"elementor-element elementor-element-364438b elementor-widget__width-initial elementor-widget-mobile__width-inherit elementor-widget elementor-widget-heading\" data-id=\"364438b\" data-element_type=\"widget\" data-e-type=\"widget\" data-widget_type=\"heading.default\">\n\t\t\t\t<div class=\"elementor-widget-container\">\n\t\t\t\t\t<h3 class=\"elementor-heading-title elementor-size-default\">Prostodoncia<\/h3>\t\t\t\t<\/div>\n\t\t\t\t<\/div>\n\t\t\t\t<div class=\"elementor-element elementor-element-400d880 elementor-widget__width-initial elementor-widget-mobile__width-inherit elementor-widget elementor-widget-text-editor\" data-id=\"400d880\" data-element_type=\"widget\" data-e-type=\"widget\" data-widget_type=\"text-editor.default\">\n\t\t\t\t<div class=\"elementor-widget-container\">\n\t\t\t\t\t\t\t\t\t<p>Nos ocupamos de la restauraci\u00f3n y reemplazo de los dientes perdidos o da\u00f1ados para mejorar la funci\u00f3n masticatoria, la est\u00e9tica dental de la sonrisa, pero sobre todo: la salud bucal y general del paciente. Los tratamientos son totalmente personalizados, y pueden ser para unas pocas piezas dentales o hasta para la rehabilitaci\u00f3n completa de toda la dentadura del paciente.<\/p>\t\t\t\t\t\t\t\t<\/div>\n\t\t\t\t<\/div>\n\t\t\t\t<\/div>\n\t\t\t\t\t<\/div>\n\t\t\t\t<\/div>\n\t\t<div class=\"elementor-element elementor-element-5888eec1 e-flex e-con-boxed e-con e-parent\" data-id=\"5888eec1\" data-element_type=\"container\" data-e-type=\"container\">\n\t\t\t\t\t<div class=\"e-con-inner\">\n\t\t<div class=\"elementor-element elementor-element-49bc9a0f e-con-full e-flex e-con e-child\" data-id=\"49bc9a0f\" data-element_type=\"container\" data-e-type=\"container\">\n\t\t\t\t<div class=\"elementor-element elementor-element-501e1004 elementor-widget-tablet__width-auto elementor-widget elementor-widget-image\" data-id=\"501e1004\" data-element_type=\"widget\" data-e-type=\"widget\" data-widget_type=\"image.default\">\n\t\t\t\t<div class=\"elementor-widget-container\">\n\t\t\t\t\t\t\t\t\t\t\t\t\t\t\t<img fetchpriority=\"high\" decoding=\"async\" width=\"734\" height=\"1024\" src=\"https:\/\/miramarfamilydental.com\/wp-content\/uploads\/2024\/03\/puente-dental-734x1024.webp\" class=\"attachment-large size-large wp-image-2984\" alt=\"\" srcset=\"https:\/\/miramarfamilydental.com\/wp-content\/uploads\/2024\/03\/puente-dental-734x1024.webp 734w, https:\/\/miramarfamilydental.com\/wp-content\/uploads\/2024\/03\/puente-dental-215x300.webp 215w, https:\/\/miramarfamilydental.com\/wp-content\/uploads\/2024\/03\/puente-dental-768x1072.webp 768w, https:\/\/miramarfamilydental.com\/wp-content\/uploads\/2024\/03\/puente-dental.webp 860w\" sizes=\"(max-width: 734px) 100vw, 734px\" title=\"\">\t\t\t\t\t\t\t\t\t\t\t\t\t\t\t<\/div>\n\t\t\t\t<\/div>\n\t\t\t\t<\/div>\n\t\t<div class=\"elementor-element elementor-element-31ab9f60 e-con-full e-flex e-con e-child\" data-id=\"31ab9f60\" data-element_type=\"container\" data-e-type=\"container\">\n\t\t\t\t<div class=\"elementor-element elementor-element-65b4959a elementor-widget-tablet__width-auto elementor-widget elementor-widget-image\" data-id=\"65b4959a\" data-element_type=\"widget\" data-e-type=\"widget\" data-widget_type=\"image.default\">\n\t\t\t\t<div class=\"elementor-widget-container\">\n\t\t\t\t\t\t\t\t\t\t\t\t\t\t\t<img decoding=\"async\" width=\"734\" height=\"1024\" src=\"https:\/\/miramarfamilydental.com\/wp-content\/uploads\/2024\/03\/corona-dental-734x1024.webp\" class=\"attachment-large size-large wp-image-2986\" alt=\"\" srcset=\"https:\/\/miramarfamilydental.com\/wp-content\/uploads\/2024\/03\/corona-dental-734x1024.webp 734w, https:\/\/miramarfamilydental.com\/wp-content\/uploads\/2024\/03\/corona-dental-215x300.webp 215w, https:\/\/miramarfamilydental.com\/wp-content\/uploads\/2024\/03\/corona-dental-768x1072.webp 768w, https:\/\/miramarfamilydental.com\/wp-content\/uploads\/2024\/03\/corona-dental.webp 860w\" sizes=\"(max-width: 734px) 100vw, 734px\" title=\"\">\t\t\t\t\t\t\t\t\t\t\t\t\t\t\t<\/div>\n\t\t\t\t<\/div>\n\t\t\t\t<\/div>\n\t\t<div class=\"elementor-element elementor-element-7bd06fb e-con-full e-flex e-con e-child\" data-id=\"7bd06fb\" data-element_type=\"container\" data-e-type=\"container\">\n\t\t\t\t<div class=\"elementor-element elementor-element-4e2bfb37 elementor-widget-tablet__width-auto elementor-widget elementor-widget-image\" data-id=\"4e2bfb37\" data-element_type=\"widget\" data-e-type=\"widget\" data-widget_type=\"image.default\">\n\t\t\t\t<div class=\"elementor-widget-container\">\n\t\t\t\t\t\t\t\t\t\t\t\t\t\t\t<img decoding=\"async\" width=\"1024\" height=\"1024\" src=\"https:\/\/miramarfamilydental.com\/wp-content\/uploads\/2024\/03\/tecnico-dentadura-1024x1024.webp\" class=\"attachment-large size-large wp-image-3001\" alt=\"\" srcset=\"https:\/\/miramarfamilydental.com\/wp-content\/uploads\/2024\/03\/tecnico-dentadura-1024x1024.webp 1024w, https:\/\/miramarfamilydental.com\/wp-content\/uploads\/2024\/03\/tecnico-dentadura-300x300.webp 300w, https:\/\/miramarfamilydental.com\/wp-content\/uploads\/2024\/03\/tecnico-dentadura-150x150.webp 150w, https:\/\/miramarfamilydental.com\/wp-content\/uploads\/2024\/03\/tecnico-dentadura-768x768.webp 768w, https:\/\/miramarfamilydental.com\/wp-content\/uploads\/2024\/03\/tecnico-dentadura-1536x1536.webp 1536w, https:\/\/miramarfamilydental.com\/wp-content\/uploads\/2024\/03\/tecnico-dentadura-2048x2048.webp 2048w, https:\/\/miramarfamilydental.com\/wp-content\/uploads\/2024\/03\/tecnico-dentadura-600x600.webp 600w\" sizes=\"(max-width: 1024px) 100vw, 1024px\" title=\"\">\t\t\t\t\t\t\t\t\t\t\t\t\t\t\t<\/div>\n\t\t\t\t<\/div>\n\t\t\t\t<\/div>\n\t\t<div class=\"elementor-element elementor-element-7a1b2070 e-con-full e-flex e-con e-child\" data-id=\"7a1b2070\" data-element_type=\"container\" data-e-type=\"container\">\n\t\t\t\t<div class=\"elementor-element elementor-element-164328fc elementor-widget elementor-widget-image\" data-id=\"164328fc\" data-element_type=\"widget\" data-e-type=\"widget\" data-widget_type=\"image.default\">\n\t\t\t\t<div class=\"elementor-widget-container\">\n\t\t\t\t\t\t\t\t\t\t\t\t\t\t\t<img loading=\"lazy\" decoding=\"async\" width=\"1024\" height=\"1024\" src=\"https:\/\/miramarfamilydental.com\/wp-content\/uploads\/2024\/03\/image-1-1024x1024.webp\" class=\"attachment-large size-large wp-image-2652\" alt=\"Servicios de Odontolog\u00eda Diagn\u00f3stica y Preventiva en Miramar Family Dental\" srcset=\"https:\/\/miramarfamilydental.com\/wp-content\/uploads\/2024\/03\/image-1-1024x1024.webp 1024w, https:\/\/miramarfamilydental.com\/wp-content\/uploads\/2024\/03\/image-1-300x300.webp 300w, https:\/\/miramarfamilydental.com\/wp-content\/uploads\/2024\/03\/image-1-150x150.webp 150w, https:\/\/miramarfamilydental.com\/wp-content\/uploads\/2024\/03\/image-1-768x768.webp 768w, https:\/\/miramarfamilydental.com\/wp-content\/uploads\/2024\/03\/image-1-1536x1536.webp 1536w, https:\/\/miramarfamilydental.com\/wp-content\/uploads\/2024\/03\/image-1-2048x2048.webp 2048w, https:\/\/miramarfamilydental.com\/wp-content\/uploads\/2024\/03\/image-1-600x600.webp 600w\" sizes=\"(max-width: 1024px) 100vw, 1024px\" title=\"\">\t\t\t\t\t\t\t\t\t\t\t\t\t\t\t<\/div>\n\t\t\t\t<\/div>\n\t\t\t\t<\/div>\n\t\t<div class=\"elementor-element elementor-element-6a60861c e-con-full e-flex e-con e-child\" data-id=\"6a60861c\" data-element_type=\"container\" data-e-type=\"container\">\n\t\t\t\t<div class=\"elementor-element elementor-element-35fe7cd elementor-widget elementor-widget-text-editor\" data-id=\"35fe7cd\" data-element_type=\"widget\" data-e-type=\"widget\" data-widget_type=\"text-editor.default\">\n\t\t\t\t<div class=\"elementor-widget-container\">\n\t\t\t\t\t\t\t\t\t<p>En Miramar Family Dental te ofrecemos soluciones personalizadas y duraderas para devolver la funcionalidad y la belleza a tu sonrisa.<\/p>\t\t\t\t\t\t\t\t<\/div>\n\t\t\t\t<\/div>\n\t\t\t\t<\/div>\n\t\t\t\t\t<\/div>\n\t\t\t\t<\/div>\n\t\t\t\t<\/div>\n\t\t","protected":false},"excerpt":{"rendered":"<p>Servicios de Odontolog\u00eda Restauradora https:\/\/miramarfamilydental.com\/wp-content\/uploads\/2024\/03\/4774134_Dentist_Drilling_Sick_1280x720.mp4Para una amplia gama de problemas dentales, desde caries y fracturas hasta p\u00e9rdida de dientes, los procedimientos de odontolog\u00eda restauradora incluyen empastes, coronas (fundas), puentes e implantes dentales. En MiraMar Family Dental somos expertos en reparar, restaurar o reemplazar dientes da\u00f1ados, cariados o faltantes.\u00a0 Estos tratamientos buscan mejorar la salud oral, [&hellip;]<\/p>\n","protected":false},"author":1,"featured_media":2093,"parent":6704,"menu_order":0,"comment_status":"closed","ping_status":"closed","template":"","meta":{"footnotes":""},"class_list":["post-1060","page","type-page","status-publish","has-post-thumbnail","hentry"],"_links":{"self":[{"href":"https:\/\/miramarfamilydental.com\/es\/wp-json\/wp\/v2\/pages\/1060","targetHints":{"allow":["GET"]}}],"collection":[{"href":"https:\/\/miramarfamilydental.com\/es\/wp-json\/wp\/v2\/pages"}],"about":[{"href":"https:\/\/miramarfamilydental.com\/es\/wp-json\/wp\/v2\/types\/page"}],"author":[{"embeddable":true,"href":"https:\/\/miramarfamilydental.com\/es\/wp-json\/wp\/v2\/users\/1"}],"replies":[{"embeddable":true,"href":"https:\/\/miramarfamilydental.com\/es\/wp-json\/wp\/v2\/comments?post=1060"}],"version-history":[{"count":0,"href":"https:\/\/miramarfamilydental.com\/es\/wp-json\/wp\/v2\/pages\/1060\/revisions"}],"up":[{"embeddable":true,"href":"https:\/\/miramarfamilydental.com\/es\/wp-json\/wp\/v2\/pages\/6704"}],"wp:featuredmedia":[{"embeddable":true,"href":"https:\/\/miramarfamilydental.com\/es\/wp-json\/wp\/v2\/media\/2093"}],"wp:attachment":[{"href":"https:\/\/miramarfamilydental.com\/es\/wp-json\/wp\/v2\/media?parent=1060"}],"curies":[{"name":"wp","href":"https:\/\/api.w.org\/{rel}","templated":true}]}}