{"id":1081,"date":"2024-02-24T09:21:24","date_gmt":"2024-02-24T15:21:24","guid":{"rendered":"https:\/\/miramarfamilydental.com\/?page_id=1081"},"modified":"2024-10-29T19:01:06","modified_gmt":"2024-10-30T00:01:06","slug":"otros-servicios-y-tratamientos","status":"publish","type":"page","link":"https:\/\/miramarfamilydental.com\/es\/servicios-dentales\/otros-servicios-y-tratamientos\/","title":{"rendered":"Otros servicios y tratamientos"},"content":{"rendered":"\t\t<div data-elementor-type=\"wp-page\" data-elementor-id=\"1081\" class=\"elementor elementor-1081\" data-elementor-post-type=\"page\">\n\t\t\t\t<div class=\"elementor-element elementor-element-8b2e1f9 e-flex e-con-boxed e-con e-parent\" data-id=\"8b2e1f9\" data-element_type=\"container\" data-e-type=\"container\" data-settings=\"{&quot;background_background&quot;:&quot;classic&quot;}\">\n\t\t\t\t\t<div class=\"e-con-inner\">\n\t\t\t\t<div class=\"elementor-element elementor-element-b1b45bf elementor-widget elementor-widget-heading\" data-id=\"b1b45bf\" data-element_type=\"widget\" data-e-type=\"widget\" data-widget_type=\"heading.default\">\n\t\t\t\t<div class=\"elementor-widget-container\">\n\t\t\t\t\t<h1 class=\"elementor-heading-title elementor-size-default\">Otros servicios y <br \/>tratamientos dentales<\/h1>\t\t\t\t<\/div>\n\t\t\t\t<\/div>\n\t\t\t\t\t<\/div>\n\t\t\t\t<\/div>\n\t\t<div class=\"elementor-element elementor-element-6f4aae1 e-flex e-con-boxed e-con e-parent\" data-id=\"6f4aae1\" data-element_type=\"container\" data-e-type=\"container\">\n\t\t\t\t\t<div class=\"e-con-inner\">\n\t\t\t\t<div class=\"elementor-element elementor-element-70b2200c elementor-widget__width-initial elementor-widget-mobile__width-inherit elementor-widget elementor-widget-video\" data-id=\"70b2200c\" data-element_type=\"widget\" data-e-type=\"widget\" data-settings=\"{&quot;video_type&quot;:&quot;hosted&quot;,&quot;controls&quot;:&quot;yes&quot;}\" data-widget_type=\"video.default\">\n\t\t\t\t<div class=\"elementor-widget-container\">\n\t\t\t\t\t\t\t<div class=\"e-hosted-video elementor-wrapper elementor-open-inline\">\n\t\t\t\t\t<video class=\"elementor-video\" src=\"https:\/\/miramarfamilydental.com\/wp-content\/uploads\/2024\/03\/servicios-otros-tramientos.mp4\" controls=\"\" preload=\"metadata\" controlsList=\"nodownload\"><\/video>\n\t\t\t\t<\/div>\n\t\t\t\t\t\t<\/div>\n\t\t\t\t<\/div>\n\t\t\t\t<div class=\"elementor-element elementor-element-3d8bd65 elementor-widget__width-initial elementor-widget-mobile__width-inherit elementor-widget elementor-widget-text-editor\" data-id=\"3d8bd65\" data-element_type=\"widget\" data-e-type=\"widget\" data-widget_type=\"text-editor.default\">\n\t\t\t\t<div class=\"elementor-widget-container\">\n\t\t\t\t\t\t\t\t\tEn MiraMar Family Dental estamos comprometidos con ofrecer una atenci\u00f3n integral a cada uno de nuestros pacientes.\u00a0Nuestro compromiso contigo es ofrecerte un cuidado integral considerando tu salud bucodental en conjunto con tu bienestar general.\u00a0Por eso, adem\u00e1s de los servicios odontol\u00f3gicos generales, ofrecemos una amplia gama de otros servicios y tratamientos dentales para cubrir y atender tus necesidades, preferencias y posibilidades individuales.\u00a0\t\t\t\t\t\t\t\t<\/div>\n\t\t\t\t<\/div>\n\t\t\t\t\t<\/div>\n\t\t\t\t<\/div>\n\t\t<div class=\"elementor-element elementor-element-26d1fcc0 e-flex e-con-boxed e-con e-child\" data-id=\"26d1fcc0\" data-element_type=\"container\" data-e-type=\"container\">\n\t\t\t\t\t<div class=\"e-con-inner\">\n\t\t\t\t<div class=\"elementor-element elementor-element-681854b elementor-widget elementor-widget-heading\" data-id=\"681854b\" data-element_type=\"widget\" data-e-type=\"widget\" data-widget_type=\"heading.default\">\n\t\t\t\t<div class=\"elementor-widget-container\">\n\t\t\t\t\t<h2 class=\"elementor-heading-title elementor-size-default\">Cubrimos otros servicios y tratamientos como:<\/h2>\t\t\t\t<\/div>\n\t\t\t\t<\/div>\n\t\t<div class=\"elementor-element elementor-element-374b1dda e-con-full e-flex e-con e-child\" data-id=\"374b1dda\" data-element_type=\"container\" data-e-type=\"container\">\n\t\t\t\t<div class=\"elementor-element elementor-element-46320dfa elementor-widget__width-initial elementor-widget-mobile__width-inherit elementor-widget elementor-widget-heading\" data-id=\"46320dfa\" data-element_type=\"widget\" data-e-type=\"widget\" data-widget_type=\"heading.default\">\n\t\t\t\t<div class=\"elementor-widget-container\">\n\t\t\t\t\t<h3 class=\"elementor-heading-title elementor-size-default\">Terapia de la ATM<\/h3>\t\t\t\t<\/div>\n\t\t\t\t<\/div>\n\t\t\t\t<div class=\"elementor-element elementor-element-16b89aae elementor-widget__width-initial elementor-widget-mobile__width-inherit elementor-widget elementor-widget-text-editor\" data-id=\"16b89aae\" data-element_type=\"widget\" data-e-type=\"widget\" data-widget_type=\"text-editor.default\">\n\t\t\t\t<div class=\"elementor-widget-container\">\n\t\t\t\t\t\t\t\t\t<p>La articulaci\u00f3n temporomandibular (ATM) es la que conecta la mand\u00edbula con el cr\u00e1neo. Los problemas de la ATM pueden causar dolor facial, chasquidos o ruidos al abrir la boca, y dificultad para masticar. En Miramar Family Dental contamos con especialistas en el tratamiento de los trastornos de la ATM, que te ayudar\u00e1n a aliviar el dolor y mejorar la funci\u00f3n de la articulaci\u00f3n.<\/p>\t\t\t\t\t\t\t\t<\/div>\n\t\t\t\t<\/div>\n\t\t\t\t<\/div>\n\t\t<div class=\"elementor-element elementor-element-b1ad195 e-con-full e-flex e-con e-child\" data-id=\"b1ad195\" data-element_type=\"container\" data-e-type=\"container\">\n\t\t\t\t<div class=\"elementor-element elementor-element-8ee180c elementor-widget__width-initial elementor-widget-mobile__width-inherit elementor-widget elementor-widget-heading\" data-id=\"8ee180c\" data-element_type=\"widget\" data-e-type=\"widget\" data-widget_type=\"heading.default\">\n\t\t\t\t<div class=\"elementor-widget-container\">\n\t\t\t\t\t<h3 class=\"elementor-heading-title elementor-size-default\">Emergencias dentales<\/h3>\t\t\t\t<\/div>\n\t\t\t\t<\/div>\n\t\t\t\t<div class=\"elementor-element elementor-element-9ee364b elementor-widget__width-initial elementor-widget-mobile__width-inherit elementor-widget elementor-widget-text-editor\" data-id=\"9ee364b\" data-element_type=\"widget\" data-e-type=\"widget\" data-widget_type=\"text-editor.default\">\n\t\t\t\t<div class=\"elementor-widget-container\">\n\t\t\t\t\t\t\t\t\t<p data-sourcepos=\"11:1-11:358\">Entendemos que las urgencias dentales pueden surgir en cualquier momento. No dudes en contactarnos si presentas: dolor de dientes, muelas o cordales, sangrado e inflamaci\u00f3n de las enc\u00edas, infecciones y abscesos, complicaciones posquir\u00fargicas, dientes rotos, agrietados o astillados, restauraciones que se han ca\u00eddo, emergencias de ortodoncia, entre otros.&nbsp;<\/p>\t\t\t\t\t\t\t\t<\/div>\n\t\t\t\t<\/div>\n\t\t\t\t<\/div>\n\t\t<div class=\"elementor-element elementor-element-564254f e-con-full e-flex e-con e-child\" data-id=\"564254f\" data-element_type=\"container\" data-e-type=\"container\">\n\t\t\t\t<div class=\"elementor-element elementor-element-c10a23e elementor-widget__width-initial elementor-widget-mobile__width-inherit elementor-widget elementor-widget-heading\" data-id=\"c10a23e\" data-element_type=\"widget\" data-e-type=\"widget\" data-widget_type=\"heading.default\">\n\t\t\t\t<div class=\"elementor-widget-container\">\n\t\t\t\t\t<h3 class=\"elementor-heading-title elementor-size-default\">Bruxismo y apnea de sue\u00f1o<\/h3>\t\t\t\t<\/div>\n\t\t\t\t<\/div>\n\t\t\t\t<div class=\"elementor-element elementor-element-51dd27d elementor-widget__width-initial elementor-widget-mobile__width-inherit elementor-widget elementor-widget-text-editor\" data-id=\"51dd27d\" data-element_type=\"widget\" data-e-type=\"widget\" data-widget_type=\"text-editor.default\">\n\t\t\t\t<div class=\"elementor-widget-container\">\n\t\t\t\t\t\t\t\t\t<p data-sourcepos=\"11:1-11:358\">El bruxismo es el h\u00e1bito involuntario de rechinar o apretar los dientes, generalmente durante el sue\u00f1o. La apnea del sue\u00f1o es un trastorno respiratorio que se caracteriza por la interrupci\u00f3n repetida de la respiraci\u00f3n durante el sue\u00f1o. Ambos trastornos pueden tener graves consecuencias para la salud bucodental y general. En nuestra cl\u00ednica, podemos diagnosticar y tratar el bruxismo y la apnea del sue\u00f1o con diferentes t\u00e9cnicas, como f\u00e9rulas de descarga o dispositivos de avance mandibular.<\/p>\t\t\t\t\t\t\t\t<\/div>\n\t\t\t\t<\/div>\n\t\t\t\t<\/div>\n\t\t<div class=\"elementor-element elementor-element-fc80a8a e-con-full e-flex e-con e-child\" data-id=\"fc80a8a\" data-element_type=\"container\" data-e-type=\"container\">\n\t\t\t\t<div class=\"elementor-element elementor-element-905cd54 elementor-widget__width-initial elementor-widget-mobile__width-inherit elementor-widget elementor-widget-heading\" data-id=\"905cd54\" data-element_type=\"widget\" data-e-type=\"widget\" data-widget_type=\"heading.default\">\n\t\t\t\t<div class=\"elementor-widget-container\">\n\t\t\t\t\t<h3 class=\"elementor-heading-title elementor-size-default\">Odontolog\u00eda con sedaci\u00f3n<\/h3>\t\t\t\t<\/div>\n\t\t\t\t<\/div>\n\t\t\t\t<div class=\"elementor-element elementor-element-33d9128 elementor-widget__width-initial elementor-widget-mobile__width-inherit elementor-widget elementor-widget-text-editor\" data-id=\"33d9128\" data-element_type=\"widget\" data-e-type=\"widget\" data-widget_type=\"text-editor.default\">\n\t\t\t\t<div class=\"elementor-widget-container\">\n\t\t\t\t\t\t\t\t\t<p>Para aquellos pacientes que sienten ansiedad o miedo al dentista, ofrecemos la posibilidad de realizar los tratamientos dentales con sedaci\u00f3n. La sedaci\u00f3n consiste en la administraci\u00f3n de medicamentos que ayudan a relajar al paciente y reducir su ansiedad, sin que pierda la consciencia. De esta forma, los pacientes pueden recibir los tratamientos dentales que necesitan de forma c\u00f3moda y segura.<\/p>\t\t\t\t\t\t\t\t<\/div>\n\t\t\t\t<\/div>\n\t\t\t\t<\/div>\n\t\t\t\t\t<\/div>\n\t\t\t\t<\/div>\n\t\t<div class=\"elementor-element elementor-element-4b1f96e e-flex e-con-boxed e-con e-parent\" data-id=\"4b1f96e\" data-element_type=\"container\" data-e-type=\"container\">\n\t\t\t\t\t<div class=\"e-con-inner\">\n\t\t<div class=\"elementor-element elementor-element-4fc4e34d e-con-full e-flex e-con e-child\" data-id=\"4fc4e34d\" data-element_type=\"container\" data-e-type=\"container\">\n\t\t\t\t<div class=\"elementor-element elementor-element-d2c26ec elementor-widget-tablet__width-auto elementor-widget elementor-widget-image\" data-id=\"d2c26ec\" data-element_type=\"widget\" data-e-type=\"widget\" data-widget_type=\"image.default\">\n\t\t\t\t<div class=\"elementor-widget-container\">\n\t\t\t\t\t\t\t\t\t\t\t\t\t\t\t<img fetchpriority=\"high\" decoding=\"async\" width=\"683\" height=\"1024\" src=\"https:\/\/miramarfamilydental.com\/wp-content\/uploads\/2024\/03\/servicios-otros-servicios-y-tratamiento-1-683x1024.webp\" class=\"attachment-large size-large wp-image-3235\" alt=\"Atendemos a nuestros pacientes con emergencias dentales\" srcset=\"https:\/\/miramarfamilydental.com\/wp-content\/uploads\/2024\/03\/servicios-otros-servicios-y-tratamiento-1-683x1024.webp 683w, https:\/\/miramarfamilydental.com\/wp-content\/uploads\/2024\/03\/servicios-otros-servicios-y-tratamiento-1-200x300.webp 200w, https:\/\/miramarfamilydental.com\/wp-content\/uploads\/2024\/03\/servicios-otros-servicios-y-tratamiento-1-768x1151.webp 768w, https:\/\/miramarfamilydental.com\/wp-content\/uploads\/2024\/03\/servicios-otros-servicios-y-tratamiento-1-1025x1536.webp 1025w, https:\/\/miramarfamilydental.com\/wp-content\/uploads\/2024\/03\/servicios-otros-servicios-y-tratamiento-1-1367x2048.webp 1367w, https:\/\/miramarfamilydental.com\/wp-content\/uploads\/2024\/03\/servicios-otros-servicios-y-tratamiento-1-scaled.webp 1709w\" sizes=\"(max-width: 683px) 100vw, 683px\" title=\"\">\t\t\t\t\t\t\t\t\t\t\t\t\t\t\t<\/div>\n\t\t\t\t<\/div>\n\t\t\t\t<\/div>\n\t\t<div class=\"elementor-element elementor-element-4a290f01 e-con-full e-flex e-con e-child\" data-id=\"4a290f01\" data-element_type=\"container\" data-e-type=\"container\">\n\t\t\t\t<div class=\"elementor-element elementor-element-9039e2e elementor-widget-tablet__width-auto elementor-widget elementor-widget-image\" data-id=\"9039e2e\" data-element_type=\"widget\" data-e-type=\"widget\" data-widget_type=\"image.default\">\n\t\t\t\t<div class=\"elementor-widget-container\">\n\t\t\t\t\t\t\t\t\t\t\t\t\t\t\t<img decoding=\"async\" width=\"1024\" height=\"1024\" src=\"https:\/\/miramarfamilydental.com\/wp-content\/uploads\/2024\/03\/servicios-oral-surgery-1-1024x1024.webp\" class=\"attachment-large size-large wp-image-3063\" alt=\"Extracciones de muelas de emergencia\" srcset=\"https:\/\/miramarfamilydental.com\/wp-content\/uploads\/2024\/03\/servicios-oral-surgery-1-1024x1024.webp 1024w, https:\/\/miramarfamilydental.com\/wp-content\/uploads\/2024\/03\/servicios-oral-surgery-1-300x300.webp 300w, https:\/\/miramarfamilydental.com\/wp-content\/uploads\/2024\/03\/servicios-oral-surgery-1-150x150.webp 150w, https:\/\/miramarfamilydental.com\/wp-content\/uploads\/2024\/03\/servicios-oral-surgery-1-768x768.webp 768w, https:\/\/miramarfamilydental.com\/wp-content\/uploads\/2024\/03\/servicios-oral-surgery-1-1536x1536.webp 1536w, https:\/\/miramarfamilydental.com\/wp-content\/uploads\/2024\/03\/servicios-oral-surgery-1-600x600.webp 600w, https:\/\/miramarfamilydental.com\/wp-content\/uploads\/2024\/03\/servicios-oral-surgery-1.webp 2000w\" sizes=\"(max-width: 1024px) 100vw, 1024px\" title=\"\">\t\t\t\t\t\t\t\t\t\t\t\t\t\t\t<\/div>\n\t\t\t\t<\/div>\n\t\t\t\t<\/div>\n\t\t<div class=\"elementor-element elementor-element-6757c2d3 e-con-full e-flex e-con e-child\" data-id=\"6757c2d3\" data-element_type=\"container\" data-e-type=\"container\">\n\t\t\t\t<div class=\"elementor-element elementor-element-2a09df78 elementor-widget-tablet__width-auto elementor-widget elementor-widget-image\" data-id=\"2a09df78\" data-element_type=\"widget\" data-e-type=\"widget\" data-widget_type=\"image.default\">\n\t\t\t\t<div class=\"elementor-widget-container\">\n\t\t\t\t\t\t\t\t\t\t\t\t\t\t\t<img decoding=\"async\" width=\"1024\" height=\"1024\" src=\"https:\/\/miramarfamilydental.com\/wp-content\/uploads\/2024\/03\/enfermedades-periodonticas-1-1024x1024.webp\" class=\"attachment-large size-large wp-image-3237\" alt=\"Ante sangrados dentales, acude de emergencia a nuestra cl\u00ednica de Miramar Family Dental\" srcset=\"https:\/\/miramarfamilydental.com\/wp-content\/uploads\/2024\/03\/enfermedades-periodonticas-1-1024x1024.webp 1024w, https:\/\/miramarfamilydental.com\/wp-content\/uploads\/2024\/03\/enfermedades-periodonticas-1-300x300.webp 300w, https:\/\/miramarfamilydental.com\/wp-content\/uploads\/2024\/03\/enfermedades-periodonticas-1-150x150.webp 150w, https:\/\/miramarfamilydental.com\/wp-content\/uploads\/2024\/03\/enfermedades-periodonticas-1-768x768.webp 768w, https:\/\/miramarfamilydental.com\/wp-content\/uploads\/2024\/03\/enfermedades-periodonticas-1-1536x1536.webp 1536w, https:\/\/miramarfamilydental.com\/wp-content\/uploads\/2024\/03\/enfermedades-periodonticas-1-2048x2048.webp 2048w, https:\/\/miramarfamilydental.com\/wp-content\/uploads\/2024\/03\/enfermedades-periodonticas-1-600x600.webp 600w\" sizes=\"(max-width: 1024px) 100vw, 1024px\" title=\"\">\t\t\t\t\t\t\t\t\t\t\t\t\t\t\t<\/div>\n\t\t\t\t<\/div>\n\t\t\t\t<\/div>\n\t\t<div class=\"elementor-element elementor-element-3e4401ee e-con-full e-flex e-con e-child\" data-id=\"3e4401ee\" data-element_type=\"container\" data-e-type=\"container\">\n\t\t\t\t<div class=\"elementor-element elementor-element-24682550 elementor-widget elementor-widget-image\" data-id=\"24682550\" data-element_type=\"widget\" data-e-type=\"widget\" data-widget_type=\"image.default\">\n\t\t\t\t<div class=\"elementor-widget-container\">\n\t\t\t\t\t\t\t\t\t\t\t\t\t\t\t<img loading=\"lazy\" decoding=\"async\" width=\"1024\" height=\"1024\" src=\"https:\/\/miramarfamilydental.com\/wp-content\/uploads\/2024\/03\/servicios-otros-tratamientos-ferula-de-descarga-scaled-e1710381918316-1024x1024.webp\" class=\"attachment-large size-large wp-image-3239\" alt=\"\" srcset=\"https:\/\/miramarfamilydental.com\/wp-content\/uploads\/2024\/03\/servicios-otros-tratamientos-ferula-de-descarga-scaled-e1710381918316-1024x1024.webp 1024w, https:\/\/miramarfamilydental.com\/wp-content\/uploads\/2024\/03\/servicios-otros-tratamientos-ferula-de-descarga-scaled-e1710381918316-300x300.webp 300w, https:\/\/miramarfamilydental.com\/wp-content\/uploads\/2024\/03\/servicios-otros-tratamientos-ferula-de-descarga-scaled-e1710381918316-150x150.webp 150w, https:\/\/miramarfamilydental.com\/wp-content\/uploads\/2024\/03\/servicios-otros-tratamientos-ferula-de-descarga-scaled-e1710381918316-768x768.webp 768w, https:\/\/miramarfamilydental.com\/wp-content\/uploads\/2024\/03\/servicios-otros-tratamientos-ferula-de-descarga-scaled-e1710381918316-1536x1536.webp 1536w, https:\/\/miramarfamilydental.com\/wp-content\/uploads\/2024\/03\/servicios-otros-tratamientos-ferula-de-descarga-scaled-e1710381918316-600x600.webp 600w, https:\/\/miramarfamilydental.com\/wp-content\/uploads\/2024\/03\/servicios-otros-tratamientos-ferula-de-descarga-scaled-e1710381918316.webp 1706w\" sizes=\"(max-width: 1024px) 100vw, 1024px\" title=\"\">\t\t\t\t\t\t\t\t\t\t\t\t\t\t\t<\/div>\n\t\t\t\t<\/div>\n\t\t\t\t<\/div>\n\t\t<div class=\"elementor-element elementor-element-2e956e2d e-con-full e-flex e-con e-child\" data-id=\"2e956e2d\" data-element_type=\"container\" data-e-type=\"container\">\n\t\t\t\t<div class=\"elementor-element elementor-element-5436693 elementor-widget elementor-widget-text-editor\" data-id=\"5436693\" data-element_type=\"widget\" data-e-type=\"widget\" data-widget_type=\"text-editor.default\">\n\t\t\t\t<div class=\"elementor-widget-container\">\n\t\t\t\t\t\t\t\t\t<p>Consulta sobre las opciones y planes de financiamiento m\u00e1s adecuadas para ti. As\u00ed podr\u00e1s obtener un tratamiento completamente personalizado.\u200b<\/p>\t\t\t\t\t\t\t\t<\/div>\n\t\t\t\t<\/div>\n\t\t\t\t<\/div>\n\t\t\t\t\t<\/div>\n\t\t\t\t<\/div>\n\t\t\t\t<\/div>\n\t\t","protected":false},"excerpt":{"rendered":"<p>Otros servicios y tratamientos dentales https:\/\/miramarfamilydental.com\/wp-content\/uploads\/2024\/03\/servicios-otros-tramientos.mp4En MiraMar Family Dental estamos comprometidos con ofrecer una atenci\u00f3n integral a cada uno de nuestros pacientes.\u00a0Nuestro compromiso contigo es ofrecerte un cuidado integral considerando tu salud bucodental en conjunto con tu bienestar general.\u00a0Por eso, adem\u00e1s de los servicios odontol\u00f3gicos generales, ofrecemos una amplia gama de otros servicios y tratamientos [&hellip;]<\/p>\n","protected":false},"author":1,"featured_media":3218,"parent":6704,"menu_order":0,"comment_status":"closed","ping_status":"closed","template":"","meta":{"footnotes":""},"class_list":["post-1081","page","type-page","status-publish","has-post-thumbnail","hentry"],"_links":{"self":[{"href":"https:\/\/miramarfamilydental.com\/es\/wp-json\/wp\/v2\/pages\/1081","targetHints":{"allow":["GET"]}}],"collection":[{"href":"https:\/\/miramarfamilydental.com\/es\/wp-json\/wp\/v2\/pages"}],"about":[{"href":"https:\/\/miramarfamilydental.com\/es\/wp-json\/wp\/v2\/types\/page"}],"author":[{"embeddable":true,"href":"https:\/\/miramarfamilydental.com\/es\/wp-json\/wp\/v2\/users\/1"}],"replies":[{"embeddable":true,"href":"https:\/\/miramarfamilydental.com\/es\/wp-json\/wp\/v2\/comments?post=1081"}],"version-history":[{"count":0,"href":"https:\/\/miramarfamilydental.com\/es\/wp-json\/wp\/v2\/pages\/1081\/revisions"}],"up":[{"embeddable":true,"href":"https:\/\/miramarfamilydental.com\/es\/wp-json\/wp\/v2\/pages\/6704"}],"wp:featuredmedia":[{"embeddable":true,"href":"https:\/\/miramarfamilydental.com\/es\/wp-json\/wp\/v2\/media\/3218"}],"wp:attachment":[{"href":"https:\/\/miramarfamilydental.com\/es\/wp-json\/wp\/v2\/media?parent=1081"}],"curies":[{"name":"wp","href":"https:\/\/api.w.org\/{rel}","templated":true}]}}