{"id":1085,"date":"2024-02-24T09:23:34","date_gmt":"2024-02-24T15:23:34","guid":{"rendered":"https:\/\/miramarfamilydental.com\/?page_id=1085"},"modified":"2024-10-29T18:28:37","modified_gmt":"2024-10-29T23:28:37","slug":"servicios-ortodoncia","status":"publish","type":"page","link":"https:\/\/miramarfamilydental.com\/es\/servicios-dentales\/servicios-ortodoncia\/","title":{"rendered":"Ortodoncia Dental Katy"},"content":{"rendered":"\t\t<div data-elementor-type=\"wp-page\" data-elementor-id=\"1085\" class=\"elementor elementor-1085\" data-elementor-post-type=\"page\">\n\t\t\t\t<div class=\"elementor-element elementor-element-d4e90e6 e-flex e-con-boxed e-con e-parent\" data-id=\"d4e90e6\" data-element_type=\"container\" data-e-type=\"container\" data-settings=\"{&quot;background_background&quot;:&quot;classic&quot;}\">\n\t\t\t\t\t<div class=\"e-con-inner\">\n\t\t\t\t<div class=\"elementor-element elementor-element-6e6b368 elementor-widget elementor-widget-heading\" data-id=\"6e6b368\" data-element_type=\"widget\" data-e-type=\"widget\" data-widget_type=\"heading.default\">\n\t\t\t\t<div class=\"elementor-widget-container\">\n\t\t\t\t\t<h1 class=\"elementor-heading-title elementor-size-default\">Servicios de Ortodoncia<\/h1>\t\t\t\t<\/div>\n\t\t\t\t<\/div>\n\t\t\t\t\t<\/div>\n\t\t\t\t<\/div>\n\t\t<div class=\"elementor-element elementor-element-11a270a e-flex e-con-boxed e-con e-parent\" data-id=\"11a270a\" data-element_type=\"container\" data-e-type=\"container\">\n\t\t\t\t\t<div class=\"e-con-inner\">\n\t\t\t\t<div class=\"elementor-element elementor-element-26ffd7aa elementor-widget__width-initial elementor-widget-mobile__width-inherit elementor-widget elementor-widget-video\" data-id=\"26ffd7aa\" data-element_type=\"widget\" data-e-type=\"widget\" data-settings=\"{&quot;video_type&quot;:&quot;hosted&quot;,&quot;controls&quot;:&quot;yes&quot;}\" data-widget_type=\"video.default\">\n\t\t\t\t<div class=\"elementor-widget-container\">\n\t\t\t\t\t\t\t<div class=\"e-hosted-video elementor-wrapper elementor-open-inline\">\n\t\t\t\t\t<video class=\"elementor-video\" src=\"https:\/\/miramarfamilydental.com\/wp-content\/uploads\/2024\/03\/servicios-ortodoncia.mp4\" controls=\"\" preload=\"metadata\" controlsList=\"nodownload\"><\/video>\n\t\t\t\t<\/div>\n\t\t\t\t\t\t<\/div>\n\t\t\t\t<\/div>\n\t\t\t\t<div class=\"elementor-element elementor-element-3536f18 elementor-widget__width-initial elementor-widget-mobile__width-inherit elementor-widget elementor-widget-text-editor\" data-id=\"3536f18\" data-element_type=\"widget\" data-e-type=\"widget\" data-widget_type=\"text-editor.default\">\n\t\t\t\t<div class=\"elementor-widget-container\">\n\t\t\t\t\t\t\t\t\tCon el servicio de ortodoncia, en MiraMar Family Dental estudiamos, diagn\u00f3sticamos, corregimos y prevenimos las anomal\u00edas en la forma y posici\u00f3n de los dientes y los maxilares. Atendemos a nuestro pacientes para resolver problemas relacionados con la alineaci\u00f3n dental y la mordida, los dientes api\u00f1ados, desalineados o desplazados. Buscamos, m\u00e1s all\u00e1 de la est\u00e9tica, la buena salud bucodental, la \u00f3ptima funci\u00f3n masticatoria que prevenga tensiones musculares, enfermedades de las enc\u00edas y p\u00e9rdida prematura de dientes.\t\t\t\t\t\t\t\t<\/div>\n\t\t\t\t<\/div>\n\t\t\t\t\t<\/div>\n\t\t\t\t<\/div>\n\t\t<div class=\"elementor-element elementor-element-2a009665 e-flex e-con-boxed e-con e-child\" data-id=\"2a009665\" data-element_type=\"container\" data-e-type=\"container\">\n\t\t\t\t\t<div class=\"e-con-inner\">\n\t\t\t\t<div class=\"elementor-element elementor-element-23526a2 elementor-widget elementor-widget-heading\" data-id=\"23526a2\" data-element_type=\"widget\" data-e-type=\"widget\" data-widget_type=\"heading.default\">\n\t\t\t\t<div class=\"elementor-widget-container\">\n\t\t\t\t\t<h2 class=\"elementor-heading-title elementor-size-default\">Nuestros servicios de ortodoncia incluyen:<\/h2>\t\t\t\t<\/div>\n\t\t\t\t<\/div>\n\t\t<div class=\"elementor-element elementor-element-40d36147 e-con-full e-flex e-con e-child\" data-id=\"40d36147\" data-element_type=\"container\" data-e-type=\"container\">\n\t\t\t\t<div class=\"elementor-element elementor-element-5e43c543 elementor-widget__width-initial elementor-widget-mobile__width-inherit elementor-widget elementor-widget-heading\" data-id=\"5e43c543\" data-element_type=\"widget\" data-e-type=\"widget\" data-widget_type=\"heading.default\">\n\t\t\t\t<div class=\"elementor-widget-container\">\n\t\t\t\t\t<h3 class=\"elementor-heading-title elementor-size-default\">Ex\u00e1menes y estudios preliminares<\/h3>\t\t\t\t<\/div>\n\t\t\t\t<\/div>\n\t\t\t\t<div class=\"elementor-element elementor-element-2126e0d7 elementor-widget__width-initial elementor-widget-mobile__width-inherit elementor-widget elementor-widget-text-editor\" data-id=\"2126e0d7\" data-element_type=\"widget\" data-e-type=\"widget\" data-widget_type=\"text-editor.default\">\n\t\t\t\t<div class=\"elementor-widget-container\">\n\t\t\t\t\t\t\t\t\t<p>Esta es una parte fundamental del proceso de ortodoncia. Los ex\u00e1menes permiten al ortodoncista obtener informaci\u00f3n precisa sobre la posici\u00f3n de los dientes y los huesos maxilares, as\u00ed como sobre la salud general de la boca del paciente. Adem\u00e1s de la historia cl\u00ednica y an\u00e1lisis, se hacen radiograf\u00edas, se toman moldes de los dientes y documentamos desde el d\u00eda Cero todo el proceso de transformaci\u00f3n que tendr\u00e1 tu sonrisa.\u00a0 \u00a0<\/p>\t\t\t\t\t\t\t\t<\/div>\n\t\t\t\t<\/div>\n\t\t\t\t<\/div>\n\t\t<div class=\"elementor-element elementor-element-c892bc0 e-con-full e-flex e-con e-child\" data-id=\"c892bc0\" data-element_type=\"container\" data-e-type=\"container\">\n\t\t\t\t<div class=\"elementor-element elementor-element-54b1c4f elementor-widget__width-initial elementor-widget-mobile__width-inherit elementor-widget elementor-widget-heading\" data-id=\"54b1c4f\" data-element_type=\"widget\" data-e-type=\"widget\" data-widget_type=\"heading.default\">\n\t\t\t\t<div class=\"elementor-widget-container\">\n\t\t\t\t\t<h3 class=\"elementor-heading-title elementor-size-default\">Diagn\u00f3stico<\/h3>\t\t\t\t<\/div>\n\t\t\t\t<\/div>\n\t\t\t\t<div class=\"elementor-element elementor-element-f111821 elementor-widget__width-initial elementor-widget-mobile__width-inherit elementor-widget elementor-widget-text-editor\" data-id=\"f111821\" data-element_type=\"widget\" data-e-type=\"widget\" data-widget_type=\"text-editor.default\">\n\t\t\t\t<div class=\"elementor-widget-container\">\n\t\t\t\t\t\t\t\t\t<p>A partir de los ex\u00e1menes y estudio preliminar, el ortodoncista determinar\u00e1 la causa de los problemas de la mordida y la posici\u00f3n de los dientes, y establece el plan de tratamiento adecuado y te ayudar\u00e1 a elegir la mejor opci\u00f3n para tu caso.&nbsp;<\/p>\t\t\t\t\t\t\t\t<\/div>\n\t\t\t\t<\/div>\n\t\t\t\t<\/div>\n\t\t<div class=\"elementor-element elementor-element-c3ee097 e-con-full e-flex e-con e-child\" data-id=\"c3ee097\" data-element_type=\"container\" data-e-type=\"container\">\n\t\t\t\t<div class=\"elementor-element elementor-element-4edd175 elementor-widget__width-initial elementor-widget-mobile__width-inherit elementor-widget elementor-widget-heading\" data-id=\"4edd175\" data-element_type=\"widget\" data-e-type=\"widget\" data-widget_type=\"heading.default\">\n\t\t\t\t<div class=\"elementor-widget-container\">\n\t\t\t\t\t<h3 class=\"elementor-heading-title elementor-size-default\">Ortodoncia fija<\/h3>\t\t\t\t<\/div>\n\t\t\t\t<\/div>\n\t\t\t\t<div class=\"elementor-element elementor-element-e8a8473 elementor-widget__width-initial elementor-widget-mobile__width-inherit elementor-widget elementor-widget-text-editor\" data-id=\"e8a8473\" data-element_type=\"widget\" data-e-type=\"widget\" data-widget_type=\"text-editor.default\">\n\t\t\t\t<div class=\"elementor-widget-container\">\n\t\t\t\t\t\t\t\t\t<p>Es el tipo de ortodoncia m\u00e1s tradicional. Se utilizan brackets y arcos met\u00e1licos, de cer\u00e1mica o de zafiro que se fijan a los dientes. Los brackets se pueden colocar en la cara externa de los dientes (ortodoncia vestibular) o en la cara interna (ortodoncia lingual). Es una excelente opci\u00f3n para corregir una amplia variedad de problemas de la mordida y la posici\u00f3n de los dientes.<\/p>\t\t\t\t\t\t\t\t<\/div>\n\t\t\t\t<\/div>\n\t\t\t\t<\/div>\n\t\t<div class=\"elementor-element elementor-element-7bf346e e-con-full e-flex e-con e-child\" data-id=\"7bf346e\" data-element_type=\"container\" data-e-type=\"container\">\n\t\t\t\t<div class=\"elementor-element elementor-element-817ce44 elementor-widget__width-initial elementor-widget-mobile__width-inherit elementor-widget elementor-widget-heading\" data-id=\"817ce44\" data-element_type=\"widget\" data-e-type=\"widget\" data-widget_type=\"heading.default\">\n\t\t\t\t<div class=\"elementor-widget-container\">\n\t\t\t\t\t<h3 class=\"elementor-heading-title elementor-size-default\">Ortodoncia invisible<\/h3>\t\t\t\t<\/div>\n\t\t\t\t<\/div>\n\t\t\t\t<div class=\"elementor-element elementor-element-d954651 elementor-widget__width-initial elementor-widget-mobile__width-inherit elementor-widget elementor-widget-text-editor\" data-id=\"d954651\" data-element_type=\"widget\" data-e-type=\"widget\" data-widget_type=\"text-editor.default\">\n\t\t\t\t<div class=\"elementor-widget-container\">\n\t\t\t\t\t\t\t\t\t<p>Con esta t\u00e9cnica innovadora se utilizan alineadores transparentes hechos a medida para corregir la posici\u00f3n de los dientes. \u00bfHas escuchado de\u00a0<a href=\"https:\/\/www.invisalign.com\/\" target=\"_blank\" rel=\"noopener\">Invisalign<\/a>? Estos alineadores son pr\u00e1cticamente invisibles, removibles y se cambian cada dos semanas para aplicar una presi\u00f3n suave y gradual sobre los dientes, movi\u00e9ndolos poco a poco a la posici\u00f3n deseada.\u00a0<\/p>\t\t\t\t\t\t\t\t<\/div>\n\t\t\t\t<\/div>\n\t\t\t\t<\/div>\n\t\t<div class=\"elementor-element elementor-element-37ab743 e-con-full e-flex e-con e-child\" data-id=\"37ab743\" data-element_type=\"container\" data-e-type=\"container\">\n\t\t\t\t<div class=\"elementor-element elementor-element-07f2396 elementor-widget__width-initial elementor-widget-mobile__width-inherit elementor-widget elementor-widget-heading\" data-id=\"07f2396\" data-element_type=\"widget\" data-e-type=\"widget\" data-widget_type=\"heading.default\">\n\t\t\t\t<div class=\"elementor-widget-container\">\n\t\t\t\t\t<h3 class=\"elementor-heading-title elementor-size-default\">Ortodoncia lingual<\/h3>\t\t\t\t<\/div>\n\t\t\t\t<\/div>\n\t\t\t\t<div class=\"elementor-element elementor-element-39682f4 elementor-widget__width-initial elementor-widget-mobile__width-inherit elementor-widget elementor-widget-text-editor\" data-id=\"39682f4\" data-element_type=\"widget\" data-e-type=\"widget\" data-widget_type=\"text-editor.default\">\n\t\t\t\t<div class=\"elementor-widget-container\">\n\t\t\t\t\t\t\t\t\t<p>La ortodoncia lingual es una t\u00e9cnica de ortodoncia que utiliza brackets para corregir la posici\u00f3n de tus dientes, pero a diferencia de la ortodoncia tradicional (fija), los brackets se colocan en la cara interna de tus dientes, detr\u00e1s de la lengua, en lugar de en la cara externa visible. Esto la convierte en una opci\u00f3n ideal para aquellos pacientes que buscan una soluci\u00f3n est\u00e9tica y que no quieren que se noten los brackets.<\/p>\t\t\t\t\t\t\t\t<\/div>\n\t\t\t\t<\/div>\n\t\t\t\t<\/div>\n\t\t\t\t\t<\/div>\n\t\t\t\t<\/div>\n\t\t<div class=\"elementor-element elementor-element-7ae46b6c e-flex e-con-boxed e-con e-parent\" data-id=\"7ae46b6c\" data-element_type=\"container\" data-e-type=\"container\">\n\t\t\t\t\t<div class=\"e-con-inner\">\n\t\t<div class=\"elementor-element elementor-element-1b4f3c e-con-full e-flex e-con e-child\" data-id=\"1b4f3c\" data-element_type=\"container\" data-e-type=\"container\">\n\t\t\t\t<div class=\"elementor-element elementor-element-2df81967 elementor-widget-tablet__width-auto elementor-widget elementor-widget-image\" data-id=\"2df81967\" data-element_type=\"widget\" data-e-type=\"widget\" data-widget_type=\"image.default\">\n\t\t\t\t<div class=\"elementor-widget-container\">\n\t\t\t\t\t\t\t\t\t\t\t\t\t\t\t<img fetchpriority=\"high\" decoding=\"async\" width=\"1024\" height=\"683\" src=\"https:\/\/miramarfamilydental.com\/wp-content\/uploads\/2024\/03\/dentist-discussing-tooth-extraction-procedure-with-patient-showing-xrays_177415-3993-1024x683.jpg\" class=\"attachment-large size-large wp-image-2496\" alt=\"Dentist discussing tooth extraction procedure with patient showing xrays\" srcset=\"https:\/\/miramarfamilydental.com\/wp-content\/uploads\/2024\/03\/dentist-discussing-tooth-extraction-procedure-with-patient-showing-xrays_177415-3993-1024x683.jpg 1024w, https:\/\/miramarfamilydental.com\/wp-content\/uploads\/2024\/03\/dentist-discussing-tooth-extraction-procedure-with-patient-showing-xrays_177415-3993-300x200.jpg 300w, https:\/\/miramarfamilydental.com\/wp-content\/uploads\/2024\/03\/dentist-discussing-tooth-extraction-procedure-with-patient-showing-xrays_177415-3993-768x512.jpg 768w, https:\/\/miramarfamilydental.com\/wp-content\/uploads\/2024\/03\/dentist-discussing-tooth-extraction-procedure-with-patient-showing-xrays_177415-3993-1536x1024.jpg 1536w, https:\/\/miramarfamilydental.com\/wp-content\/uploads\/2024\/03\/dentist-discussing-tooth-extraction-procedure-with-patient-showing-xrays_177415-3993-2048x1365.jpg 2048w\" sizes=\"(max-width: 1024px) 100vw, 1024px\" title=\"\">\t\t\t\t\t\t\t\t\t\t\t\t\t\t\t<\/div>\n\t\t\t\t<\/div>\n\t\t\t\t<\/div>\n\t\t<div class=\"elementor-element elementor-element-1434523e e-con-full e-flex e-con e-child\" data-id=\"1434523e\" data-element_type=\"container\" data-e-type=\"container\">\n\t\t\t\t<div class=\"elementor-element elementor-element-2325f548 elementor-widget-tablet__width-auto elementor-widget elementor-widget-image\" data-id=\"2325f548\" data-element_type=\"widget\" data-e-type=\"widget\" data-widget_type=\"image.default\">\n\t\t\t\t<div class=\"elementor-widget-container\">\n\t\t\t\t\t\t\t\t\t\t\t\t\t\t\t<img decoding=\"async\" width=\"1024\" height=\"683\" src=\"https:\/\/miramarfamilydental.com\/wp-content\/uploads\/2024\/03\/servicios-ortodoncia-brackets-de-colores-1024x683.webp\" class=\"attachment-large size-large wp-image-3175\" alt=\"Cambiamos sonrisas y mejoramos salud con los servicios de ortodoncia\" srcset=\"https:\/\/miramarfamilydental.com\/wp-content\/uploads\/2024\/03\/servicios-ortodoncia-brackets-de-colores-1024x683.webp 1024w, https:\/\/miramarfamilydental.com\/wp-content\/uploads\/2024\/03\/servicios-ortodoncia-brackets-de-colores-300x200.webp 300w, https:\/\/miramarfamilydental.com\/wp-content\/uploads\/2024\/03\/servicios-ortodoncia-brackets-de-colores-768x512.webp 768w, https:\/\/miramarfamilydental.com\/wp-content\/uploads\/2024\/03\/servicios-ortodoncia-brackets-de-colores-1536x1024.webp 1536w, https:\/\/miramarfamilydental.com\/wp-content\/uploads\/2024\/03\/servicios-ortodoncia-brackets-de-colores-2048x1365.webp 2048w\" sizes=\"(max-width: 1024px) 100vw, 1024px\" title=\"\">\t\t\t\t\t\t\t\t\t\t\t\t\t\t\t<\/div>\n\t\t\t\t<\/div>\n\t\t\t\t<\/div>\n\t\t<div class=\"elementor-element elementor-element-434252ed e-con-full e-flex e-con e-child\" data-id=\"434252ed\" data-element_type=\"container\" data-e-type=\"container\">\n\t\t\t\t<div class=\"elementor-element elementor-element-5a283248 elementor-widget-tablet__width-auto elementor-widget elementor-widget-image\" data-id=\"5a283248\" data-element_type=\"widget\" data-e-type=\"widget\" data-widget_type=\"image.default\">\n\t\t\t\t<div class=\"elementor-widget-container\">\n\t\t\t\t\t\t\t\t\t\t\t\t\t\t\t<img decoding=\"async\" width=\"1024\" height=\"681\" src=\"https:\/\/miramarfamilydental.com\/wp-content\/uploads\/2024\/03\/servicios-invisalign-1024x681.webp\" class=\"attachment-large size-large wp-image-3189\" alt=\"\" srcset=\"https:\/\/miramarfamilydental.com\/wp-content\/uploads\/2024\/03\/servicios-invisalign-1024x681.webp 1024w, https:\/\/miramarfamilydental.com\/wp-content\/uploads\/2024\/03\/servicios-invisalign-300x200.webp 300w, https:\/\/miramarfamilydental.com\/wp-content\/uploads\/2024\/03\/servicios-invisalign-768x511.webp 768w, https:\/\/miramarfamilydental.com\/wp-content\/uploads\/2024\/03\/servicios-invisalign-1536x1021.webp 1536w, https:\/\/miramarfamilydental.com\/wp-content\/uploads\/2024\/03\/servicios-invisalign.webp 2000w\" sizes=\"(max-width: 1024px) 100vw, 1024px\" title=\"\">\t\t\t\t\t\t\t\t\t\t\t\t\t\t\t<\/div>\n\t\t\t\t<\/div>\n\t\t\t\t<\/div>\n\t\t<div class=\"elementor-element elementor-element-7c54e0b6 e-con-full e-flex e-con e-child\" data-id=\"7c54e0b6\" data-element_type=\"container\" data-e-type=\"container\">\n\t\t\t\t<div class=\"elementor-element elementor-element-65718a6a elementor-widget elementor-widget-image\" data-id=\"65718a6a\" data-element_type=\"widget\" data-e-type=\"widget\" data-widget_type=\"image.default\">\n\t\t\t\t<div class=\"elementor-widget-container\">\n\t\t\t\t\t\t\t\t\t\t\t\t\t\t\t<img loading=\"lazy\" decoding=\"async\" width=\"1024\" height=\"1024\" src=\"https:\/\/miramarfamilydental.com\/wp-content\/uploads\/2024\/03\/servicios-ortodoncia-1024x1024.webp\" class=\"attachment-large size-large wp-image-2667\" alt=\"Servicios de ortodoncia en Miramar Family Dental\" srcset=\"https:\/\/miramarfamilydental.com\/wp-content\/uploads\/2024\/03\/servicios-ortodoncia-1024x1024.webp 1024w, https:\/\/miramarfamilydental.com\/wp-content\/uploads\/2024\/03\/servicios-ortodoncia-300x300.webp 300w, https:\/\/miramarfamilydental.com\/wp-content\/uploads\/2024\/03\/servicios-ortodoncia-150x150.webp 150w, https:\/\/miramarfamilydental.com\/wp-content\/uploads\/2024\/03\/servicios-ortodoncia-768x768.webp 768w, https:\/\/miramarfamilydental.com\/wp-content\/uploads\/2024\/03\/servicios-ortodoncia-1536x1536.webp 1536w, https:\/\/miramarfamilydental.com\/wp-content\/uploads\/2024\/03\/servicios-ortodoncia-2048x2048.webp 2048w, https:\/\/miramarfamilydental.com\/wp-content\/uploads\/2024\/03\/servicios-ortodoncia-600x600.webp 600w\" sizes=\"(max-width: 1024px) 100vw, 1024px\" title=\"\">\t\t\t\t\t\t\t\t\t\t\t\t\t\t\t<\/div>\n\t\t\t\t<\/div>\n\t\t\t\t<\/div>\n\t\t<div class=\"elementor-element elementor-element-4312c480 e-con-full e-flex e-con e-child\" data-id=\"4312c480\" data-element_type=\"container\" data-e-type=\"container\">\n\t\t\t\t<div class=\"elementor-element elementor-element-e6a7f99 elementor-widget elementor-widget-text-editor\" data-id=\"e6a7f99\" data-element_type=\"widget\" data-e-type=\"widget\" data-widget_type=\"text-editor.default\">\n\t\t\t\t<div class=\"elementor-widget-container\">\n\t\t\t\t\t\t\t\t\t<p>Para un tratamiento exitoso es necesario que sigas las instrucciones del ortodoncista y que seas constante con las visitas de seguimiento.\u200b<\/p>\t\t\t\t\t\t\t\t<\/div>\n\t\t\t\t<\/div>\n\t\t\t\t<\/div>\n\t\t\t\t\t<\/div>\n\t\t\t\t<\/div>\n\t\t\t\t<\/div>\n\t\t","protected":false},"excerpt":{"rendered":"<p>Servicios de Ortodoncia https:\/\/miramarfamilydental.com\/wp-content\/uploads\/2024\/03\/servicios-ortodoncia.mp4Con el servicio de ortodoncia, en MiraMar Family Dental estudiamos, diagn\u00f3sticamos, corregimos y prevenimos las anomal\u00edas en la forma y posici\u00f3n de los dientes y los maxilares. Atendemos a nuestro pacientes para resolver problemas relacionados con la alineaci\u00f3n dental y la mordida, los dientes api\u00f1ados, desalineados o desplazados. Buscamos, m\u00e1s all\u00e1 de [&hellip;]<\/p>\n","protected":false},"author":1,"featured_media":3175,"parent":6704,"menu_order":0,"comment_status":"closed","ping_status":"closed","template":"","meta":{"footnotes":""},"class_list":["post-1085","page","type-page","status-publish","has-post-thumbnail","hentry"],"_links":{"self":[{"href":"https:\/\/miramarfamilydental.com\/es\/wp-json\/wp\/v2\/pages\/1085","targetHints":{"allow":["GET"]}}],"collection":[{"href":"https:\/\/miramarfamilydental.com\/es\/wp-json\/wp\/v2\/pages"}],"about":[{"href":"https:\/\/miramarfamilydental.com\/es\/wp-json\/wp\/v2\/types\/page"}],"author":[{"embeddable":true,"href":"https:\/\/miramarfamilydental.com\/es\/wp-json\/wp\/v2\/users\/1"}],"replies":[{"embeddable":true,"href":"https:\/\/miramarfamilydental.com\/es\/wp-json\/wp\/v2\/comments?post=1085"}],"version-history":[{"count":0,"href":"https:\/\/miramarfamilydental.com\/es\/wp-json\/wp\/v2\/pages\/1085\/revisions"}],"up":[{"embeddable":true,"href":"https:\/\/miramarfamilydental.com\/es\/wp-json\/wp\/v2\/pages\/6704"}],"wp:featuredmedia":[{"embeddable":true,"href":"https:\/\/miramarfamilydental.com\/es\/wp-json\/wp\/v2\/media\/3175"}],"wp:attachment":[{"href":"https:\/\/miramarfamilydental.com\/es\/wp-json\/wp\/v2\/media?parent=1085"}],"curies":[{"name":"wp","href":"https:\/\/api.w.org\/{rel}","templated":true}]}}