{"id":1089,"date":"2024-02-24T09:55:36","date_gmt":"2024-02-24T15:55:36","guid":{"rendered":"https:\/\/miramarfamilydental.com\/?page_id=1089"},"modified":"2024-10-29T18:43:10","modified_gmt":"2024-10-29T23:43:10","slug":"odontologia-pediatrica","status":"publish","type":"page","link":"https:\/\/miramarfamilydental.com\/es\/servicios-dentales\/odontologia-pediatrica\/","title":{"rendered":"Odontolog\u00eda pedi\u00e1trica"},"content":{"rendered":"\t\t<div data-elementor-type=\"wp-page\" data-elementor-id=\"1089\" class=\"elementor elementor-1089\" data-elementor-post-type=\"page\">\n\t\t\t\t<div class=\"elementor-element elementor-element-f2324e7 e-flex e-con-boxed e-con e-parent\" data-id=\"f2324e7\" data-element_type=\"container\" data-e-type=\"container\" data-settings=\"{&quot;background_background&quot;:&quot;classic&quot;}\">\n\t\t\t\t\t<div class=\"e-con-inner\">\n\t\t\t\t<div class=\"elementor-element elementor-element-7af94b8 elementor-widget elementor-widget-heading\" data-id=\"7af94b8\" data-element_type=\"widget\" data-e-type=\"widget\" data-widget_type=\"heading.default\">\n\t\t\t\t<div class=\"elementor-widget-container\">\n\t\t\t\t\t<h1 class=\"elementor-heading-title elementor-size-default\">Servicios de Odontolog\u00eda pedi\u00e1trica<\/h1>\t\t\t\t<\/div>\n\t\t\t\t<\/div>\n\t\t\t\t\t<\/div>\n\t\t\t\t<\/div>\n\t\t<div class=\"elementor-element elementor-element-d18a1cf e-flex e-con-boxed e-con e-parent\" data-id=\"d18a1cf\" data-element_type=\"container\" data-e-type=\"container\">\n\t\t\t\t\t<div class=\"e-con-inner\">\n\t\t\t\t<div class=\"elementor-element elementor-element-b7624e7 elementor-widget__width-initial elementor-widget-mobile__width-inherit elementor-widget elementor-widget-video\" data-id=\"b7624e7\" data-element_type=\"widget\" data-e-type=\"widget\" data-settings=\"{&quot;video_type&quot;:&quot;hosted&quot;,&quot;controls&quot;:&quot;yes&quot;}\" data-widget_type=\"video.default\">\n\t\t\t\t<div class=\"elementor-widget-container\">\n\t\t\t\t\t\t\t<div class=\"e-hosted-video elementor-wrapper elementor-open-inline\">\n\t\t\t\t\t<video class=\"elementor-video\" src=\"https:\/\/miramarfamilydental.com\/wp-content\/uploads\/2024\/03\/Servicios-odontologia-pediatrica.mp4\" controls=\"\" preload=\"metadata\" controlsList=\"nodownload\"><\/video>\n\t\t\t\t<\/div>\n\t\t\t\t\t\t<\/div>\n\t\t\t\t<\/div>\n\t\t\t\t<div class=\"elementor-element elementor-element-4dd158b elementor-widget__width-initial elementor-widget-mobile__width-inherit elementor-widget elementor-widget-text-editor\" data-id=\"4dd158b\" data-element_type=\"widget\" data-e-type=\"widget\" data-widget_type=\"text-editor.default\">\n\t\t\t\t<div class=\"elementor-widget-container\">\n\t\t\t\t\t\t\t\t\tLa odontolog\u00eda pedi\u00e1trica, tambi\u00e9n conocida como odontopediatr\u00eda, es la especialidad de la odontolog\u00eda que se encarga de la salud bucodental de los ni\u00f1os desde el nacimiento hasta la adolescencia. Dado su papel fundamental en la salud y el bienestar de los peque\u00f1os, es importante que como padre tomes medidas para cuidar la salud bucodental de tus hijos desde una edad temprana.\u00a0Una buena salud bucodental en la infancia puede prevenir problemas de salud en el futuro, como enfermedades card\u00edacas, diabetes o problemas de aprendizaje.\t\t\t\t\t\t\t\t<\/div>\n\t\t\t\t<\/div>\n\t\t\t\t\t<\/div>\n\t\t\t\t<\/div>\n\t\t<div class=\"elementor-element elementor-element-777df3eb e-flex e-con-boxed e-con e-child\" data-id=\"777df3eb\" data-element_type=\"container\" data-e-type=\"container\">\n\t\t\t\t\t<div class=\"e-con-inner\">\n\t\t\t\t<div class=\"elementor-element elementor-element-16ab5920 elementor-widget elementor-widget-heading\" data-id=\"16ab5920\" data-element_type=\"widget\" data-e-type=\"widget\" data-widget_type=\"heading.default\">\n\t\t\t\t<div class=\"elementor-widget-container\">\n\t\t\t\t\t<h2 class=\"elementor-heading-title elementor-size-default\">Algunos servicios de odontolog\u00eda pedi\u00e1trica para tus hijos que ofrecemos en Miramar Family Dental<\/h2>\t\t\t\t<\/div>\n\t\t\t\t<\/div>\n\t\t<div class=\"elementor-element elementor-element-4b0619e8 e-con-full e-flex e-con e-child\" data-id=\"4b0619e8\" data-element_type=\"container\" data-e-type=\"container\">\n\t\t\t\t<div class=\"elementor-element elementor-element-557f7e8f elementor-widget__width-initial elementor-widget-mobile__width-inherit elementor-widget elementor-widget-heading\" data-id=\"557f7e8f\" data-element_type=\"widget\" data-e-type=\"widget\" data-widget_type=\"heading.default\">\n\t\t\t\t<div class=\"elementor-widget-container\">\n\t\t\t\t\t<h3 class=\"elementor-heading-title elementor-size-default\">Limpiezas y ex\u00e1menes<\/h3>\t\t\t\t<\/div>\n\t\t\t\t<\/div>\n\t\t\t\t<div class=\"elementor-element elementor-element-4bbebba9 elementor-widget__width-initial elementor-widget-mobile__width-inherit elementor-widget elementor-widget-text-editor\" data-id=\"4bbebba9\" data-element_type=\"widget\" data-e-type=\"widget\" data-widget_type=\"text-editor.default\">\n\t\t\t\t<div class=\"elementor-widget-container\">\n\t\t\t\t\t\t\t\t\t<p>Se realizan para evaluar la salud general de los dientes y las enc\u00edas del ni\u00f1o, detectar caries, problemas de mordida o maloclusiones, y se programan limpiezas dentales profesionales peri\u00f3dicas. En la limpieza, eliminamos la placa y el sarro acumulados en los dientes de tu hijo, previniendo caries y enfermedades de las enc\u00edas.\u00a0<\/p>\t\t\t\t\t\t\t\t<\/div>\n\t\t\t\t<\/div>\n\t\t\t\t<\/div>\n\t\t<div class=\"elementor-element elementor-element-cd2e6c5 e-con-full e-flex e-con e-child\" data-id=\"cd2e6c5\" data-element_type=\"container\" data-e-type=\"container\">\n\t\t\t\t<div class=\"elementor-element elementor-element-cb43f72 elementor-widget__width-initial elementor-widget-mobile__width-inherit elementor-widget elementor-widget-heading\" data-id=\"cb43f72\" data-element_type=\"widget\" data-e-type=\"widget\" data-widget_type=\"heading.default\">\n\t\t\t\t<div class=\"elementor-widget-container\">\n\t\t\t\t\t<h3 class=\"elementor-heading-title elementor-size-default\">Tratamientos con fl\u00faor<\/h3>\t\t\t\t<\/div>\n\t\t\t\t<\/div>\n\t\t\t\t<div class=\"elementor-element elementor-element-daaf2f6 elementor-widget__width-initial elementor-widget-mobile__width-inherit elementor-widget elementor-widget-text-editor\" data-id=\"daaf2f6\" data-element_type=\"widget\" data-e-type=\"widget\" data-widget_type=\"text-editor.default\">\n\t\t\t\t<div class=\"elementor-widget-container\">\n\t\t\t\t\t\t\t\t\t<p>Aplicamos fl\u00faor t\u00f3pico en gel o barniz para fortalecer los dientes de tu hijo y hacerlos m\u00e1s resistentes a las caries.<\/p>\t\t\t\t\t\t\t\t<\/div>\n\t\t\t\t<\/div>\n\t\t\t\t<\/div>\n\t\t<div class=\"elementor-element elementor-element-32922a2 e-con-full e-flex e-con e-child\" data-id=\"32922a2\" data-element_type=\"container\" data-e-type=\"container\">\n\t\t\t\t<div class=\"elementor-element elementor-element-584e93b elementor-widget__width-initial elementor-widget-mobile__width-inherit elementor-widget elementor-widget-heading\" data-id=\"584e93b\" data-element_type=\"widget\" data-e-type=\"widget\" data-widget_type=\"heading.default\">\n\t\t\t\t<div class=\"elementor-widget-container\">\n\t\t\t\t\t<h3 class=\"elementor-heading-title elementor-size-default\">Empastes y restauraciones<\/h3>\t\t\t\t<\/div>\n\t\t\t\t<\/div>\n\t\t\t\t<div class=\"elementor-element elementor-element-4badd7f elementor-widget__width-initial elementor-widget-mobile__width-inherit elementor-widget elementor-widget-text-editor\" data-id=\"4badd7f\" data-element_type=\"widget\" data-e-type=\"widget\" data-widget_type=\"text-editor.default\">\n\t\t\t\t<div class=\"elementor-widget-container\">\n\t\t\t\t\t\t\t\t\t<p>Si tu hijo tiene una caries, la eliminamos y la reemplazamos con un material biocompatible del color del diente, devolviendo su funci\u00f3n y est\u00e9tica, y evitamos que lleguen a causarles problemas m\u00e1s graves por no atenderse a tiempo. Incluso, algunas veces, restauramos molares y dientes de los peque\u00f1os que se han fracturado ligeramente por ca\u00eddas o por un fuerte impacto.<\/p>\t\t\t\t\t\t\t\t<\/div>\n\t\t\t\t<\/div>\n\t\t\t\t<\/div>\n\t\t<div class=\"elementor-element elementor-element-7e1a5b2 e-con-full e-flex e-con e-child\" data-id=\"7e1a5b2\" data-element_type=\"container\" data-e-type=\"container\">\n\t\t\t\t<div class=\"elementor-element elementor-element-addf806 elementor-widget__width-initial elementor-widget-mobile__width-inherit elementor-widget elementor-widget-heading\" data-id=\"addf806\" data-element_type=\"widget\" data-e-type=\"widget\" data-widget_type=\"heading.default\">\n\t\t\t\t<div class=\"elementor-widget-container\">\n\t\t\t\t\t<h3 class=\"elementor-heading-title elementor-size-default\">Selladores dentales<\/h3>\t\t\t\t<\/div>\n\t\t\t\t<\/div>\n\t\t\t\t<div class=\"elementor-element elementor-element-a5db8f8 elementor-widget__width-initial elementor-widget-mobile__width-inherit elementor-widget elementor-widget-text-editor\" data-id=\"a5db8f8\" data-element_type=\"widget\" data-e-type=\"widget\" data-widget_type=\"text-editor.default\">\n\t\t\t\t<div class=\"elementor-widget-container\">\n\t\t\t\t\t\t\t\t\t<p>Aplicamos una capa protectora en las superficies masticatorias de los dientes y molares para prevenir la formaci\u00f3n de caries en zonas de dif\u00edcil acceso y donde a veces, a causa de un insuficiente cepillado, pueden acumular sarro y placa.<\/p>\t\t\t\t\t\t\t\t<\/div>\n\t\t\t\t<\/div>\n\t\t\t\t<\/div>\n\t\t<div class=\"elementor-element elementor-element-9923734 e-con-full e-flex e-con e-child\" data-id=\"9923734\" data-element_type=\"container\" data-e-type=\"container\">\n\t\t\t\t<div class=\"elementor-element elementor-element-04af69c elementor-widget__width-initial elementor-widget-mobile__width-inherit elementor-widget elementor-widget-heading\" data-id=\"04af69c\" data-element_type=\"widget\" data-e-type=\"widget\" data-widget_type=\"heading.default\">\n\t\t\t\t<div class=\"elementor-widget-container\">\n\t\t\t\t\t<h3 class=\"elementor-heading-title elementor-size-default\">Ortodoncia<\/h3>\t\t\t\t<\/div>\n\t\t\t\t<\/div>\n\t\t\t\t<div class=\"elementor-element elementor-element-e63be2a elementor-widget__width-initial elementor-widget-mobile__width-inherit elementor-widget elementor-widget-text-editor\" data-id=\"e63be2a\" data-element_type=\"widget\" data-e-type=\"widget\" data-widget_type=\"text-editor.default\">\n\t\t\t\t<div class=\"elementor-widget-container\">\n\t\t\t\t\t\t\t\t\t<p>Corregimos problemas de mordida y la posici\u00f3n de los dientes con diferentes opciones, como brackets met\u00e1licos o de colores, o alineadores transparentes, mejorando la est\u00e9tica y la funci\u00f3n masticatoria.\u00a0<\/p>\t\t\t\t\t\t\t\t<\/div>\n\t\t\t\t<\/div>\n\t\t\t\t<\/div>\n\t\t<div class=\"elementor-element elementor-element-79e0243 e-con-full e-flex e-con e-child\" data-id=\"79e0243\" data-element_type=\"container\" data-e-type=\"container\">\n\t\t\t\t<div class=\"elementor-element elementor-element-1881ba9 elementor-widget__width-initial elementor-widget-mobile__width-inherit elementor-widget elementor-widget-heading\" data-id=\"1881ba9\" data-element_type=\"widget\" data-e-type=\"widget\" data-widget_type=\"heading.default\">\n\t\t\t\t<div class=\"elementor-widget-container\">\n\t\t\t\t\t<h3 class=\"elementor-heading-title elementor-size-default\">Extracciones<\/h3>\t\t\t\t<\/div>\n\t\t\t\t<\/div>\n\t\t\t\t<div class=\"elementor-element elementor-element-ab7db57 elementor-widget__width-initial elementor-widget-mobile__width-inherit elementor-widget elementor-widget-text-editor\" data-id=\"ab7db57\" data-element_type=\"widget\" data-e-type=\"widget\" data-widget_type=\"text-editor.default\">\n\t\t\t\t<div class=\"elementor-widget-container\">\n\t\t\t\t\t\t\t\t\t<p>En algunos casos, como dientes con caries severas o api\u00f1amiento dental, puede ser necesario realizar una extracci\u00f3n.<\/p>\t\t\t\t\t\t\t\t<\/div>\n\t\t\t\t<\/div>\n\t\t\t\t<\/div>\n\t\t<div class=\"elementor-element elementor-element-88dbaa5 e-con-full e-flex e-con e-child\" data-id=\"88dbaa5\" data-element_type=\"container\" data-e-type=\"container\">\n\t\t\t\t<div class=\"elementor-element elementor-element-73f7061 elementor-widget__width-initial elementor-widget-mobile__width-inherit elementor-widget elementor-widget-heading\" data-id=\"73f7061\" data-element_type=\"widget\" data-e-type=\"widget\" data-widget_type=\"heading.default\">\n\t\t\t\t<div class=\"elementor-widget-container\">\n\t\t\t\t\t<h3 class=\"elementor-heading-title elementor-size-default\">Protectores bucales atl\u00e9ticos<\/h3>\t\t\t\t<\/div>\n\t\t\t\t<\/div>\n\t\t\t\t<div class=\"elementor-element elementor-element-efa24c4 elementor-widget__width-initial elementor-widget-mobile__width-inherit elementor-widget elementor-widget-text-editor\" data-id=\"efa24c4\" data-element_type=\"widget\" data-e-type=\"widget\" data-widget_type=\"text-editor.default\">\n\t\t\t\t<div class=\"elementor-widget-container\">\n\t\t\t\t\t\t\t\t\t<p>Para proteger los dientes de tu hijo durante la pr\u00e1ctica de deportes de contacto, recomendamos el uso de protectores bucales personalizados y a medida, de acuerdo a su anatom\u00eda bucodental.\u00a0<\/p>\t\t\t\t\t\t\t\t<\/div>\n\t\t\t\t<\/div>\n\t\t\t\t<\/div>\n\t\t\t\t\t<\/div>\n\t\t\t\t<\/div>\n\t\t<div class=\"elementor-element elementor-element-6896e2f3 e-flex e-con-boxed e-con e-parent\" data-id=\"6896e2f3\" data-element_type=\"container\" data-e-type=\"container\">\n\t\t\t\t\t<div class=\"e-con-inner\">\n\t\t<div class=\"elementor-element elementor-element-467d7195 e-con-full e-flex e-con e-child\" data-id=\"467d7195\" data-element_type=\"container\" data-e-type=\"container\">\n\t\t\t\t<div class=\"elementor-element elementor-element-4a59e6ac elementor-widget-tablet__width-auto elementor-widget elementor-widget-image\" data-id=\"4a59e6ac\" data-element_type=\"widget\" data-e-type=\"widget\" data-widget_type=\"image.default\">\n\t\t\t\t<div class=\"elementor-widget-container\">\n\t\t\t\t\t\t\t\t\t\t\t\t\t\t\t<img fetchpriority=\"high\" decoding=\"async\" width=\"1024\" height=\"683\" src=\"https:\/\/miramarfamilydental.com\/wp-content\/uploads\/2024\/03\/plaque-indicator-human-teeth-with-braces-plaque-is-colored-pink-teenager-using-plaque-indicator_152904-50808-1024x683.jpg\" class=\"attachment-large size-large wp-image-2587\" alt=\"Plaque indicator on human teeth with braces plaque is colored pink teenager using plaque indicator\" srcset=\"https:\/\/miramarfamilydental.com\/wp-content\/uploads\/2024\/03\/plaque-indicator-human-teeth-with-braces-plaque-is-colored-pink-teenager-using-plaque-indicator_152904-50808-1024x683.jpg 1024w, https:\/\/miramarfamilydental.com\/wp-content\/uploads\/2024\/03\/plaque-indicator-human-teeth-with-braces-plaque-is-colored-pink-teenager-using-plaque-indicator_152904-50808-300x200.jpg 300w, https:\/\/miramarfamilydental.com\/wp-content\/uploads\/2024\/03\/plaque-indicator-human-teeth-with-braces-plaque-is-colored-pink-teenager-using-plaque-indicator_152904-50808-768x512.jpg 768w, https:\/\/miramarfamilydental.com\/wp-content\/uploads\/2024\/03\/plaque-indicator-human-teeth-with-braces-plaque-is-colored-pink-teenager-using-plaque-indicator_152904-50808-1536x1025.jpg 1536w, https:\/\/miramarfamilydental.com\/wp-content\/uploads\/2024\/03\/plaque-indicator-human-teeth-with-braces-plaque-is-colored-pink-teenager-using-plaque-indicator_152904-50808-2048x1366.jpg 2048w\" sizes=\"(max-width: 1024px) 100vw, 1024px\" title=\"\">\t\t\t\t\t\t\t\t\t\t\t\t\t\t\t<\/div>\n\t\t\t\t<\/div>\n\t\t\t\t<\/div>\n\t\t<div class=\"elementor-element elementor-element-2e43a5ca e-con-full e-flex e-con e-child\" data-id=\"2e43a5ca\" data-element_type=\"container\" data-e-type=\"container\">\n\t\t\t\t<div class=\"elementor-element elementor-element-31550221 elementor-widget-tablet__width-auto elementor-widget elementor-widget-image\" data-id=\"31550221\" data-element_type=\"widget\" data-e-type=\"widget\" data-widget_type=\"image.default\">\n\t\t\t\t<div class=\"elementor-widget-container\">\n\t\t\t\t\t\t\t\t\t\t\t\t\t\t\t<img decoding=\"async\" width=\"1024\" height=\"683\" src=\"https:\/\/miramarfamilydental.com\/wp-content\/uploads\/2024\/03\/odontologia-pediatrica-1024x683.webp\" class=\"attachment-large size-large wp-image-2575\" alt=\"\" srcset=\"https:\/\/miramarfamilydental.com\/wp-content\/uploads\/2024\/03\/odontologia-pediatrica-1024x683.webp 1024w, https:\/\/miramarfamilydental.com\/wp-content\/uploads\/2024\/03\/odontologia-pediatrica-300x200.webp 300w, https:\/\/miramarfamilydental.com\/wp-content\/uploads\/2024\/03\/odontologia-pediatrica-768x512.webp 768w, https:\/\/miramarfamilydental.com\/wp-content\/uploads\/2024\/03\/odontologia-pediatrica-1536x1025.webp 1536w, https:\/\/miramarfamilydental.com\/wp-content\/uploads\/2024\/03\/odontologia-pediatrica-2048x1366.webp 2048w\" sizes=\"(max-width: 1024px) 100vw, 1024px\" title=\"\">\t\t\t\t\t\t\t\t\t\t\t\t\t\t\t<\/div>\n\t\t\t\t<\/div>\n\t\t\t\t<\/div>\n\t\t<div class=\"elementor-element elementor-element-7d552106 e-con-full e-flex e-con e-child\" data-id=\"7d552106\" data-element_type=\"container\" data-e-type=\"container\">\n\t\t\t\t<div class=\"elementor-element elementor-element-4c64ee99 elementor-widget-tablet__width-auto elementor-widget elementor-widget-image\" data-id=\"4c64ee99\" data-element_type=\"widget\" data-e-type=\"widget\" data-widget_type=\"image.default\">\n\t\t\t\t<div class=\"elementor-widget-container\">\n\t\t\t\t\t\t\t\t\t\t\t\t\t\t\t<img decoding=\"async\" width=\"1024\" height=\"1024\" src=\"https:\/\/miramarfamilydental.com\/wp-content\/uploads\/2024\/03\/miramarfamilydental_1548787986_1967698708021599110_8597807466-1-1024x1024.jpg\" class=\"attachment-large size-large wp-image-2514\" alt=\"\" srcset=\"https:\/\/miramarfamilydental.com\/wp-content\/uploads\/2024\/03\/miramarfamilydental_1548787986_1967698708021599110_8597807466-1-1024x1024.jpg 1024w, https:\/\/miramarfamilydental.com\/wp-content\/uploads\/2024\/03\/miramarfamilydental_1548787986_1967698708021599110_8597807466-1-300x300.jpg 300w, https:\/\/miramarfamilydental.com\/wp-content\/uploads\/2024\/03\/miramarfamilydental_1548787986_1967698708021599110_8597807466-1-150x150.jpg 150w, https:\/\/miramarfamilydental.com\/wp-content\/uploads\/2024\/03\/miramarfamilydental_1548787986_1967698708021599110_8597807466-1-768x768.jpg 768w, https:\/\/miramarfamilydental.com\/wp-content\/uploads\/2024\/03\/miramarfamilydental_1548787986_1967698708021599110_8597807466-1-600x600.jpg 600w, https:\/\/miramarfamilydental.com\/wp-content\/uploads\/2024\/03\/miramarfamilydental_1548787986_1967698708021599110_8597807466-1.jpg 1080w\" sizes=\"(max-width: 1024px) 100vw, 1024px\" title=\"\">\t\t\t\t\t\t\t\t\t\t\t\t\t\t\t<\/div>\n\t\t\t\t<\/div>\n\t\t\t\t<\/div>\n\t\t<div class=\"elementor-element elementor-element-8c7417a e-con-full e-flex e-con e-child\" data-id=\"8c7417a\" data-element_type=\"container\" data-e-type=\"container\">\n\t\t\t\t<div class=\"elementor-element elementor-element-c8adce9 elementor-widget elementor-widget-image\" data-id=\"c8adce9\" data-element_type=\"widget\" data-e-type=\"widget\" data-widget_type=\"image.default\">\n\t\t\t\t<div class=\"elementor-widget-container\">\n\t\t\t\t\t\t\t\t\t\t\t\t\t\t\t<img loading=\"lazy\" decoding=\"async\" width=\"1024\" height=\"1024\" src=\"https:\/\/miramarfamilydental.com\/wp-content\/uploads\/2024\/03\/servicios-odontontologia-pediatrica-1024x1024.webp\" class=\"attachment-large size-large wp-image-2665\" alt=\"\" srcset=\"https:\/\/miramarfamilydental.com\/wp-content\/uploads\/2024\/03\/servicios-odontontologia-pediatrica-1024x1024.webp 1024w, https:\/\/miramarfamilydental.com\/wp-content\/uploads\/2024\/03\/servicios-odontontologia-pediatrica-300x300.webp 300w, https:\/\/miramarfamilydental.com\/wp-content\/uploads\/2024\/03\/servicios-odontontologia-pediatrica-150x150.webp 150w, https:\/\/miramarfamilydental.com\/wp-content\/uploads\/2024\/03\/servicios-odontontologia-pediatrica-768x768.webp 768w, https:\/\/miramarfamilydental.com\/wp-content\/uploads\/2024\/03\/servicios-odontontologia-pediatrica-1536x1536.webp 1536w, https:\/\/miramarfamilydental.com\/wp-content\/uploads\/2024\/03\/servicios-odontontologia-pediatrica-2048x2048.webp 2048w, https:\/\/miramarfamilydental.com\/wp-content\/uploads\/2024\/03\/servicios-odontontologia-pediatrica-600x600.webp 600w\" sizes=\"(max-width: 1024px) 100vw, 1024px\" title=\"\">\t\t\t\t\t\t\t\t\t\t\t\t\t\t\t<\/div>\n\t\t\t\t<\/div>\n\t\t\t\t<\/div>\n\t\t<div class=\"elementor-element elementor-element-254d427d e-con-full e-flex e-con e-child\" data-id=\"254d427d\" data-element_type=\"container\" data-e-type=\"container\">\n\t\t\t\t<div class=\"elementor-element elementor-element-9f39baf elementor-widget elementor-widget-text-editor\" data-id=\"9f39baf\" data-element_type=\"widget\" data-e-type=\"widget\" data-widget_type=\"text-editor.default\">\n\t\t\t\t<div class=\"elementor-widget-container\">\n\t\t\t\t\t\t\t\t\t<p>Como padre, crea un ambiente positivo en torno a la higiene bucal y haz que el cepillado de dientes sea una experiencia divertida para ellos.<\/p>\t\t\t\t\t\t\t\t<\/div>\n\t\t\t\t<\/div>\n\t\t\t\t<\/div>\n\t\t\t\t\t<\/div>\n\t\t\t\t<\/div>\n\t\t\t\t<\/div>\n\t\t","protected":false},"excerpt":{"rendered":"<p>Servicios de Odontolog\u00eda pedi\u00e1trica https:\/\/miramarfamilydental.com\/wp-content\/uploads\/2024\/03\/Servicios-odontologia-pediatrica.mp4La odontolog\u00eda pedi\u00e1trica, tambi\u00e9n conocida como odontopediatr\u00eda, es la especialidad de la odontolog\u00eda que se encarga de la salud bucodental de los ni\u00f1os desde el nacimiento hasta la adolescencia. Dado su papel fundamental en la salud y el bienestar de los peque\u00f1os, es importante que como padre tomes medidas para cuidar [&hellip;]<\/p>\n","protected":false},"author":1,"featured_media":2567,"parent":6704,"menu_order":0,"comment_status":"closed","ping_status":"closed","template":"","meta":{"footnotes":""},"class_list":["post-1089","page","type-page","status-publish","has-post-thumbnail","hentry"],"_links":{"self":[{"href":"https:\/\/miramarfamilydental.com\/es\/wp-json\/wp\/v2\/pages\/1089","targetHints":{"allow":["GET"]}}],"collection":[{"href":"https:\/\/miramarfamilydental.com\/es\/wp-json\/wp\/v2\/pages"}],"about":[{"href":"https:\/\/miramarfamilydental.com\/es\/wp-json\/wp\/v2\/types\/page"}],"author":[{"embeddable":true,"href":"https:\/\/miramarfamilydental.com\/es\/wp-json\/wp\/v2\/users\/1"}],"replies":[{"embeddable":true,"href":"https:\/\/miramarfamilydental.com\/es\/wp-json\/wp\/v2\/comments?post=1089"}],"version-history":[{"count":0,"href":"https:\/\/miramarfamilydental.com\/es\/wp-json\/wp\/v2\/pages\/1089\/revisions"}],"up":[{"embeddable":true,"href":"https:\/\/miramarfamilydental.com\/es\/wp-json\/wp\/v2\/pages\/6704"}],"wp:featuredmedia":[{"embeddable":true,"href":"https:\/\/miramarfamilydental.com\/es\/wp-json\/wp\/v2\/media\/2567"}],"wp:attachment":[{"href":"https:\/\/miramarfamilydental.com\/es\/wp-json\/wp\/v2\/media?parent=1089"}],"curies":[{"name":"wp","href":"https:\/\/api.w.org\/{rel}","templated":true}]}}