{"id":1112,"date":"2024-02-24T10:10:28","date_gmt":"2024-02-24T16:10:28","guid":{"rendered":"https:\/\/miramarfamilydental.com\/?page_id=1112"},"modified":"2025-09-08T19:23:46","modified_gmt":"2025-09-09T00:23:46","slug":"servicios-periodoncia","status":"publish","type":"page","link":"https:\/\/miramarfamilydental.com\/es\/servicios-dentales\/servicios-periodoncia\/","title":{"rendered":"Periodoncia"},"content":{"rendered":"\t\t<div data-elementor-type=\"wp-page\" data-elementor-id=\"1112\" class=\"elementor elementor-1112\" data-elementor-post-type=\"page\">\n\t\t\t\t<div class=\"elementor-element elementor-element-625a049 e-flex e-con-boxed e-con e-parent\" data-id=\"625a049\" data-element_type=\"container\" data-e-type=\"container\" data-settings=\"{&quot;background_background&quot;:&quot;classic&quot;}\">\n\t\t\t\t\t<div class=\"e-con-inner\">\n\t\t\t\t<div class=\"elementor-element elementor-element-4a08bc9 elementor-widget elementor-widget-heading\" data-id=\"4a08bc9\" data-element_type=\"widget\" data-e-type=\"widget\" data-widget_type=\"heading.default\">\n\t\t\t\t<div class=\"elementor-widget-container\">\n\t\t\t\t\t<h1 class=\"elementor-heading-title elementor-size-default\">Servicios de Periodoncia<\/h1>\t\t\t\t<\/div>\n\t\t\t\t<\/div>\n\t\t\t\t\t<\/div>\n\t\t\t\t<\/div>\n\t\t<div class=\"elementor-element elementor-element-aae8de1 e-flex e-con-boxed e-con e-parent\" data-id=\"aae8de1\" data-element_type=\"container\" data-e-type=\"container\">\n\t\t\t\t\t<div class=\"e-con-inner\">\n\t\t\t\t<div class=\"elementor-element elementor-element-5223c1b0 elementor-widget__width-initial elementor-widget-mobile__width-inherit elementor-widget elementor-widget-video\" data-id=\"5223c1b0\" data-element_type=\"widget\" data-e-type=\"widget\" data-settings=\"{&quot;video_type&quot;:&quot;hosted&quot;,&quot;controls&quot;:&quot;yes&quot;}\" data-widget_type=\"video.default\">\n\t\t\t\t<div class=\"elementor-widget-container\">\n\t\t\t\t\t\t\t<div class=\"e-hosted-video elementor-wrapper elementor-open-inline\">\n\t\t\t\t\t<video class=\"elementor-video\" src=\"https:\/\/miramarfamilydental.com\/wp-content\/uploads\/2024\/03\/servicios-periodoncia.mp4\" controls=\"\" preload=\"metadata\" controlsList=\"nodownload\"><\/video>\n\t\t\t\t<\/div>\n\t\t\t\t\t\t<\/div>\n\t\t\t\t<\/div>\n\t\t\t\t<div class=\"elementor-element elementor-element-60d30bf elementor-widget__width-initial elementor-widget-mobile__width-inherit elementor-widget elementor-widget-text-editor\" data-id=\"60d30bf\" data-element_type=\"widget\" data-e-type=\"widget\" data-widget_type=\"text-editor.default\">\n\t\t\t\t<div class=\"elementor-widget-container\">\n\t\t\t\t\t\t\t\t\t<p>Las enfermedades de las enc\u00edas (o periodontales) son una de las causas m\u00e1s comunes de p\u00e9rdida de dientes en adultos.\u00a0En MiraMar Family Dental nos especializamos en el diagn\u00f3stico, prevenci\u00f3n y tratamiento de las enfermedades de las enc\u00edas y los tejidos que rodean a los dientes: la\u00a0gingivitis\u00a0(inflamaci\u00f3n de las enc\u00edas) y la\u00a0periodontitis\u00a0(infecci\u00f3n cr\u00f3nica de las estructuras de soporte dental).\u00a0Nuestro equipo de expertos est\u00e1 comprometido con tu salud bucal y con preservar la funci\u00f3n y est\u00e9tica de tus dientes y tu sonrisa.<\/p>\t\t\t\t\t\t\t\t<\/div>\n\t\t\t\t<\/div>\n\t\t\t\t\t<\/div>\n\t\t\t\t<\/div>\n\t\t<div class=\"elementor-element elementor-element-9e83d78 e-flex e-con-boxed e-con e-child\" data-id=\"9e83d78\" data-element_type=\"container\" data-e-type=\"container\">\n\t\t\t\t\t<div class=\"e-con-inner\">\n\t\t\t\t<div class=\"elementor-element elementor-element-2e3907ee elementor-widget elementor-widget-heading\" data-id=\"2e3907ee\" data-element_type=\"widget\" data-e-type=\"widget\" data-widget_type=\"heading.default\">\n\t\t\t\t<div class=\"elementor-widget-container\">\n\t\t\t\t\t<h2 class=\"elementor-heading-title elementor-size-default\">Tratamientos periodontales especializados para mantener tus enc\u00edas saludables:<\/h2>\t\t\t\t<\/div>\n\t\t\t\t<\/div>\n\t\t<div class=\"elementor-element elementor-element-23257eb1 e-con-full e-flex e-con e-child\" data-id=\"23257eb1\" data-element_type=\"container\" data-e-type=\"container\">\n\t\t\t\t<div class=\"elementor-element elementor-element-1377d16 elementor-widget__width-initial elementor-widget-mobile__width-inherit elementor-widget elementor-widget-heading\" data-id=\"1377d16\" data-element_type=\"widget\" data-e-type=\"widget\" data-widget_type=\"heading.default\">\n\t\t\t\t<div class=\"elementor-widget-container\">\n\t\t\t\t\t<h3 class=\"elementor-heading-title elementor-size-default\">Terapia periodontal<\/h3>\t\t\t\t<\/div>\n\t\t\t\t<\/div>\n\t\t\t\t<div class=\"elementor-element elementor-element-4600c8bb elementor-widget__width-initial elementor-widget-mobile__width-inherit elementor-widget elementor-widget-text-editor\" data-id=\"4600c8bb\" data-element_type=\"widget\" data-e-type=\"widget\" data-widget_type=\"text-editor.default\">\n\t\t\t\t<div class=\"elementor-widget-container\">\n\t\t\t\t\t\t\t\t\t<p>La terapia periodontal ayuda a prevenir la progresi\u00f3n de la enfermedad periodontal y a mantener los dientes firmemente anclados en su lugar.\u00a0Realizamos ex\u00e1menes exhaustivos para evaluar la salud de las enc\u00edas y detectar signos tempranos de enfermedad periodontal. Cuando es necesario, se realiza\u00a0limpieza profunda (raspado y alisado radicular) para eliminar la placa y el sarro debajo de las enc\u00edas.\u00a0<\/p>\t\t\t\t\t\t\t\t<\/div>\n\t\t\t\t<\/div>\n\t\t\t\t<\/div>\n\t\t<div class=\"elementor-element elementor-element-ebafb29 e-con-full e-flex e-con e-child\" data-id=\"ebafb29\" data-element_type=\"container\" data-e-type=\"container\">\n\t\t\t\t<div class=\"elementor-element elementor-element-d6fbfdb elementor-widget__width-initial elementor-widget-mobile__width-inherit elementor-widget elementor-widget-heading\" data-id=\"d6fbfdb\" data-element_type=\"widget\" data-e-type=\"widget\" data-widget_type=\"heading.default\">\n\t\t\t\t<div class=\"elementor-widget-container\">\n\t\t\t\t\t<h3 class=\"elementor-heading-title elementor-size-default\">Implantes dentales<\/h3>\t\t\t\t<\/div>\n\t\t\t\t<\/div>\n\t\t\t\t<div class=\"elementor-element elementor-element-f7b364c elementor-widget__width-initial elementor-widget-mobile__width-inherit elementor-widget elementor-widget-text-editor\" data-id=\"f7b364c\" data-element_type=\"widget\" data-e-type=\"widget\" data-widget_type=\"text-editor.default\">\n\t\t\t\t<div class=\"elementor-widget-container\">\n\t\t\t\t\t\t\t\t\t<p>Los implantes dentales son una soluci\u00f3n permanente para reemplazar dientes perdidos. Son tornillos de titanio que se insertan en el hueso maxilar, actuando como ra\u00edces artificiales para soportar coronas, puentes o pr\u00f3tesis dentales. Se puede colocar un implante para un solo diente, para varios o para toda la arcada (implantes All-on-X) .<\/p>\t\t\t\t\t\t\t\t<\/div>\n\t\t\t\t<\/div>\n\t\t\t\t<\/div>\n\t\t<div class=\"elementor-element elementor-element-f40c7fa e-con-full e-flex e-con e-child\" data-id=\"f40c7fa\" data-element_type=\"container\" data-e-type=\"container\">\n\t\t\t\t<div class=\"elementor-element elementor-element-6438997 elementor-widget__width-initial elementor-widget-mobile__width-inherit elementor-widget elementor-widget-heading\" data-id=\"6438997\" data-element_type=\"widget\" data-e-type=\"widget\" data-widget_type=\"heading.default\">\n\t\t\t\t<div class=\"elementor-widget-container\">\n\t\t\t\t\t<h3 class=\"elementor-heading-title elementor-size-default\">Aumento de cresta alveolar<\/h3>\t\t\t\t<\/div>\n\t\t\t\t<\/div>\n\t\t\t\t<div class=\"elementor-element elementor-element-d71c629 elementor-widget__width-initial elementor-widget-mobile__width-inherit elementor-widget elementor-widget-text-editor\" data-id=\"d71c629\" data-element_type=\"widget\" data-e-type=\"widget\" data-widget_type=\"text-editor.default\">\n\t\t\t\t<div class=\"elementor-widget-container\">\n\t\t\t\t\t\t\t\t\t<p>\u00a0Este procedimiento suele realizarse cuando hay una p\u00e9rdida o deficiencia de hueso en la cresta alveolar (que es el hueso que rodea y sostiene los dientes), ya sea por extracciones dentales previas, enfermedades periodontales, traumatismos, etc. El aumento de cresta alveolar permite reconstruir el hueso perdido para poder colocar posteriormente implantes dentales u otras rehabilitaciones prot\u00e9sicas.\u00a0<\/p>\t\t\t\t\t\t\t\t<\/div>\n\t\t\t\t<\/div>\n\t\t\t\t<\/div>\n\t\t<div class=\"elementor-element elementor-element-3e964fb e-con-full e-flex e-con e-child\" data-id=\"3e964fb\" data-element_type=\"container\" data-e-type=\"container\">\n\t\t\t\t<div class=\"elementor-element elementor-element-81eda37 elementor-widget__width-initial elementor-widget-mobile__width-inherit elementor-widget elementor-widget-heading\" data-id=\"81eda37\" data-element_type=\"widget\" data-e-type=\"widget\" data-widget_type=\"heading.default\">\n\t\t\t\t<div class=\"elementor-widget-container\">\n\t\t\t\t\t<h3 class=\"elementor-heading-title elementor-size-default\">Injerto de enc\u00edas<\/h3>\t\t\t\t<\/div>\n\t\t\t\t<\/div>\n\t\t\t\t<div class=\"elementor-element elementor-element-76ef1ca elementor-widget__width-initial elementor-widget-mobile__width-inherit elementor-widget elementor-widget-text-editor\" data-id=\"76ef1ca\" data-element_type=\"widget\" data-e-type=\"widget\" data-widget_type=\"text-editor.default\">\n\t\t\t\t<div class=\"elementor-widget-container\">\n\t\t\t\t\t\t\t\t\t<p>Este procedimiento consiste en tomar tejido gingival sano del propio paciente y trasplantarlo quir\u00fargicamente a las zonas con deficiencia de enc\u00eda para reconstruir los tejidos blandos que rodean a los dientes. Esto ayudar\u00e1 a cubrir la ra\u00edz del diente, protegerlo de la sensibilidad y mejorar la est\u00e9tica de tu sonrisa. Es un procedimiento relativamente sencillo realizado con anestesia local. Solo requiere un postoperatorio de cuidados espec\u00edficos para permitir una adecuada cicatrizaci\u00f3n del injerto.<\/p>\t\t\t\t\t\t\t\t<\/div>\n\t\t\t\t<\/div>\n\t\t\t\t<\/div>\n\t\t<div class=\"elementor-element elementor-element-4905805 e-con-full e-flex e-con e-child\" data-id=\"4905805\" data-element_type=\"container\" data-e-type=\"container\">\n\t\t\t\t<div class=\"elementor-element elementor-element-bfc2d38 elementor-widget__width-initial elementor-widget-mobile__width-inherit elementor-widget elementor-widget-heading\" data-id=\"bfc2d38\" data-element_type=\"widget\" data-e-type=\"widget\" data-widget_type=\"heading.default\">\n\t\t\t\t<div class=\"elementor-widget-container\">\n\t\t\t\t\t<h3 class=\"elementor-heading-title elementor-size-default\">Contorno de enc\u00edas<\/h3>\t\t\t\t<\/div>\n\t\t\t\t<\/div>\n\t\t\t\t<div class=\"elementor-element elementor-element-71e94b4 elementor-widget__width-initial elementor-widget-mobile__width-inherit elementor-widget elementor-widget-text-editor\" data-id=\"71e94b4\" data-element_type=\"widget\" data-e-type=\"widget\" data-widget_type=\"text-editor.default\">\n\t\t\t\t<div class=\"elementor-widget-container\">\n\t\t\t\t\t\t\t\t\t<p>El contorno de enc\u00edas, tambi\u00e9n conocido como remodelaci\u00f3n de enc\u00edas o gingivoplastia, es un procedimiento que se realiza para modificar la forma, posici\u00f3n y contorno de las enc\u00edas con el fin de mejorar la apariencia de la sonrisa. Con este procedimiento se busca realzar la sonrisa, creando un contorno gingival m\u00e1s est\u00e9tico y sim\u00e9trico.<\/p>\t\t\t\t\t\t\t\t<\/div>\n\t\t\t\t<\/div>\n\t\t\t\t<\/div>\n\t\t\t\t\t<\/div>\n\t\t\t\t<\/div>\n\t\t<div class=\"elementor-element elementor-element-62e9c866 e-flex e-con-boxed e-con e-parent\" data-id=\"62e9c866\" data-element_type=\"container\" data-e-type=\"container\">\n\t\t\t\t\t<div class=\"e-con-inner\">\n\t\t<div class=\"elementor-element elementor-element-3afbef87 e-con-full e-flex e-con e-child\" data-id=\"3afbef87\" data-element_type=\"container\" data-e-type=\"container\">\n\t\t\t\t<div class=\"elementor-element elementor-element-17b81495 elementor-widget-tablet__width-auto elementor-widget elementor-widget-image\" data-id=\"17b81495\" data-element_type=\"widget\" data-e-type=\"widget\" data-widget_type=\"image.default\">\n\t\t\t\t<div class=\"elementor-widget-container\">\n\t\t\t\t\t\t\t\t\t\t\t\t\t\t\t<img fetchpriority=\"high\" decoding=\"async\" width=\"734\" height=\"1024\" src=\"https:\/\/miramarfamilydental.com\/wp-content\/uploads\/2024\/03\/Implante-fondo-azul-1-734x1024.png\" class=\"attachment-large size-large wp-image-3168\" alt=\"Esquema de un implante dental\" srcset=\"https:\/\/miramarfamilydental.com\/wp-content\/uploads\/2024\/03\/Implante-fondo-azul-1-734x1024.png 734w, https:\/\/miramarfamilydental.com\/wp-content\/uploads\/2024\/03\/Implante-fondo-azul-1-215x300.png 215w, https:\/\/miramarfamilydental.com\/wp-content\/uploads\/2024\/03\/Implante-fondo-azul-1-768x1071.png 768w, https:\/\/miramarfamilydental.com\/wp-content\/uploads\/2024\/03\/Implante-fondo-azul-1.png 861w\" sizes=\"(max-width: 734px) 100vw, 734px\" title=\"\">\t\t\t\t\t\t\t\t\t\t\t\t\t\t\t<\/div>\n\t\t\t\t<\/div>\n\t\t\t\t<\/div>\n\t\t<div class=\"elementor-element elementor-element-44b00d8a e-con-full e-flex e-con e-child\" data-id=\"44b00d8a\" data-element_type=\"container\" data-e-type=\"container\">\n\t\t\t\t<div class=\"elementor-element elementor-element-12556933 elementor-widget-tablet__width-auto elementor-widget elementor-widget-image\" data-id=\"12556933\" data-element_type=\"widget\" data-e-type=\"widget\" data-widget_type=\"image.default\">\n\t\t\t\t<div class=\"elementor-widget-container\">\n\t\t\t\t\t\t\t\t\t\t\t\t\t\t\t<img decoding=\"async\" width=\"1024\" height=\"682\" src=\"https:\/\/miramarfamilydental.com\/wp-content\/uploads\/2024\/03\/servicios-implantes-dentales-1-1024x682.webp\" class=\"attachment-large size-large wp-image-3151\" alt=\"Servicios de periodoncia par aimplantes dentales en personas adultas en Miramar Family Dental\" srcset=\"https:\/\/miramarfamilydental.com\/wp-content\/uploads\/2024\/03\/servicios-implantes-dentales-1-1024x682.webp 1024w, https:\/\/miramarfamilydental.com\/wp-content\/uploads\/2024\/03\/servicios-implantes-dentales-1-300x200.webp 300w, https:\/\/miramarfamilydental.com\/wp-content\/uploads\/2024\/03\/servicios-implantes-dentales-1-768x512.webp 768w, https:\/\/miramarfamilydental.com\/wp-content\/uploads\/2024\/03\/servicios-implantes-dentales-1-1536x1024.webp 1536w, https:\/\/miramarfamilydental.com\/wp-content\/uploads\/2024\/03\/servicios-implantes-dentales-1.webp 2000w\" sizes=\"(max-width: 1024px) 100vw, 1024px\" title=\"\">\t\t\t\t\t\t\t\t\t\t\t\t\t\t\t<\/div>\n\t\t\t\t<\/div>\n\t\t\t\t<\/div>\n\t\t<div class=\"elementor-element elementor-element-4f382b6e e-con-full e-flex e-con e-child\" data-id=\"4f382b6e\" data-element_type=\"container\" data-e-type=\"container\">\n\t\t\t\t<div class=\"elementor-element elementor-element-28629b2c elementor-widget-tablet__width-auto elementor-widget elementor-widget-image\" data-id=\"28629b2c\" data-element_type=\"widget\" data-e-type=\"widget\" data-widget_type=\"image.default\">\n\t\t\t\t<div class=\"elementor-widget-container\">\n\t\t\t\t\t\t\t\t\t\t\t\t\t\t\t<img decoding=\"async\" width=\"1024\" height=\"683\" src=\"https:\/\/miramarfamilydental.com\/wp-content\/uploads\/2024\/03\/encias-rojas-1024x683.webp\" class=\"attachment-large size-large wp-image-3153\" alt=\"Nos ocupamos de sus enc\u00edas enrojecidas\" srcset=\"https:\/\/miramarfamilydental.com\/wp-content\/uploads\/2024\/03\/encias-rojas-1024x683.webp 1024w, https:\/\/miramarfamilydental.com\/wp-content\/uploads\/2024\/03\/encias-rojas-300x200.webp 300w, https:\/\/miramarfamilydental.com\/wp-content\/uploads\/2024\/03\/encias-rojas-768x512.webp 768w, https:\/\/miramarfamilydental.com\/wp-content\/uploads\/2024\/03\/encias-rojas-1536x1024.webp 1536w, https:\/\/miramarfamilydental.com\/wp-content\/uploads\/2024\/03\/encias-rojas-2048x1365.webp 2048w\" sizes=\"(max-width: 1024px) 100vw, 1024px\" title=\"\">\t\t\t\t\t\t\t\t\t\t\t\t\t\t\t<\/div>\n\t\t\t\t<\/div>\n\t\t\t\t<\/div>\n\t\t<div class=\"elementor-element elementor-element-f310909 e-con-full e-flex e-con e-child\" data-id=\"f310909\" data-element_type=\"container\" data-e-type=\"container\">\n\t\t\t\t<div class=\"elementor-element elementor-element-11249f3d elementor-widget elementor-widget-image\" data-id=\"11249f3d\" data-element_type=\"widget\" data-e-type=\"widget\" data-widget_type=\"image.default\">\n\t\t\t\t<div class=\"elementor-widget-container\">\n\t\t\t\t\t\t\t\t\t\t\t\t\t\t\t<img loading=\"lazy\" decoding=\"async\" width=\"1024\" height=\"1024\" src=\"https:\/\/miramarfamilydental.com\/wp-content\/uploads\/2024\/03\/servicios-implante-1024x1024.webp\" class=\"attachment-large size-large wp-image-2663\" alt=\"Servicios de periodoncia ajustados a cada paciente de Miramar Family Dental\" srcset=\"https:\/\/miramarfamilydental.com\/wp-content\/uploads\/2024\/03\/servicios-implante-1024x1024.webp 1024w, https:\/\/miramarfamilydental.com\/wp-content\/uploads\/2024\/03\/servicios-implante-300x300.webp 300w, https:\/\/miramarfamilydental.com\/wp-content\/uploads\/2024\/03\/servicios-implante-150x150.webp 150w, https:\/\/miramarfamilydental.com\/wp-content\/uploads\/2024\/03\/servicios-implante-768x768.webp 768w, https:\/\/miramarfamilydental.com\/wp-content\/uploads\/2024\/03\/servicios-implante-1536x1536.webp 1536w, https:\/\/miramarfamilydental.com\/wp-content\/uploads\/2024\/03\/servicios-implante-600x600.webp 600w, https:\/\/miramarfamilydental.com\/wp-content\/uploads\/2024\/03\/servicios-implante.webp 2000w\" sizes=\"(max-width: 1024px) 100vw, 1024px\" title=\"\">\t\t\t\t\t\t\t\t\t\t\t\t\t\t\t<\/div>\n\t\t\t\t<\/div>\n\t\t\t\t<\/div>\n\t\t<div class=\"elementor-element elementor-element-67c148c0 e-con-full e-flex e-con e-child\" data-id=\"67c148c0\" data-element_type=\"container\" data-e-type=\"container\">\n\t\t\t\t<div class=\"elementor-element elementor-element-e5bbf4a elementor-widget elementor-widget-text-editor\" data-id=\"e5bbf4a\" data-element_type=\"widget\" data-e-type=\"widget\" data-widget_type=\"text-editor.default\">\n\t\t\t\t<div class=\"elementor-widget-container\">\n\t\t\t\t\t\t\t\t\t<p>Un diagn\u00f3stico precoz y un tratamiento adecuado pueden ayudarte a prevenir la p\u00e9rdida de dientes y mejorar tu salud bucodental.\u200b<\/p>\t\t\t\t\t\t\t\t<\/div>\n\t\t\t\t<\/div>\n\t\t\t\t<\/div>\n\t\t\t\t\t<\/div>\n\t\t\t\t<\/div>\n\t\t\t\t<\/div>\n\t\t","protected":false},"excerpt":{"rendered":"<p>Servicios de Periodoncia https:\/\/miramarfamilydental.com\/wp-content\/uploads\/2024\/03\/servicios-periodoncia.mp4 Las enfermedades de las enc\u00edas (o periodontales) son una de las causas m\u00e1s comunes de p\u00e9rdida de dientes en adultos.\u00a0En MiraMar Family Dental nos especializamos en el diagn\u00f3stico, prevenci\u00f3n y tratamiento de las enfermedades de las enc\u00edas y los tejidos que rodean a los dientes: la\u00a0gingivitis\u00a0(inflamaci\u00f3n de las enc\u00edas) y la\u00a0periodontitis\u00a0(infecci\u00f3n [&hellip;]<\/p>\n","protected":false},"author":1,"featured_media":2663,"parent":6704,"menu_order":0,"comment_status":"closed","ping_status":"closed","template":"","meta":{"footnotes":""},"class_list":["post-1112","page","type-page","status-publish","has-post-thumbnail","hentry"],"_links":{"self":[{"href":"https:\/\/miramarfamilydental.com\/es\/wp-json\/wp\/v2\/pages\/1112","targetHints":{"allow":["GET"]}}],"collection":[{"href":"https:\/\/miramarfamilydental.com\/es\/wp-json\/wp\/v2\/pages"}],"about":[{"href":"https:\/\/miramarfamilydental.com\/es\/wp-json\/wp\/v2\/types\/page"}],"author":[{"embeddable":true,"href":"https:\/\/miramarfamilydental.com\/es\/wp-json\/wp\/v2\/users\/1"}],"replies":[{"embeddable":true,"href":"https:\/\/miramarfamilydental.com\/es\/wp-json\/wp\/v2\/comments?post=1112"}],"version-history":[{"count":3,"href":"https:\/\/miramarfamilydental.com\/es\/wp-json\/wp\/v2\/pages\/1112\/revisions"}],"predecessor-version":[{"id":16314,"href":"https:\/\/miramarfamilydental.com\/es\/wp-json\/wp\/v2\/pages\/1112\/revisions\/16314"}],"up":[{"embeddable":true,"href":"https:\/\/miramarfamilydental.com\/es\/wp-json\/wp\/v2\/pages\/6704"}],"wp:featuredmedia":[{"embeddable":true,"href":"https:\/\/miramarfamilydental.com\/es\/wp-json\/wp\/v2\/media\/2663"}],"wp:attachment":[{"href":"https:\/\/miramarfamilydental.com\/es\/wp-json\/wp\/v2\/media?parent=1112"}],"curies":[{"name":"wp","href":"https:\/\/api.w.org\/{rel}","templated":true}]}}