{"id":1124,"date":"2024-02-24T10:21:04","date_gmt":"2024-02-24T16:21:04","guid":{"rendered":"https:\/\/miramarfamilydental.com\/?page_id=1124"},"modified":"2025-02-11T09:26:09","modified_gmt":"2025-02-11T15:26:09","slug":"informacion-para-pacientes","status":"publish","type":"page","link":"https:\/\/miramarfamilydental.com\/es\/informacion-para-pacientes\/","title":{"rendered":"Informaci\u00f3n para pacientes"},"content":{"rendered":"\t\t<div data-elementor-type=\"wp-page\" data-elementor-id=\"1124\" class=\"elementor elementor-1124\" data-elementor-post-type=\"page\">\n\t\t\t\t<div class=\"elementor-element elementor-element-6b896ff e-flex e-con-boxed e-con e-parent\" data-id=\"6b896ff\" data-element_type=\"container\" data-e-type=\"container\" data-settings=\"{&quot;background_background&quot;:&quot;classic&quot;}\">\n\t\t\t\t\t<div class=\"e-con-inner\">\n\t\t\t\t<div class=\"elementor-element elementor-element-cdbec90 elementor-widget__width-initial elementor-widget-mobile__width-inherit elementor-widget elementor-widget-heading\" data-id=\"cdbec90\" data-element_type=\"widget\" data-e-type=\"widget\" data-widget_type=\"heading.default\">\n\t\t\t\t<div class=\"elementor-widget-container\">\n\t\t\t\t\t<h1 class=\"elementor-heading-title elementor-size-default\">Informacion importante para pacientes<\/h1>\t\t\t\t<\/div>\n\t\t\t\t<\/div>\n\t\t\t\t\t<\/div>\n\t\t\t\t<\/div>\n\t\t<div class=\"elementor-element elementor-element-de0ea50 e-flex e-con-boxed e-con e-parent\" data-id=\"de0ea50\" data-element_type=\"container\" data-e-type=\"container\">\n\t\t\t\t\t<div class=\"e-con-inner\">\n\t\t<div class=\"elementor-element elementor-element-975c5d4 e-con-full e-flex elementor-invisible e-con e-child\" data-id=\"975c5d4\" data-element_type=\"container\" data-e-type=\"container\" data-settings=\"{&quot;animation&quot;:&quot;fadeIn&quot;}\">\n\t\t\t\t<div class=\"elementor-element elementor-element-3c48dbf elementor-widget elementor-widget-heading\" data-id=\"3c48dbf\" data-element_type=\"widget\" data-e-type=\"widget\" data-widget_type=\"heading.default\">\n\t\t\t\t<div class=\"elementor-widget-container\">\n\t\t\t\t\t<h2 class=\"elementor-heading-title elementor-size-default\">M\u00e1s que una cl\u00ednica, somos una familia <\/h2>\t\t\t\t<\/div>\n\t\t\t\t<\/div>\n\t\t\t\t<div class=\"elementor-element elementor-element-4032463 elementor-widget elementor-widget-text-editor\" data-id=\"4032463\" data-element_type=\"widget\" data-e-type=\"widget\" data-widget_type=\"text-editor.default\">\n\t\t\t\t<div class=\"elementor-widget-container\">\n\t\t\t\t\t\t\t\t\tEstamos encantados de recibirte en nuestra cl\u00ednica MiraMar Family Dental. Tenemos como objetivo brindar m\u00e1s que solo tratamiento dental: queremos construir relaciones s\u00f3lidas y duraderas contigo, basadas en la confianza, el respeto y la atenci\u00f3n personalizada.\n\nEn MiraMar Family Dental nos enorgullecemos de ofrecer un enfoque integral de la atenci\u00f3n dental, que abarca desde la prevenci\u00f3n hasta la restauraci\u00f3n y la mejora est\u00e9tica.\n\nEstamos aqu\u00ed para guiarte y acompa\u00f1arte a conseguir una sonrisa m\u00e1s saludable y hermosa, y esperamos poder servirte durante muchos a\u00f1os m\u00e1s.\n\n<b>\u00a1Gracias por confiarnos tu cuidado dental!<\/b>\t\t\t\t\t\t\t\t<\/div>\n\t\t\t\t<\/div>\n\t\t\t\t<\/div>\n\t\t<div class=\"elementor-element elementor-element-2459d15 e-con-full animated-slow e-flex elementor-invisible e-con e-child\" data-id=\"2459d15\" data-element_type=\"container\" data-e-type=\"container\" data-settings=\"{&quot;animation&quot;:&quot;fadeIn&quot;}\">\n\t\t\t\t<div class=\"elementor-element elementor-element-475cae4 elementor-widget elementor-widget-image\" data-id=\"475cae4\" data-element_type=\"widget\" data-e-type=\"widget\" data-widget_type=\"image.default\">\n\t\t\t\t<div class=\"elementor-widget-container\">\n\t\t\t\t\t\t\t\t\t\t\t\t\t\t\t<img fetchpriority=\"high\" decoding=\"async\" width=\"819\" height=\"1024\" src=\"https:\/\/miramarfamilydental.com\/wp-content\/uploads\/2024\/10\/miramarfamilydental_1685659073_3115856600966333868_8597807466-819x1024.jpg\" class=\"attachment-large size-large wp-image-14739\" alt=\"\" srcset=\"https:\/\/miramarfamilydental.com\/wp-content\/uploads\/2024\/10\/miramarfamilydental_1685659073_3115856600966333868_8597807466-819x1024.jpg 819w, https:\/\/miramarfamilydental.com\/wp-content\/uploads\/2024\/10\/miramarfamilydental_1685659073_3115856600966333868_8597807466-240x300.jpg 240w, https:\/\/miramarfamilydental.com\/wp-content\/uploads\/2024\/10\/miramarfamilydental_1685659073_3115856600966333868_8597807466-768x960.jpg 768w, https:\/\/miramarfamilydental.com\/wp-content\/uploads\/2024\/10\/miramarfamilydental_1685659073_3115856600966333868_8597807466.jpg 1080w\" sizes=\"(max-width: 819px) 100vw, 819px\" title=\"\">\t\t\t\t\t\t\t\t\t\t\t\t\t\t\t<\/div>\n\t\t\t\t<\/div>\n\t\t\t\t<\/div>\n\t\t\t\t\t<\/div>\n\t\t\t\t<\/div>\n\t\t<div class=\"elementor-element elementor-element-2337ad4 e-flex e-con-boxed e-con e-parent\" data-id=\"2337ad4\" data-element_type=\"container\" data-e-type=\"container\">\n\t\t\t\t\t<div class=\"e-con-inner\">\n\t\t\t\t<div class=\"elementor-element elementor-element-9f1eaef elementor-widget elementor-widget-heading\" data-id=\"9f1eaef\" data-element_type=\"widget\" data-e-type=\"widget\" data-widget_type=\"heading.default\">\n\t\t\t\t<div class=\"elementor-widget-container\">\n\t\t\t\t\t<h2 class=\"elementor-heading-title elementor-size-default\">Bienvenidos a <span style=\"color:var(--e-global-color-accent)\">MiraMar Family Dental<\/span><\/h2>\t\t\t\t<\/div>\n\t\t\t\t<\/div>\n\t\t\t\t<div class=\"elementor-element elementor-element-b672da1 elementor-widget elementor-widget-text-editor\" data-id=\"b672da1\" data-element_type=\"widget\" data-e-type=\"widget\" data-widget_type=\"text-editor.default\">\n\t\t\t\t<div class=\"elementor-widget-container\">\n\t\t\t\t\t\t\t\t\tComo paciente eres una parte valiosa de nuestra familia dental, y nos tomamos el tiempo para conocerte, entender tus necesidades y preocupaciones, y desarrollar un plan de tratamiento que se adapte a tus objetivos y estilo de vida.\n\nYa sea que est\u00e9s buscando mantenimiento <a href=\"https:\/\/miramarfamilydental.com\/servicios-dentales\/odontologia-diagnostica-y-preventiva\/\">dental preventivo<\/a>, tratamiento de <a href=\"https:\/\/miramarfamilydental.com\/servicios-dentales\/odontologia-restauradora\/\">odontolog\u00eda restaurativa<\/a> o <a href=\"https:\/\/miramarfamilydental.com\/servicios-dentales\/odontologia-cosmetica\/\">transformaci\u00f3n est\u00e9tica<\/a>, estamos aqu\u00ed para ayudarte a alcanzar y mantener una salud dental \u00f3ptima.\u00a0<span style=\"font-size: 18px; letter-spacing: var( --e-global-typography-8f27c7e-letter-spacing ); text-transform: var( --e-global-typography-8f27c7e-text-transform ); word-spacing: var( --e-global-typography-8f27c7e-word-spacing ); text-align: var(--text-align);\">Accede f\u00e1cilmente a una variada informaci\u00f3n para pacientes que hemos preparado para ti y que te ser\u00e1n \u00fatiles, en especial si es tu primera visita a MiraMar Family Dental. <\/span>\n\n<span style=\"font-size: 18px; letter-spacing: var( --e-global-typography-8f27c7e-letter-spacing ); text-transform: var( --e-global-typography-8f27c7e-text-transform ); word-spacing: var( --e-global-typography-8f27c7e-word-spacing ); text-align: var(--text-align);\">Si ya eres un paciente recurrente, o al menos nos has visitado una vez, nos gustar\u00eda que dejaras<\/span>\u00a0<a href=\"https:\/\/miramarfamilydental.com\/resenas-y-opiniones\/\" target=\"_blank\" rel=\"noopener\">tus rese\u00f1as y opiniones<\/a> sobre los servicios y el trato recibido en nuestra cl\u00ednica dental. Tus opiniones son valiosas para otros pacientes y para nosotros, pues nos ayudan a mejorar nuestro trabajo para continuar ofreciendo una experiencia excepcional a todos nuestros pacientes.\u00a0<span style=\"font-size: 18px; letter-spacing: var( --e-global-typography-8f27c7e-letter-spacing ); text-transform: var( --e-global-typography-8f27c7e-text-transform ); word-spacing: var( --e-global-typography-8f27c7e-word-spacing ); text-align: var(--text-align);\">\n<\/span>\t\t\t\t\t\t\t\t<\/div>\n\t\t\t\t<\/div>\n\t\t<div class=\"elementor-element elementor-element-23d4fa1 e-con-full e-flex e-con e-child\" data-id=\"23d4fa1\" data-element_type=\"container\" data-e-type=\"container\">\n\t\t\t\t<div class=\"elementor-element elementor-element-e3b35ee elementor-widget elementor-widget-button\" data-id=\"e3b35ee\" data-element_type=\"widget\" data-e-type=\"widget\" data-widget_type=\"button.default\">\n\t\t\t\t<div class=\"elementor-widget-container\">\n\t\t\t\t\t\t\t\t\t<div class=\"elementor-button-wrapper\">\n\t\t\t\t\t<a class=\"elementor-button elementor-button-link elementor-size-sm\" href=\"https:\/\/miramarfamilydental.com\/info-para-pacientes\/nuevos-pacientes\/\">\n\t\t\t\t\t\t<span class=\"elementor-button-content-wrapper\">\n\t\t\t\t\t\t\t\t\t<span class=\"elementor-button-text\">Nuevos pacientes<\/span>\n\t\t\t\t\t<\/span>\n\t\t\t\t\t<\/a>\n\t\t\t\t<\/div>\n\t\t\t\t\t\t\t\t<\/div>\n\t\t\t\t<\/div>\n\t\t\t\t<div class=\"elementor-element elementor-element-3706fde elementor-widget elementor-widget-button\" data-id=\"3706fde\" data-element_type=\"widget\" data-e-type=\"widget\" data-widget_type=\"button.default\">\n\t\t\t\t<div class=\"elementor-widget-container\">\n\t\t\t\t\t\t\t\t\t<div class=\"elementor-button-wrapper\">\n\t\t\t\t\t<a class=\"elementor-button elementor-button-link elementor-size-sm\" href=\"https:\/\/miramarfamilydental.com\/informacion-para-pacientes\/membresia\/\">\n\t\t\t\t\t\t<span class=\"elementor-button-content-wrapper\">\n\t\t\t\t\t\t\t\t\t<span class=\"elementor-button-text\">Membres\u00eda MFD<\/span>\n\t\t\t\t\t<\/span>\n\t\t\t\t\t<\/a>\n\t\t\t\t<\/div>\n\t\t\t\t\t\t\t\t<\/div>\n\t\t\t\t<\/div>\n\t\t\t\t<div class=\"elementor-element elementor-element-8c434eb elementor-widget elementor-widget-button\" data-id=\"8c434eb\" data-element_type=\"widget\" data-e-type=\"widget\" data-widget_type=\"button.default\">\n\t\t\t\t<div class=\"elementor-widget-container\">\n\t\t\t\t\t\t\t\t\t<div class=\"elementor-button-wrapper\">\n\t\t\t\t\t<a class=\"elementor-button elementor-button-link elementor-size-sm\" href=\"https:\/\/miramarfamilydental.com\/informacion-para-pacientes\/planes-de-financiamientos\/\">\n\t\t\t\t\t\t<span class=\"elementor-button-content-wrapper\">\n\t\t\t\t\t\t\t\t\t<span class=\"elementor-button-text\">Financiamiento<\/span>\n\t\t\t\t\t<\/span>\n\t\t\t\t\t<\/a>\n\t\t\t\t<\/div>\n\t\t\t\t\t\t\t\t<\/div>\n\t\t\t\t<\/div>\n\t\t\t\t<div class=\"elementor-element elementor-element-9a7c8e4 elementor-widget elementor-widget-button\" data-id=\"9a7c8e4\" data-element_type=\"widget\" data-e-type=\"widget\" data-widget_type=\"button.default\">\n\t\t\t\t<div class=\"elementor-widget-container\">\n\t\t\t\t\t\t\t\t\t<div class=\"elementor-button-wrapper\">\n\t\t\t\t\t<a class=\"elementor-button elementor-button-link elementor-size-sm\" href=\"https:\/\/miramarfamilydental.com\/info-para-pacientes\/seguros-dentales-con-los-que-trabajamos\/\">\n\t\t\t\t\t\t<span class=\"elementor-button-content-wrapper\">\n\t\t\t\t\t\t\t\t\t<span class=\"elementor-button-text\">Seguros<\/span>\n\t\t\t\t\t<\/span>\n\t\t\t\t\t<\/a>\n\t\t\t\t<\/div>\n\t\t\t\t\t\t\t\t<\/div>\n\t\t\t\t<\/div>\n\t\t\t\t<div class=\"elementor-element elementor-element-f7864fc elementor-widget elementor-widget-button\" data-id=\"f7864fc\" data-element_type=\"widget\" data-e-type=\"widget\" data-widget_type=\"button.default\">\n\t\t\t\t<div class=\"elementor-widget-container\">\n\t\t\t\t\t\t\t\t\t<div class=\"elementor-button-wrapper\">\n\t\t\t\t\t<a class=\"elementor-button elementor-button-link elementor-size-sm\" href=\"https:\/\/miramarfamilydental.com\/info-para-pacientes\/preguntas-frecuentes\/\">\n\t\t\t\t\t\t<span class=\"elementor-button-content-wrapper\">\n\t\t\t\t\t\t\t\t\t<span class=\"elementor-button-text\">FAQs<\/span>\n\t\t\t\t\t<\/span>\n\t\t\t\t\t<\/a>\n\t\t\t\t<\/div>\n\t\t\t\t\t\t\t\t<\/div>\n\t\t\t\t<\/div>\n\t\t\t\t<\/div>\n\t\t\t\t\t<\/div>\n\t\t\t\t<\/div>\n\t\t\t\t<\/div>\n\t\t","protected":false},"excerpt":{"rendered":"<p>Informacion importante para pacientes Inicio M\u00e1s que una cl\u00ednica, somos una familia Estamos encantados de recibirte en nuestra cl\u00ednica MiraMar Family Dental. Tenemos como objetivo brindar m\u00e1s que solo tratamiento dental: queremos construir relaciones s\u00f3lidas y duraderas contigo, basadas en la confianza, el respeto y la atenci\u00f3n personalizada. En MiraMar Family Dental nos enorgullecemos de [&hellip;]<\/p>\n","protected":false},"author":1,"featured_media":3841,"parent":0,"menu_order":0,"comment_status":"closed","ping_status":"closed","template":"","meta":{"footnotes":""},"class_list":["post-1124","page","type-page","status-publish","has-post-thumbnail","hentry"],"_links":{"self":[{"href":"https:\/\/miramarfamilydental.com\/es\/wp-json\/wp\/v2\/pages\/1124","targetHints":{"allow":["GET"]}}],"collection":[{"href":"https:\/\/miramarfamilydental.com\/es\/wp-json\/wp\/v2\/pages"}],"about":[{"href":"https:\/\/miramarfamilydental.com\/es\/wp-json\/wp\/v2\/types\/page"}],"author":[{"embeddable":true,"href":"https:\/\/miramarfamilydental.com\/es\/wp-json\/wp\/v2\/users\/1"}],"replies":[{"embeddable":true,"href":"https:\/\/miramarfamilydental.com\/es\/wp-json\/wp\/v2\/comments?post=1124"}],"version-history":[{"count":0,"href":"https:\/\/miramarfamilydental.com\/es\/wp-json\/wp\/v2\/pages\/1124\/revisions"}],"wp:featuredmedia":[{"embeddable":true,"href":"https:\/\/miramarfamilydental.com\/es\/wp-json\/wp\/v2\/media\/3841"}],"wp:attachment":[{"href":"https:\/\/miramarfamilydental.com\/es\/wp-json\/wp\/v2\/media?parent=1124"}],"curies":[{"name":"wp","href":"https:\/\/api.w.org\/{rel}","templated":true}]}}