{"id":1132,"date":"2024-02-24T10:25:58","date_gmt":"2024-02-24T16:25:58","guid":{"rendered":"https:\/\/miramarfamilydental.com\/?page_id=1132"},"modified":"2025-09-05T16:54:37","modified_gmt":"2025-09-05T21:54:37","slug":"planes-de-financiamiento","status":"publish","type":"page","link":"https:\/\/miramarfamilydental.com\/es\/informacion-para-pacientes\/planes-de-financiamiento\/","title":{"rendered":"Planes de financiamiento"},"content":{"rendered":"\t\t<div data-elementor-type=\"wp-page\" data-elementor-id=\"1132\" class=\"elementor elementor-1132\" data-elementor-post-type=\"page\">\n\t\t\t\t<div class=\"elementor-element elementor-element-8273c16 e-flex e-con-boxed e-con e-parent\" data-id=\"8273c16\" data-element_type=\"container\" data-e-type=\"container\" data-settings=\"{&quot;background_background&quot;:&quot;classic&quot;}\">\n\t\t\t\t\t<div class=\"e-con-inner\">\n\t\t\t\t<div class=\"elementor-element elementor-element-f2e1665 elementor-widget elementor-widget-heading\" data-id=\"f2e1665\" data-element_type=\"widget\" data-e-type=\"widget\" data-widget_type=\"heading.default\">\n\t\t\t\t<div class=\"elementor-widget-container\">\n\t\t\t\t\t<h1 class=\"elementor-heading-title elementor-size-default\">Planes de financiamiento dsiponibles en miraMar family dental<\/h1>\t\t\t\t<\/div>\n\t\t\t\t<\/div>\n\t\t\t\t\t<\/div>\n\t\t\t\t<\/div>\n\t\t<div class=\"elementor-element elementor-element-779283c e-flex e-con-boxed e-con e-parent\" data-id=\"779283c\" data-element_type=\"container\" data-e-type=\"container\">\n\t\t\t\t\t<div class=\"e-con-inner\">\n\t\t\t\t<div class=\"elementor-element elementor-element-bf21a41 elementor-widget__width-initial elementor-widget-tablet__width-inherit elementor-widget elementor-widget-image\" data-id=\"bf21a41\" data-element_type=\"widget\" data-e-type=\"widget\" data-widget_type=\"image.default\">\n\t\t\t\t<div class=\"elementor-widget-container\">\n\t\t\t\t\t\t\t\t\t\t\t\t\t\t\t<img fetchpriority=\"high\" decoding=\"async\" width=\"1024\" height=\"683\" src=\"https:\/\/miramarfamilydental.com\/wp-content\/uploads\/2024\/10\/young-happy-woman-buy-product-by-online-shopping-with-crucial-security_31965-317938-1024x683.jpg\" class=\"attachment-large size-large wp-image-14774\" alt=\"\" srcset=\"https:\/\/miramarfamilydental.com\/wp-content\/uploads\/2024\/10\/young-happy-woman-buy-product-by-online-shopping-with-crucial-security_31965-317938-1024x683.jpg 1024w, https:\/\/miramarfamilydental.com\/wp-content\/uploads\/2024\/10\/young-happy-woman-buy-product-by-online-shopping-with-crucial-security_31965-317938-300x200.jpg 300w, https:\/\/miramarfamilydental.com\/wp-content\/uploads\/2024\/10\/young-happy-woman-buy-product-by-online-shopping-with-crucial-security_31965-317938-768x512.jpg 768w, https:\/\/miramarfamilydental.com\/wp-content\/uploads\/2024\/10\/young-happy-woman-buy-product-by-online-shopping-with-crucial-security_31965-317938-1536x1024.jpg 1536w, https:\/\/miramarfamilydental.com\/wp-content\/uploads\/2024\/10\/young-happy-woman-buy-product-by-online-shopping-with-crucial-security_31965-317938-2048x1365.jpg 2048w\" sizes=\"(max-width: 1024px) 100vw, 1024px\" title=\"\">\t\t\t\t\t\t\t\t\t\t\t\t\t\t\t<\/div>\n\t\t\t\t<\/div>\n\t\t\t\t<div class=\"elementor-element elementor-element-92f545d elementor-widget__width-initial elementor-widget-mobile__width-inherit elementor-widget-tablet__width-inherit elementor-widget elementor-widget-text-editor\" data-id=\"92f545d\" data-element_type=\"widget\" data-e-type=\"widget\" data-widget_type=\"text-editor.default\">\n\t\t\t\t<div class=\"elementor-widget-container\">\n\t\t\t\t\t\t\t\t\t<h2>Nuestras opciones de financiamiento<\/h2><p>En MiraMar Family Dental sabemos que asumir ciertos costos de tratamientos dentales pueden exceder las capacidades financieras inmediatas de algunos pacientes, en especial si no se cuenta con los recursos suficientes o con alg\u00fan seguro dental. Por eso nos hemos aliado con Cherry para que puedas tener la posibilidad de tratarte hoy y pagar despu\u00e9s.<\/p><p>Cherry es una plataforma de financiaci\u00f3n que te permite dividir los pagos grandes en cuotas mensuales m\u00e1s manejables, y es una manera inteligente de no postergar tu salud. M\u00e1s bien postergas el pago.<\/p>\t\t\t\t\t\t\t\t<\/div>\n\t\t\t\t<\/div>\n\t\t<div class=\"elementor-element elementor-element-98fd179 e-con-full e-flex e-con e-child\" data-id=\"98fd179\" data-element_type=\"container\" data-e-type=\"container\">\n\t\t\t\t<div class=\"elementor-element elementor-element-3a1a031 elementor-widget elementor-widget-image\" data-id=\"3a1a031\" data-element_type=\"widget\" data-e-type=\"widget\" data-widget_type=\"image.default\">\n\t\t\t\t<div class=\"elementor-widget-container\">\n\t\t\t\t\t\t\t\t\t\t\t\t\t\t\t<img decoding=\"async\" width=\"1500\" height=\"691\" src=\"https:\/\/miramarfamilydental.com\/wp-content\/uploads\/2025\/09\/Alphaeon_Credit_logo_registered_RGB.webp\" class=\"attachment-large size-large wp-image-16171\" alt=\"\" srcset=\"https:\/\/miramarfamilydental.com\/wp-content\/uploads\/2025\/09\/Alphaeon_Credit_logo_registered_RGB.webp 1500w, https:\/\/miramarfamilydental.com\/wp-content\/uploads\/2025\/09\/Alphaeon_Credit_logo_registered_RGB-768x354.webp 768w\" sizes=\"(max-width: 1500px) 100vw, 1500px\" title=\"\">\t\t\t\t\t\t\t\t\t\t\t\t\t\t\t<\/div>\n\t\t\t\t<\/div>\n\t\t\t\t<div class=\"elementor-element elementor-element-91c9466 elementor-widget elementor-widget-heading\" data-id=\"91c9466\" data-element_type=\"widget\" data-e-type=\"widget\" data-widget_type=\"heading.default\">\n\t\t\t\t<div class=\"elementor-widget-container\">\n\t\t\t\t\t<h3 class=\"elementor-heading-title elementor-size-default\">Alpaheon Credit<\/h3>\t\t\t\t<\/div>\n\t\t\t\t<\/div>\n\t\t\t\t<div class=\"elementor-element elementor-element-22fcbf1 elementor-widget elementor-widget-text-editor\" data-id=\"22fcbf1\" data-element_type=\"widget\" data-e-type=\"widget\" data-widget_type=\"text-editor.default\">\n\t\t\t\t<div class=\"elementor-widget-container\">\n\t\t\t\t\t\t\t\t\t<p>Pague sus tratamientos dentales y m\u00e9dicos con facilidad. Alphaeon Credit ofrece planes de pago mensuales flexibles que se ajustan a su presupuesto.<\/p>\t\t\t\t\t\t\t\t<\/div>\n\t\t\t\t<\/div>\n\t\t\t\t<div class=\"elementor-element elementor-element-e115e2a elementor-widget elementor-widget-button\" data-id=\"e115e2a\" data-element_type=\"widget\" data-e-type=\"widget\" data-widget_type=\"button.default\">\n\t\t\t\t<div class=\"elementor-widget-container\">\n\t\t\t\t\t\t\t\t\t<div class=\"elementor-button-wrapper\">\n\t\t\t\t\t<a class=\"elementor-button elementor-button-link elementor-size-sm\" href=\"https:\/\/go.alphaeoncredit.com\/credit-portal\/store\/49180\" target=\"_blank\" rel=\"noopener\">\n\t\t\t\t\t\t<span class=\"elementor-button-content-wrapper\">\n\t\t\t\t\t\t\t\t\t<span class=\"elementor-button-text\">Apply Today<\/span>\n\t\t\t\t\t<\/span>\n\t\t\t\t\t<\/a>\n\t\t\t\t<\/div>\n\t\t\t\t\t\t\t\t<\/div>\n\t\t\t\t<\/div>\n\t\t\t\t<\/div>\n\t\t<div class=\"elementor-element elementor-element-caa9f2a e-con-full e-flex e-con e-child\" data-id=\"caa9f2a\" data-element_type=\"container\" data-e-type=\"container\">\n\t\t\t\t<div class=\"elementor-element elementor-element-f4acae8 elementor-widget elementor-widget-image\" data-id=\"f4acae8\" data-element_type=\"widget\" data-e-type=\"widget\" data-widget_type=\"image.default\">\n\t\t\t\t<div class=\"elementor-widget-container\">\n\t\t\t\t\t\t\t\t\t\t\t\t\t\t\t<img decoding=\"async\" width=\"237\" height=\"32\" src=\"https:\/\/miramarfamilydental.com\/wp-content\/uploads\/2025\/09\/LC_PatientSolutions_logo.svg\" class=\"attachment-large size-large wp-image-16167\" alt=\"\" title=\"\">\t\t\t\t\t\t\t\t\t\t\t\t\t\t\t<\/div>\n\t\t\t\t<\/div>\n\t\t\t\t<div class=\"elementor-element elementor-element-2ce30a2 elementor-widget elementor-widget-heading\" data-id=\"2ce30a2\" data-element_type=\"widget\" data-e-type=\"widget\" data-widget_type=\"heading.default\">\n\t\t\t\t<div class=\"elementor-widget-container\">\n\t\t\t\t\t<h3 class=\"elementor-heading-title elementor-size-default\">Lending Club<\/h3>\t\t\t\t<\/div>\n\t\t\t\t<\/div>\n\t\t\t\t<div class=\"elementor-element elementor-element-1e28b78 elementor-widget elementor-widget-text-editor\" data-id=\"1e28b78\" data-element_type=\"widget\" data-e-type=\"widget\" data-widget_type=\"text-editor.default\">\n\t\t\t\t<div class=\"elementor-widget-container\">\n\t\t\t\t\t\t\t\t\t<p>Elige un plan de financiamiento que se adapte a tus necesidades. Lending Club ofrece pagos mensuales accesibles con condiciones claras y sin sorpresas<\/p>\t\t\t\t\t\t\t\t<\/div>\n\t\t\t\t<\/div>\n\t\t\t\t<div class=\"elementor-element elementor-element-5ab776d elementor-widget elementor-widget-button\" data-id=\"5ab776d\" data-element_type=\"widget\" data-e-type=\"widget\" data-widget_type=\"button.default\">\n\t\t\t\t<div class=\"elementor-widget-container\">\n\t\t\t\t\t\t\t\t\t<div class=\"elementor-button-wrapper\">\n\t\t\t\t\t<a class=\"elementor-button elementor-button-link elementor-size-sm\" href=\"https:\/\/www.lendingclub.com\/patientsolutions\/app\/check-your-rate?user=applicant&#038;clientid=330315\" target=\"_blank\" rel=\"noopener\">\n\t\t\t\t\t\t<span class=\"elementor-button-content-wrapper\">\n\t\t\t\t\t\t\t\t\t<span class=\"elementor-button-text\">Apply Today<\/span>\n\t\t\t\t\t<\/span>\n\t\t\t\t\t<\/a>\n\t\t\t\t<\/div>\n\t\t\t\t\t\t\t\t<\/div>\n\t\t\t\t<\/div>\n\t\t\t\t<\/div>\n\t\t<div class=\"elementor-element elementor-element-c012242 e-con-full e-flex e-con e-child\" data-id=\"c012242\" data-element_type=\"container\" data-e-type=\"container\">\n\t\t\t\t<div class=\"elementor-element elementor-element-5440f63 elementor-widget elementor-widget-image\" data-id=\"5440f63\" data-element_type=\"widget\" data-e-type=\"widget\" data-widget_type=\"image.default\">\n\t\t\t\t<div class=\"elementor-widget-container\">\n\t\t\t\t\t\t\t\t\t\t\t\t\t\t\t<img loading=\"lazy\" decoding=\"async\" width=\"216\" height=\"29\" src=\"https:\/\/miramarfamilydental.com\/wp-content\/uploads\/2025\/09\/carecreditlogo.svg\" class=\"attachment-large size-large wp-image-16169\" alt=\"\" title=\"\">\t\t\t\t\t\t\t\t\t\t\t\t\t\t\t<\/div>\n\t\t\t\t<\/div>\n\t\t\t\t<div class=\"elementor-element elementor-element-004b032 elementor-widget elementor-widget-heading\" data-id=\"004b032\" data-element_type=\"widget\" data-e-type=\"widget\" data-widget_type=\"heading.default\">\n\t\t\t\t<div class=\"elementor-widget-container\">\n\t\t\t\t\t<h3 class=\"elementor-heading-title elementor-size-default\">Care Credit<\/h3>\t\t\t\t<\/div>\n\t\t\t\t<\/div>\n\t\t\t\t<div class=\"elementor-element elementor-element-1b65b69 elementor-widget elementor-widget-text-editor\" data-id=\"1b65b69\" data-element_type=\"widget\" data-e-type=\"widget\" data-widget_type=\"text-editor.default\">\n\t\t\t\t<div class=\"elementor-widget-container\">\n\t\t\t\t\t\t\t\t\t<p>Desde chequeos hasta tratamientos importantes, CareCredit le ayuda a administrar los costos dentales con financiamiento conveniente y pagos mensuales bajos.<\/p>\t\t\t\t\t\t\t\t<\/div>\n\t\t\t\t<\/div>\n\t\t\t\t<div class=\"elementor-element elementor-element-c869f5a elementor-widget elementor-widget-button\" data-id=\"c869f5a\" data-element_type=\"widget\" data-e-type=\"widget\" data-widget_type=\"button.default\">\n\t\t\t\t<div class=\"elementor-widget-container\">\n\t\t\t\t\t\t\t\t\t<div class=\"elementor-button-wrapper\">\n\t\t\t\t\t<a class=\"elementor-button elementor-button-link elementor-size-sm\" href=\"https:\/\/www.carecredit.com\/go\/ZCV726\/\" target=\"_blank\" rel=\"noopener\">\n\t\t\t\t\t\t<span class=\"elementor-button-content-wrapper\">\n\t\t\t\t\t\t\t\t\t<span class=\"elementor-button-text\">Apply Today<\/span>\n\t\t\t\t\t<\/span>\n\t\t\t\t\t<\/a>\n\t\t\t\t<\/div>\n\t\t\t\t\t\t\t\t<\/div>\n\t\t\t\t<\/div>\n\t\t\t\t<\/div>\n\t\t<div class=\"elementor-element elementor-element-f964b6e e-con-full e-flex e-con e-child\" data-id=\"f964b6e\" data-element_type=\"container\" data-e-type=\"container\">\n\t\t\t\t<div class=\"elementor-element elementor-element-2d84c32 elementor-widget elementor-widget-image\" data-id=\"2d84c32\" data-element_type=\"widget\" data-e-type=\"widget\" data-widget_type=\"image.default\">\n\t\t\t\t<div class=\"elementor-widget-container\">\n\t\t\t\t\t\t\t\t\t\t\t\t\t\t\t<img loading=\"lazy\" decoding=\"async\" width=\"581\" height=\"160\" src=\"https:\/\/miramarfamilydental.com\/wp-content\/uploads\/2025\/09\/cherry-logo.webp\" class=\"attachment-large size-large wp-image-16165\" alt=\"\" title=\"\">\t\t\t\t\t\t\t\t\t\t\t\t\t\t\t<\/div>\n\t\t\t\t<\/div>\n\t\t\t\t<div class=\"elementor-element elementor-element-3ff705d elementor-widget elementor-widget-heading\" data-id=\"3ff705d\" data-element_type=\"widget\" data-e-type=\"widget\" data-widget_type=\"heading.default\">\n\t\t\t\t<div class=\"elementor-widget-container\">\n\t\t\t\t\t<h3 class=\"elementor-heading-title elementor-size-default\">Cherry<\/h3>\t\t\t\t<\/div>\n\t\t\t\t<\/div>\n\t\t\t\t<div class=\"elementor-element elementor-element-96d9bd0 elementor-widget elementor-widget-text-editor\" data-id=\"96d9bd0\" data-element_type=\"widget\" data-e-type=\"widget\" data-widget_type=\"text-editor.default\">\n\t\t\t\t<div class=\"elementor-widget-container\">\n\t\t\t\t\t\t\t\t\t<p>Elige entre una variedad de planes de pago mensuales, algunos con una TAE del 0%. Gracias al r\u00e1pido proceso de solicitud de Cherry, tendr\u00e1s acceso al instante.<\/p>\t\t\t\t\t\t\t\t<\/div>\n\t\t\t\t<\/div>\n\t\t\t\t<div class=\"elementor-element elementor-element-afb0280 elementor-widget elementor-widget-button\" data-id=\"afb0280\" data-element_type=\"widget\" data-e-type=\"widget\" data-widget_type=\"button.default\">\n\t\t\t\t<div class=\"elementor-widget-container\">\n\t\t\t\t\t\t\t\t\t<div class=\"elementor-button-wrapper\">\n\t\t\t\t\t<a class=\"elementor-button elementor-button-link elementor-size-sm\" href=\"https:\/\/pay.withcherry.com\/miramarfamilydental?utm_source=merchant&#038;utm_medium=website\" target=\"_blank\" rel=\"noopener\">\n\t\t\t\t\t\t<span class=\"elementor-button-content-wrapper\">\n\t\t\t\t\t\t\t\t\t<span class=\"elementor-button-text\">Apply Today<\/span>\n\t\t\t\t\t<\/span>\n\t\t\t\t\t<\/a>\n\t\t\t\t<\/div>\n\t\t\t\t\t\t\t\t<\/div>\n\t\t\t\t<\/div>\n\t\t\t\t<\/div>\n\t\t\t\t<div class=\"elementor-element elementor-element-2794cd1 elementor-widget__width-inherit elementor-widget elementor-widget-heading\" data-id=\"2794cd1\" data-element_type=\"widget\" data-e-type=\"widget\" data-widget_type=\"heading.default\">\n\t\t\t\t<div class=\"elementor-widget-container\">\n\t\t\t\t\t<h2 class=\"elementor-heading-title elementor-size-default\">\u00bfPor qu\u00e9 ayuda la financiaci\u00f3n dental?<\/h2>\t\t\t\t<\/div>\n\t\t\t\t<\/div>\n\t\t\t\t<div class=\"elementor-element elementor-element-33235e0 elementor-widget elementor-widget-text-editor\" data-id=\"33235e0\" data-element_type=\"widget\" data-e-type=\"widget\" data-widget_type=\"text-editor.default\">\n\t\t\t\t<div class=\"elementor-widget-container\">\n\t\t\t\t\t\t\t\t\tEl cuidado dental es esencial, pero los costos a veces pueden resultar abrumadores. El financiamiento facilita obtener el tratamiento que necesita sin demora.\n\nAs\u00ed es como el financiamiento le ayuda:\n<ul>\n \t<li>Comience el tratamiento de inmediato, sin necesidad de esperar ni ahorrar.<\/li>\n \t<li>Ajuste los pagos a su presupuesto: distribuya el costo en cuotas mensuales asequibles.<\/li>\n \t<li>Menos estr\u00e9s, m\u00e1s confianza: conc\u00e9ntrese en su salud, no en la factura.<\/li>\n \t<li>Opciones flexibles: elija el plan que mejor se adapte a sus necesidades.<\/li>\n<\/ul>\n<br\/>\nDesde chequeos de rutina hasta tratamientos avanzados, el financiamiento le da la libertad de decir s\u00ed a una sonrisa m\u00e1s saludable hoy mismo.\t\t\t\t\t\t\t\t<\/div>\n\t\t\t\t<\/div>\n\t\t\t\t\t<\/div>\n\t\t\t\t<\/div>\n\t\t\t\t<\/div>\n\t\t","protected":false},"excerpt":{"rendered":"<p>Planes de financiamiento dsiponibles en miraMar family dental Nuestras opciones de financiamiento En MiraMar Family Dental sabemos que asumir ciertos costos de tratamientos dentales pueden exceder las capacidades financieras inmediatas de algunos pacientes, en especial si no se cuenta con los recursos suficientes o con alg\u00fan seguro dental. Por eso nos hemos aliado con Cherry [&hellip;]<\/p>\n","protected":false},"author":1,"featured_media":4046,"parent":1124,"menu_order":0,"comment_status":"closed","ping_status":"closed","template":"","meta":{"footnotes":""},"class_list":["post-1132","page","type-page","status-publish","has-post-thumbnail","hentry"],"_links":{"self":[{"href":"https:\/\/miramarfamilydental.com\/es\/wp-json\/wp\/v2\/pages\/1132","targetHints":{"allow":["GET"]}}],"collection":[{"href":"https:\/\/miramarfamilydental.com\/es\/wp-json\/wp\/v2\/pages"}],"about":[{"href":"https:\/\/miramarfamilydental.com\/es\/wp-json\/wp\/v2\/types\/page"}],"author":[{"embeddable":true,"href":"https:\/\/miramarfamilydental.com\/es\/wp-json\/wp\/v2\/users\/1"}],"replies":[{"embeddable":true,"href":"https:\/\/miramarfamilydental.com\/es\/wp-json\/wp\/v2\/comments?post=1132"}],"version-history":[{"count":5,"href":"https:\/\/miramarfamilydental.com\/es\/wp-json\/wp\/v2\/pages\/1132\/revisions"}],"predecessor-version":[{"id":16298,"href":"https:\/\/miramarfamilydental.com\/es\/wp-json\/wp\/v2\/pages\/1132\/revisions\/16298"}],"up":[{"embeddable":true,"href":"https:\/\/miramarfamilydental.com\/es\/wp-json\/wp\/v2\/pages\/1124"}],"wp:featuredmedia":[{"embeddable":true,"href":"https:\/\/miramarfamilydental.com\/es\/wp-json\/wp\/v2\/media\/4046"}],"wp:attachment":[{"href":"https:\/\/miramarfamilydental.com\/es\/wp-json\/wp\/v2\/media?parent=1132"}],"curies":[{"name":"wp","href":"https:\/\/api.w.org\/{rel}","templated":true}]}}