{"id":1146,"date":"2024-02-24T10:37:19","date_gmt":"2024-02-24T16:37:19","guid":{"rendered":"https:\/\/miramarfamilydental.com\/?page_id=1146"},"modified":"2026-02-25T11:10:17","modified_gmt":"2026-02-25T17:10:17","slug":"seguros-dentales-con-los-que-trabajamos","status":"publish","type":"page","link":"https:\/\/miramarfamilydental.com\/es\/informacion-para-pacientes\/seguros-dentales-con-los-que-trabajamos\/","title":{"rendered":"Seguros dentales con los que trabajamos"},"content":{"rendered":"\t\t<div data-elementor-type=\"wp-page\" data-elementor-id=\"1146\" class=\"elementor elementor-1146\" data-elementor-post-type=\"page\">\n\t\t\t\t<div class=\"elementor-element elementor-element-45458ae e-flex e-con-boxed e-con e-parent\" data-id=\"45458ae\" data-element_type=\"container\" data-e-type=\"container\" data-settings=\"{&quot;background_background&quot;:&quot;classic&quot;}\">\n\t\t\t\t\t<div class=\"e-con-inner\">\n\t\t\t\t<div class=\"elementor-element elementor-element-dbe9eb9 elementor-widget elementor-widget-heading\" data-id=\"dbe9eb9\" data-element_type=\"widget\" data-e-type=\"widget\" data-widget_type=\"heading.default\">\n\t\t\t\t<div class=\"elementor-widget-container\">\n\t\t\t\t\t<h1 class=\"elementor-heading-title elementor-size-default\">Seguros dentales en MiraMar Family Dental<\/h1>\t\t\t\t<\/div>\n\t\t\t\t<\/div>\n\t\t\t\t\t<\/div>\n\t\t\t\t<\/div>\n\t\t<div class=\"elementor-element elementor-element-8813bf8 e-flex e-con-boxed e-con e-child\" data-id=\"8813bf8\" data-element_type=\"container\" data-e-type=\"container\">\n\t\t\t\t\t<div class=\"e-con-inner\">\n\t\t\t\t<div class=\"elementor-element elementor-element-7c5b8c6 elementor-widget-mobile__width-inherit elementor-widget elementor-widget-text-editor\" data-id=\"7c5b8c6\" data-element_type=\"widget\" data-e-type=\"widget\" data-widget_type=\"text-editor.default\">\n\t\t\t\t<div class=\"elementor-widget-container\">\n\t\t\t\t\t\t\t\t\t<h2>Seguro Dental Simplificado<\/h2><p>En MiraMar Family Dental entendemos que la salud bucal es un componente esencial de tu bienestar general. Si tienes un seguro dental, puedes acceder a una variedad de beneficios: desde la prevenci\u00f3n hasta el tratamiento de enfermedades m\u00e1s complejas.\u00a0<\/p><p>Por eso, trabajamos con los seguros dentales del tipo PPO, en los que el usuario puede elegir a los especialistas de su preferencia y permite a nuestros pacientes disfrutar de una atenci\u00f3n de alta calidad sin preocupaciones financieras. A diferencia de los planes HMO, en los que los pacientes tienen opciones limitadas asignadas directamente por las aseguradoras.<\/p>\t\t\t\t\t\t\t\t<\/div>\n\t\t\t\t<\/div>\n\t\t\t\t<div class=\"elementor-element elementor-element-afa2bca elementor-widget elementor-widget-image\" data-id=\"afa2bca\" data-element_type=\"widget\" data-e-type=\"widget\" data-widget_type=\"image.default\">\n\t\t\t\t<div class=\"elementor-widget-container\">\n\t\t\t\t\t\t\t\t\t\t\t\t\t\t\t<img fetchpriority=\"high\" decoding=\"async\" width=\"2547\" height=\"862\" src=\"https:\/\/miramarfamilydental.com\/wp-content\/uploads\/2024\/10\/health-insurance-web-site-modish-registration-system_31965-323999-scaled-1-e1756756711620.jpg\" class=\"attachment-full size-full wp-image-14794\" alt=\"\" srcset=\"https:\/\/miramarfamilydental.com\/wp-content\/uploads\/2024\/10\/health-insurance-web-site-modish-registration-system_31965-323999-scaled-1-e1756756711620.jpg 2547w, https:\/\/miramarfamilydental.com\/wp-content\/uploads\/2024\/10\/health-insurance-web-site-modish-registration-system_31965-323999-scaled-1-e1756756711620-768x260.jpg 768w\" sizes=\"(max-width: 2547px) 100vw, 2547px\" title=\"\">\t\t\t\t\t\t\t\t\t\t\t\t\t\t\t<\/div>\n\t\t\t\t<\/div>\n\t\t\t\t<div class=\"elementor-element elementor-element-48a8a3a elementor-widget elementor-widget-heading\" data-id=\"48a8a3a\" data-element_type=\"widget\" data-e-type=\"widget\" data-widget_type=\"heading.default\">\n\t\t\t\t<div class=\"elementor-widget-container\">\n\t\t\t\t\t<h2 class=\"elementor-heading-title elementor-size-default\">La importancia de los seguros dentales<\/h2>\t\t\t\t<\/div>\n\t\t\t\t<\/div>\n\t\t\t\t<div class=\"elementor-element elementor-element-ebde685 elementor-widget elementor-widget-text-editor\" data-id=\"ebde685\" data-element_type=\"widget\" data-e-type=\"widget\" data-widget_type=\"text-editor.default\">\n\t\t\t\t<div class=\"elementor-widget-container\">\n\t\t\t\t\t\t\t\t\tMuchas veces se malinterpreta que la cobertura dental solo debe activarse en situaciones cr\u00edticas, al contrario de c\u00f3mo se utiliza com\u00fanmente el seguro m\u00e9dico, reservado para emergencias o lesiones graves. Sin embargo, es recomendable usar el seguro dental con frecuencia, idealmente cada seis meses.\n\nEsto se debe a que su objetivo principal es cubrir la atenci\u00f3n preventiva, que es fundamental para mantener la salud bucal a largo plazo y reducir los costosos tratamientos.\n\nUn seguro dental de cobertura completa incluye planes que ayudan a cubrir:\t\t\t\t\t\t\t\t<\/div>\n\t\t\t\t<\/div>\n\t\t\t\t<div class=\"elementor-element elementor-element-c694003 elementor-align-start elementor-icon-list--layout-traditional elementor-list-item-link-full_width elementor-widget elementor-widget-icon-list\" data-id=\"c694003\" data-element_type=\"widget\" data-e-type=\"widget\" data-widget_type=\"icon-list.default\">\n\t\t\t\t<div class=\"elementor-widget-container\">\n\t\t\t\t\t\t\t<ul class=\"elementor-icon-list-items\">\n\t\t\t\t\t\t\t<li class=\"elementor-icon-list-item\">\n\t\t\t\t\t\t\t\t\t\t\t<span class=\"elementor-icon-list-icon\">\n\t\t\t\t\t\t\t<svg aria-hidden=\"true\" class=\"e-font-icon-svg e-far-check-circle\" viewBox=\"0 0 512 512\" xmlns=\"http:\/\/www.w3.org\/2000\/svg\"><path d=\"M256 8C119.033 8 8 119.033 8 256s111.033 248 248 248 248-111.033 248-248S392.967 8 256 8zm0 48c110.532 0 200 89.451 200 200 0 110.532-89.451 200-200 200-110.532 0-200-89.451-200-200 0-110.532 89.451-200 200-200m140.204 130.267l-22.536-22.718c-4.667-4.705-12.265-4.736-16.97-.068L215.346 303.697l-59.792-60.277c-4.667-4.705-12.265-4.736-16.97-.069l-22.719 22.536c-4.705 4.667-4.736 12.265-.068 16.971l90.781 91.516c4.667 4.705 12.265 4.736 16.97.068l172.589-171.204c4.704-4.668 4.734-12.266.067-16.971z\"><\/path><\/svg>\t\t\t\t\t\t<\/span>\n\t\t\t\t\t\t\t\t\t\t<span class=\"elementor-icon-list-text\"><b>Cuidado preventivo<\/b>: abarca limpiezas regulares, radiograf\u00edas y tratamientos con fl\u00faor.<\/span>\n\t\t\t\t\t\t\t\t\t<\/li>\n\t\t\t\t\t\t\t\t<li class=\"elementor-icon-list-item\">\n\t\t\t\t\t\t\t\t\t\t\t<span class=\"elementor-icon-list-icon\">\n\t\t\t\t\t\t\t<svg aria-hidden=\"true\" class=\"e-font-icon-svg e-far-check-circle\" viewBox=\"0 0 512 512\" xmlns=\"http:\/\/www.w3.org\/2000\/svg\"><path d=\"M256 8C119.033 8 8 119.033 8 256s111.033 248 248 248 248-111.033 248-248S392.967 8 256 8zm0 48c110.532 0 200 89.451 200 200 0 110.532-89.451 200-200 200-110.532 0-200-89.451-200-200 0-110.532 89.451-200 200-200m140.204 130.267l-22.536-22.718c-4.667-4.705-12.265-4.736-16.97-.068L215.346 303.697l-59.792-60.277c-4.667-4.705-12.265-4.736-16.97-.069l-22.719 22.536c-4.705 4.667-4.736 12.265-.068 16.971l90.781 91.516c4.667 4.705 12.265 4.736 16.97.068l172.589-171.204c4.704-4.668 4.734-12.266.067-16.971z\"><\/path><\/svg>\t\t\t\t\t\t<\/span>\n\t\t\t\t\t\t\t\t\t\t<span class=\"elementor-icon-list-text\"><b>Cuidado b\u00e1sico de restauraci\u00f3n<\/b>: obturaciones (empastes), extracciones y radiograf\u00edas no rutinarias.<\/span>\n\t\t\t\t\t\t\t\t\t<\/li>\n\t\t\t\t\t\t\t\t<li class=\"elementor-icon-list-item\">\n\t\t\t\t\t\t\t\t\t\t\t<span class=\"elementor-icon-list-icon\">\n\t\t\t\t\t\t\t<svg aria-hidden=\"true\" class=\"e-font-icon-svg e-far-check-circle\" viewBox=\"0 0 512 512\" xmlns=\"http:\/\/www.w3.org\/2000\/svg\"><path d=\"M256 8C119.033 8 8 119.033 8 256s111.033 248 248 248 248-111.033 248-248S392.967 8 256 8zm0 48c110.532 0 200 89.451 200 200 0 110.532-89.451 200-200 200-110.532 0-200-89.451-200-200 0-110.532 89.451-200 200-200m140.204 130.267l-22.536-22.718c-4.667-4.705-12.265-4.736-16.97-.068L215.346 303.697l-59.792-60.277c-4.667-4.705-12.265-4.736-16.97-.069l-22.719 22.536c-4.705 4.667-4.736 12.265-.068 16.971l90.781 91.516c4.667 4.705 12.265 4.736 16.97.068l172.589-171.204c4.704-4.668 4.734-12.266.067-16.971z\"><\/path><\/svg>\t\t\t\t\t\t<\/span>\n\t\t\t\t\t\t\t\t\t\t<span class=\"elementor-icon-list-text\"><b>Cuidado de restauraci\u00f3n mayor<\/b>: involucra puentes, coronas y dentaduras postizas.<\/span>\n\t\t\t\t\t\t\t\t\t<\/li>\n\t\t\t\t\t\t\t\t<li class=\"elementor-icon-list-item\">\n\t\t\t\t\t\t\t\t\t\t\t<span class=\"elementor-icon-list-icon\">\n\t\t\t\t\t\t\t<svg aria-hidden=\"true\" class=\"e-font-icon-svg e-far-check-circle\" viewBox=\"0 0 512 512\" xmlns=\"http:\/\/www.w3.org\/2000\/svg\"><path d=\"M256 8C119.033 8 8 119.033 8 256s111.033 248 248 248 248-111.033 248-248S392.967 8 256 8zm0 48c110.532 0 200 89.451 200 200 0 110.532-89.451 200-200 200-110.532 0-200-89.451-200-200 0-110.532 89.451-200 200-200m140.204 130.267l-22.536-22.718c-4.667-4.705-12.265-4.736-16.97-.068L215.346 303.697l-59.792-60.277c-4.667-4.705-12.265-4.736-16.97-.069l-22.719 22.536c-4.705 4.667-4.736 12.265-.068 16.971l90.781 91.516c4.667 4.705 12.265 4.736 16.97.068l172.589-171.204c4.704-4.668 4.734-12.266.067-16.971z\"><\/path><\/svg>\t\t\t\t\t\t<\/span>\n\t\t\t\t\t\t\t\t\t\t<span class=\"elementor-icon-list-text\"><b>Tratamiento de ortodoncia<\/b>: mantenedores de espacio, aparatos ortod\u00f3ncicos y alineaci\u00f3n dental.<\/span>\n\t\t\t\t\t\t\t\t\t<\/li>\n\t\t\t\t\t\t<\/ul>\n\t\t\t\t\t\t<\/div>\n\t\t\t\t<\/div>\n\t\t\t\t\t<\/div>\n\t\t\t\t<\/div>\n\t\t<div class=\"elementor-element elementor-element-a4a5c78 e-flex e-con-boxed e-con e-child\" data-id=\"a4a5c78\" data-element_type=\"container\" data-e-type=\"container\">\n\t\t\t\t\t<div class=\"e-con-inner\">\n\t\t\t\t<div class=\"elementor-element elementor-element-d585b5a elementor-widget elementor-widget-heading\" data-id=\"d585b5a\" data-element_type=\"widget\" data-e-type=\"widget\" data-widget_type=\"heading.default\">\n\t\t\t\t<div class=\"elementor-widget-container\">\n\t\t\t\t\t<h2 class=\"elementor-heading-title elementor-size-default\">Los planes PPO<\/h2>\t\t\t\t<\/div>\n\t\t\t\t<\/div>\n\t\t\t\t<div class=\"elementor-element elementor-element-7c51b61 elementor-widget elementor-widget-text-editor\" data-id=\"7c51b61\" data-element_type=\"widget\" data-e-type=\"widget\" data-widget_type=\"text-editor.default\">\n\t\t\t\t<div class=\"elementor-widget-container\">\n\t\t\t\t\t\t\t\t\tPPO se refiere a la Organizaci\u00f3n de Proveedores Preferidos. En comparaci\u00f3n con un plan HMO (que es  Organizaci\u00f3n para el Mantenimiento de la Salud), este tipo de plan te brinda m\u00e1s flexibilidad para elegir dentistas. En otras palabras: son planes que ofrecen m\u00e1s opciones de proveedores y mayor flexibilidad, pero con costos m\u00e1s altos. A diferencia de los HMO, no necesitas un m\u00e9dico de atenci\u00f3n primaria y puedes ver especialistas directamente. \n\n\t\t\t\t\t\t\t\t<\/div>\n\t\t\t\t<\/div>\n\t\t\t\t<div class=\"elementor-element elementor-element-1de1896 elementor-widget elementor-widget-heading\" data-id=\"1de1896\" data-element_type=\"widget\" data-e-type=\"widget\" data-widget_type=\"heading.default\">\n\t\t\t\t<div class=\"elementor-widget-container\">\n\t\t\t\t\t<h2 class=\"elementor-heading-title elementor-size-default\">Algunos de los seguros con los que trabajamos<\/h2>\t\t\t\t<\/div>\n\t\t\t\t<\/div>\n\t\t<div class=\"elementor-element elementor-element-c1e8f74 e-grid e-con-full e-con e-child\" data-id=\"c1e8f74\" data-element_type=\"container\" data-e-type=\"container\">\n\t\t\t\t<div class=\"elementor-element elementor-element-440f6f3 elementor-widget elementor-widget-image\" data-id=\"440f6f3\" data-element_type=\"widget\" data-e-type=\"widget\" data-widget_type=\"image.default\">\n\t\t\t\t<div class=\"elementor-widget-container\">\n\t\t\t\t\t\t\t\t\t\t\t\t\t\t\t<img decoding=\"async\" width=\"500\" height=\"225\" src=\"https:\/\/miramarfamilydental.com\/wp-content\/uploads\/2024\/10\/Seguros-Aetna.png\" class=\"attachment-large size-large wp-image-14805\" alt=\"dental clinic that accepts aetna\" srcset=\"https:\/\/miramarfamilydental.com\/wp-content\/uploads\/2024\/10\/Seguros-Aetna.png 500w, https:\/\/miramarfamilydental.com\/wp-content\/uploads\/2024\/10\/Seguros-Aetna-300x135.png 300w\" sizes=\"(max-width: 500px) 100vw, 500px\" title=\"\">\t\t\t\t\t\t\t\t\t\t\t\t\t\t\t<\/div>\n\t\t\t\t<\/div>\n\t\t\t\t<div class=\"elementor-element elementor-element-950c142 elementor-widget elementor-widget-image\" data-id=\"950c142\" data-element_type=\"widget\" data-e-type=\"widget\" data-widget_type=\"image.default\">\n\t\t\t\t<div class=\"elementor-widget-container\">\n\t\t\t\t\t\t\t\t\t\t\t\t\t\t\t<img decoding=\"async\" width=\"500\" height=\"225\" src=\"https:\/\/miramarfamilydental.com\/wp-content\/uploads\/2024\/10\/Seguros-Ameritas.png\" class=\"attachment-large size-large wp-image-14807\" alt=\"dental clinic that accepts aetna\" srcset=\"https:\/\/miramarfamilydental.com\/wp-content\/uploads\/2024\/10\/Seguros-Ameritas.png 500w, https:\/\/miramarfamilydental.com\/wp-content\/uploads\/2024\/10\/Seguros-Ameritas-300x135.png 300w\" sizes=\"(max-width: 500px) 100vw, 500px\" title=\"\">\t\t\t\t\t\t\t\t\t\t\t\t\t\t\t<\/div>\n\t\t\t\t<\/div>\n\t\t\t\t<div class=\"elementor-element elementor-element-24714de elementor-widget elementor-widget-image\" data-id=\"24714de\" data-element_type=\"widget\" data-e-type=\"widget\" data-widget_type=\"image.default\">\n\t\t\t\t<div class=\"elementor-widget-container\">\n\t\t\t\t\t\t\t\t\t\t\t\t\t\t\t<img loading=\"lazy\" decoding=\"async\" width=\"500\" height=\"225\" src=\"https:\/\/miramarfamilydental.com\/wp-content\/uploads\/2024\/10\/Seguros-Assurant.png\" class=\"attachment-large size-large wp-image-14809\" alt=\"dental clinic that accepts Ameritas\" srcset=\"https:\/\/miramarfamilydental.com\/wp-content\/uploads\/2024\/10\/Seguros-Assurant.png 500w, https:\/\/miramarfamilydental.com\/wp-content\/uploads\/2024\/10\/Seguros-Assurant-300x135.png 300w\" sizes=\"(max-width: 500px) 100vw, 500px\" title=\"\">\t\t\t\t\t\t\t\t\t\t\t\t\t\t\t<\/div>\n\t\t\t\t<\/div>\n\t\t\t\t<div class=\"elementor-element elementor-element-3245a70 elementor-widget elementor-widget-image\" data-id=\"3245a70\" data-element_type=\"widget\" data-e-type=\"widget\" data-widget_type=\"image.default\">\n\t\t\t\t<div class=\"elementor-widget-container\">\n\t\t\t\t\t\t\t\t\t\t\t\t\t\t\t<img loading=\"lazy\" decoding=\"async\" width=\"500\" height=\"225\" src=\"https:\/\/miramarfamilydental.com\/wp-content\/uploads\/2024\/10\/Seguros-BlueCross.png\" class=\"attachment-large size-large wp-image-14811\" alt=\"dental clinic that accepts Blue Cross Blue Shield\" srcset=\"https:\/\/miramarfamilydental.com\/wp-content\/uploads\/2024\/10\/Seguros-BlueCross.png 500w, https:\/\/miramarfamilydental.com\/wp-content\/uploads\/2024\/10\/Seguros-BlueCross-300x135.png 300w\" sizes=\"(max-width: 500px) 100vw, 500px\" title=\"\">\t\t\t\t\t\t\t\t\t\t\t\t\t\t\t<\/div>\n\t\t\t\t<\/div>\n\t\t\t\t<div class=\"elementor-element elementor-element-c77093a elementor-widget elementor-widget-image\" data-id=\"c77093a\" data-element_type=\"widget\" data-e-type=\"widget\" data-widget_type=\"image.default\">\n\t\t\t\t<div class=\"elementor-widget-container\">\n\t\t\t\t\t\t\t\t\t\t\t\t\t\t\t<img loading=\"lazy\" decoding=\"async\" width=\"500\" height=\"225\" src=\"https:\/\/miramarfamilydental.com\/wp-content\/uploads\/2024\/10\/Seguros-Careington.png\" class=\"attachment-large size-large wp-image-14813\" alt=\"dental clinic that accepts Blue Cross Blue Shield\" srcset=\"https:\/\/miramarfamilydental.com\/wp-content\/uploads\/2024\/10\/Seguros-Careington.png 500w, https:\/\/miramarfamilydental.com\/wp-content\/uploads\/2024\/10\/Seguros-Careington-300x135.png 300w\" sizes=\"(max-width: 500px) 100vw, 500px\" title=\"\">\t\t\t\t\t\t\t\t\t\t\t\t\t\t\t<\/div>\n\t\t\t\t<\/div>\n\t\t\t\t<div class=\"elementor-element elementor-element-e4d7d81 elementor-widget elementor-widget-image\" data-id=\"e4d7d81\" data-element_type=\"widget\" data-e-type=\"widget\" data-widget_type=\"image.default\">\n\t\t\t\t<div class=\"elementor-widget-container\">\n\t\t\t\t\t\t\t\t\t\t\t\t\t\t\t<img loading=\"lazy\" decoding=\"async\" width=\"500\" height=\"225\" src=\"https:\/\/miramarfamilydental.com\/wp-content\/uploads\/2024\/10\/Seguros-Cigna.png\" class=\"attachment-large size-large wp-image-14817\" alt=\"dental clinic that accepts Cigna\" srcset=\"https:\/\/miramarfamilydental.com\/wp-content\/uploads\/2024\/10\/Seguros-Cigna.png 500w, https:\/\/miramarfamilydental.com\/wp-content\/uploads\/2024\/10\/Seguros-Cigna-300x135.png 300w\" sizes=\"(max-width: 500px) 100vw, 500px\" title=\"\">\t\t\t\t\t\t\t\t\t\t\t\t\t\t\t<\/div>\n\t\t\t\t<\/div>\n\t\t\t\t<div class=\"elementor-element elementor-element-832e309 elementor-widget elementor-widget-image\" data-id=\"832e309\" data-element_type=\"widget\" data-e-type=\"widget\" data-widget_type=\"image.default\">\n\t\t\t\t<div class=\"elementor-widget-container\">\n\t\t\t\t\t\t\t\t\t\t\t\t\t\t\t<img loading=\"lazy\" decoding=\"async\" width=\"500\" height=\"225\" src=\"https:\/\/miramarfamilydental.com\/wp-content\/uploads\/2024\/10\/Seguros-DeltaDental.png\" class=\"attachment-large size-large wp-image-14819\" alt=\"dental clinic that accepts Delta Dental\" srcset=\"https:\/\/miramarfamilydental.com\/wp-content\/uploads\/2024\/10\/Seguros-DeltaDental.png 500w, https:\/\/miramarfamilydental.com\/wp-content\/uploads\/2024\/10\/Seguros-DeltaDental-300x135.png 300w\" sizes=\"(max-width: 500px) 100vw, 500px\" title=\"\">\t\t\t\t\t\t\t\t\t\t\t\t\t\t\t<\/div>\n\t\t\t\t<\/div>\n\t\t\t\t<div class=\"elementor-element elementor-element-4ab19be elementor-widget elementor-widget-image\" data-id=\"4ab19be\" data-element_type=\"widget\" data-e-type=\"widget\" data-widget_type=\"image.default\">\n\t\t\t\t<div class=\"elementor-widget-container\">\n\t\t\t\t\t\t\t\t\t\t\t\t\t\t\t<img loading=\"lazy\" decoding=\"async\" width=\"500\" height=\"225\" src=\"https:\/\/miramarfamilydental.com\/wp-content\/uploads\/2024\/10\/Seguros-Equitable.png\" class=\"attachment-large size-large wp-image-14823\" alt=\"dental clinic that accepts Equitable\" srcset=\"https:\/\/miramarfamilydental.com\/wp-content\/uploads\/2024\/10\/Seguros-Equitable.png 500w, https:\/\/miramarfamilydental.com\/wp-content\/uploads\/2024\/10\/Seguros-Equitable-300x135.png 300w\" sizes=\"(max-width: 500px) 100vw, 500px\" title=\"\">\t\t\t\t\t\t\t\t\t\t\t\t\t\t\t<\/div>\n\t\t\t\t<\/div>\n\t\t\t\t<div class=\"elementor-element elementor-element-2f720ab elementor-widget elementor-widget-image\" data-id=\"2f720ab\" data-element_type=\"widget\" data-e-type=\"widget\" data-widget_type=\"image.default\">\n\t\t\t\t<div class=\"elementor-widget-container\">\n\t\t\t\t\t\t\t\t\t\t\t\t\t\t\t<img loading=\"lazy\" decoding=\"async\" width=\"500\" height=\"225\" src=\"https:\/\/miramarfamilydental.com\/wp-content\/uploads\/2024\/10\/Seguro-Geha.png\" class=\"attachment-large size-large wp-image-14825\" alt=\"dental clinic that accepts Geha\" srcset=\"https:\/\/miramarfamilydental.com\/wp-content\/uploads\/2024\/10\/Seguro-Geha.png 500w, https:\/\/miramarfamilydental.com\/wp-content\/uploads\/2024\/10\/Seguro-Geha-300x135.png 300w\" sizes=\"(max-width: 500px) 100vw, 500px\" title=\"\">\t\t\t\t\t\t\t\t\t\t\t\t\t\t\t<\/div>\n\t\t\t\t<\/div>\n\t\t\t\t<div class=\"elementor-element elementor-element-3bd090b elementor-widget elementor-widget-image\" data-id=\"3bd090b\" data-element_type=\"widget\" data-e-type=\"widget\" data-widget_type=\"image.default\">\n\t\t\t\t<div class=\"elementor-widget-container\">\n\t\t\t\t\t\t\t\t\t\t\t\t\t\t\t<img loading=\"lazy\" decoding=\"async\" width=\"500\" height=\"225\" src=\"https:\/\/miramarfamilydental.com\/wp-content\/uploads\/2024\/10\/Seguros-Humana.png\" class=\"attachment-large size-large wp-image-14827\" alt=\"dental clinic that accepts Humana\" srcset=\"https:\/\/miramarfamilydental.com\/wp-content\/uploads\/2024\/10\/Seguros-Humana.png 500w, https:\/\/miramarfamilydental.com\/wp-content\/uploads\/2024\/10\/Seguros-Humana-300x135.png 300w\" sizes=\"(max-width: 500px) 100vw, 500px\" title=\"\">\t\t\t\t\t\t\t\t\t\t\t\t\t\t\t<\/div>\n\t\t\t\t<\/div>\n\t\t\t\t<div class=\"elementor-element elementor-element-e11b75e elementor-widget elementor-widget-image\" data-id=\"e11b75e\" data-element_type=\"widget\" data-e-type=\"widget\" data-widget_type=\"image.default\">\n\t\t\t\t<div class=\"elementor-widget-container\">\n\t\t\t\t\t\t\t\t\t\t\t\t\t\t\t<img loading=\"lazy\" decoding=\"async\" width=\"500\" height=\"225\" src=\"https:\/\/miramarfamilydental.com\/wp-content\/uploads\/2024\/10\/Seguros-Metlife.png\" class=\"attachment-large size-large wp-image-14829\" alt=\"dental clinic that accepts metlife\" srcset=\"https:\/\/miramarfamilydental.com\/wp-content\/uploads\/2024\/10\/Seguros-Metlife.png 500w, https:\/\/miramarfamilydental.com\/wp-content\/uploads\/2024\/10\/Seguros-Metlife-300x135.png 300w\" sizes=\"(max-width: 500px) 100vw, 500px\" title=\"\">\t\t\t\t\t\t\t\t\t\t\t\t\t\t\t<\/div>\n\t\t\t\t<\/div>\n\t\t\t\t<div class=\"elementor-element elementor-element-a0d6daa elementor-widget elementor-widget-image\" data-id=\"a0d6daa\" data-element_type=\"widget\" data-e-type=\"widget\" data-widget_type=\"image.default\">\n\t\t\t\t<div class=\"elementor-widget-container\">\n\t\t\t\t\t\t\t\t\t\t\t\t\t\t\t<img loading=\"lazy\" decoding=\"async\" width=\"500\" height=\"225\" src=\"https:\/\/miramarfamilydental.com\/wp-content\/uploads\/2024\/10\/Seguros-UnitedHealth.png\" class=\"attachment-large size-large wp-image-14831\" alt=\"dental clinic that accepts metlife\" srcset=\"https:\/\/miramarfamilydental.com\/wp-content\/uploads\/2024\/10\/Seguros-UnitedHealth.png 500w, https:\/\/miramarfamilydental.com\/wp-content\/uploads\/2024\/10\/Seguros-UnitedHealth-300x135.png 300w\" sizes=\"(max-width: 500px) 100vw, 500px\" title=\"\">\t\t\t\t\t\t\t\t\t\t\t\t\t\t\t<\/div>\n\t\t\t\t<\/div>\n\t\t\t\t<\/div>\n\t\t<div class=\"elementor-element elementor-element-c842ce4 e-con-full e-flex e-con e-child\" data-id=\"c842ce4\" data-element_type=\"container\" data-e-type=\"container\">\n\t\t\t\t<div class=\"elementor-element elementor-element-4f1c344 elementor-widget elementor-widget-heading\" data-id=\"4f1c344\" data-element_type=\"widget\" data-e-type=\"widget\" data-widget_type=\"heading.default\">\n\t\t\t\t<div class=\"elementor-widget-container\">\n\t\t\t\t\t<h2 class=\"elementor-heading-title elementor-size-default\">\u00bfSin seguro? No hay problema.<\/h2>\t\t\t\t<\/div>\n\t\t\t\t<\/div>\n\t\t\t\t<div class=\"elementor-element elementor-element-e6c68ac elementor-widget elementor-widget-text-editor\" data-id=\"e6c68ac\" data-element_type=\"widget\" data-e-type=\"widget\" data-widget_type=\"text-editor.default\">\n\t\t\t\t<div class=\"elementor-widget-container\">\n\t\t\t\t\t\t\t\t\t<p>Creemos que todos merecen acceso a atenci\u00f3n dental de calidad, incluso sin seguro. Por eso, ofrecemos opciones de financiamiento flexibles para que los tratamientos sean asequibles y sin estr\u00e9s.<\/p><p>\u00bfTiene preguntas? Llame a nuestra oficina y le guiaremos para encontrar el mejor plan para sus necesidades.<\/p>\t\t\t\t\t\t\t\t<\/div>\n\t\t\t\t<\/div>\n\t\t\t\t<div class=\"elementor-element elementor-element-e3b4ca9 elementor-widget elementor-widget-button\" data-id=\"e3b4ca9\" data-element_type=\"widget\" data-e-type=\"widget\" data-widget_type=\"button.default\">\n\t\t\t\t<div class=\"elementor-widget-container\">\n\t\t\t\t\t\t\t\t\t<div class=\"elementor-button-wrapper\">\n\t\t\t\t\t<a class=\"elementor-button elementor-button-link elementor-size-sm\" href=\"https:\/\/miramarfamilydental.com\/es\/informacion-para-pacientes\/planes-de-financiamiento\/\">\n\t\t\t\t\t\t<span class=\"elementor-button-content-wrapper\">\n\t\t\t\t\t\t\t\t\t<span class=\"elementor-button-text\">Consulte nuestras opciones de financiaci\u00f3n<\/span>\n\t\t\t\t\t<\/span>\n\t\t\t\t\t<\/a>\n\t\t\t\t<\/div>\n\t\t\t\t\t\t\t\t<\/div>\n\t\t\t\t<\/div>\n\t\t\t\t<\/div>\n\t\t\t\t\t<\/div>\n\t\t\t\t<\/div>\n\t\t\t\t<\/div>\n\t\t","protected":false},"excerpt":{"rendered":"<p>Seguros dentales en MiraMar Family Dental Seguro Dental Simplificado En MiraMar Family Dental entendemos que la salud bucal es un componente esencial de tu bienestar general. Si tienes un seguro dental, puedes acceder a una variedad de beneficios: desde la prevenci\u00f3n hasta el tratamiento de enfermedades m\u00e1s complejas.\u00a0 Por eso, trabajamos con los seguros dentales [&hellip;]<\/p>\n","protected":false},"author":1,"featured_media":3834,"parent":1124,"menu_order":0,"comment_status":"closed","ping_status":"closed","template":"","meta":{"footnotes":""},"class_list":["post-1146","page","type-page","status-publish","has-post-thumbnail","hentry"],"_links":{"self":[{"href":"https:\/\/miramarfamilydental.com\/es\/wp-json\/wp\/v2\/pages\/1146","targetHints":{"allow":["GET"]}}],"collection":[{"href":"https:\/\/miramarfamilydental.com\/es\/wp-json\/wp\/v2\/pages"}],"about":[{"href":"https:\/\/miramarfamilydental.com\/es\/wp-json\/wp\/v2\/types\/page"}],"author":[{"embeddable":true,"href":"https:\/\/miramarfamilydental.com\/es\/wp-json\/wp\/v2\/users\/1"}],"replies":[{"embeddable":true,"href":"https:\/\/miramarfamilydental.com\/es\/wp-json\/wp\/v2\/comments?post=1146"}],"version-history":[{"count":5,"href":"https:\/\/miramarfamilydental.com\/es\/wp-json\/wp\/v2\/pages\/1146\/revisions"}],"predecessor-version":[{"id":17068,"href":"https:\/\/miramarfamilydental.com\/es\/wp-json\/wp\/v2\/pages\/1146\/revisions\/17068"}],"up":[{"embeddable":true,"href":"https:\/\/miramarfamilydental.com\/es\/wp-json\/wp\/v2\/pages\/1124"}],"wp:featuredmedia":[{"embeddable":true,"href":"https:\/\/miramarfamilydental.com\/es\/wp-json\/wp\/v2\/media\/3834"}],"wp:attachment":[{"href":"https:\/\/miramarfamilydental.com\/es\/wp-json\/wp\/v2\/media?parent=1146"}],"curies":[{"name":"wp","href":"https:\/\/api.w.org\/{rel}","templated":true}]}}