{"id":1154,"date":"2024-02-24T10:49:57","date_gmt":"2024-02-24T16:49:57","guid":{"rendered":"https:\/\/miramarfamilydental.com\/?page_id=1154"},"modified":"2025-09-04T12:44:33","modified_gmt":"2025-09-04T17:44:33","slug":"ofertas-y-promociones","status":"publish","type":"page","link":"https:\/\/miramarfamilydental.com\/es\/ofertas-y-promociones\/","title":{"rendered":"Ofertas y promociones"},"content":{"rendered":"\t\t<div data-elementor-type=\"wp-page\" data-elementor-id=\"1154\" class=\"elementor elementor-1154\" data-elementor-post-type=\"page\">\n\t\t\t\t<div class=\"elementor-element elementor-element-070328d e-flex e-con-boxed e-con e-parent\" data-id=\"070328d\" data-element_type=\"container\" data-e-type=\"container\" data-settings=\"{&quot;background_background&quot;:&quot;classic&quot;}\">\n\t\t\t\t\t<div class=\"e-con-inner\">\n\t\t\t\t<div class=\"elementor-element elementor-element-5a64c75 elementor-widget elementor-widget-heading\" data-id=\"5a64c75\" data-element_type=\"widget\" data-e-type=\"widget\" data-widget_type=\"heading.default\">\n\t\t\t\t<div class=\"elementor-widget-container\">\n\t\t\t\t\t<h1 class=\"elementor-heading-title elementor-size-default\">Ofertas y promociones<\/h1>\t\t\t\t<\/div>\n\t\t\t\t<\/div>\n\t\t\t\t<div class=\"elementor-element elementor-element-83ca8bb elementor-widget elementor-widget-heading\" data-id=\"83ca8bb\" data-element_type=\"widget\" data-e-type=\"widget\" data-widget_type=\"heading.default\">\n\t\t\t\t<div class=\"elementor-widget-container\">\n\t\t\t\t\t<p class=\"elementor-heading-title elementor-size-default\">Especiales nuevos cada mes. Ofertas de referido y ofertas para clientes nuevos.<\/p>\t\t\t\t<\/div>\n\t\t\t\t<\/div>\n\t\t\t\t\t<\/div>\n\t\t\t\t<\/div>\n\t\t<div class=\"elementor-element elementor-element-ea7d105 e-flex e-con-boxed e-con e-parent\" data-id=\"ea7d105\" data-element_type=\"container\" data-e-type=\"container\">\n\t\t\t\t\t<div class=\"e-con-inner\">\n\t\t\t\t<div class=\"elementor-element elementor-element-0999cef elementor-widget elementor-widget-heading\" data-id=\"0999cef\" data-element_type=\"widget\" data-e-type=\"widget\" data-widget_type=\"heading.default\">\n\t\t\t\t<div class=\"elementor-widget-container\">\n\t\t\t\t\t<h2 class=\"elementor-heading-title elementor-size-default\">Aprovecha nuestras ofertas y promociones para el mes de abril. Obten tratamientos dentales de calidad a precios m\u00e1s econ\u00f3micos<\/h2>\t\t\t\t<\/div>\n\t\t\t\t<\/div>\n\t\t\t\t<div class=\"elementor-element elementor-element-eff2fe1 elementor-widget elementor-widget-text-editor\" data-id=\"eff2fe1\" data-element_type=\"widget\" data-e-type=\"widget\" data-widget_type=\"text-editor.default\">\n\t\t\t\t<div class=\"elementor-widget-container\">\n\t\t\t\t\t\t\t\t\t<p>En MiraMar Family Dental nos esforzamos por ofrecerte la mejor atenci\u00f3n dental a precios asequibles. Descubre las ofertas y promociones que dise\u00f1amos para cuidar de tu sonrisa y tu salud bucal. Tenemos algunas promociones que duran todo el a\u00f1o, y otras especiales que son solo durante temporada y festividades seleccionadas. <strong>Conoce nuestro Programa de Lealtad o Membres\u00eda MFD.<\/strong><\/p>\t\t\t\t\t\t\t\t<\/div>\n\t\t\t\t<\/div>\n\t\t\t\t<div class=\"elementor-element elementor-element-998652f elementor-widget elementor-widget-jet-listing-grid\" data-id=\"998652f\" data-element_type=\"widget\" data-e-type=\"widget\" data-settings=\"{&quot;columns_tablet&quot;:&quot;1&quot;,&quot;columns_mobile&quot;:&quot;1&quot;,&quot;columns&quot;:&quot;1&quot;}\" data-widget_type=\"jet-listing-grid.default\">\n\t\t\t\t<div class=\"elementor-widget-container\">\n\t\t\t\t\t<div class=\"jet-listing-grid jet-listing\"><div class=\"jet-listing-grid__items grid-col-desk-1 grid-col-tablet-1 grid-col-mobile-1 jet-listing-grid--15854 jet-equal-columns__wrapper\" data-queried-id=\"1154|WP_Post\" data-cct-slug=\"patient_specials\" data-nav=\"{&quot;enabled&quot;:false,&quot;type&quot;:null,&quot;more_el&quot;:null,&quot;query&quot;:[],&quot;widget_settings&quot;:{&quot;lisitng_id&quot;:15854,&quot;posts_num&quot;:12,&quot;columns&quot;:1,&quot;columns_tablet&quot;:1,&quot;columns_mobile&quot;:1,&quot;column_min_width&quot;:240,&quot;column_min_width_tablet&quot;:240,&quot;column_min_width_mobile&quot;:240,&quot;inline_columns_css&quot;:false,&quot;is_archive_template&quot;:&quot;&quot;,&quot;post_status&quot;:[&quot;publish&quot;],&quot;use_random_posts_num&quot;:&quot;&quot;,&quot;max_posts_num&quot;:9,&quot;not_found_message&quot;:&quot;No data was found&quot;,&quot;is_masonry&quot;:false,&quot;equal_columns_height&quot;:&quot;yes&quot;,&quot;use_load_more&quot;:&quot;&quot;,&quot;load_more_id&quot;:&quot;&quot;,&quot;load_more_type&quot;:&quot;click&quot;,&quot;load_more_offset&quot;:null,&quot;use_custom_post_types&quot;:&quot;&quot;,&quot;custom_post_types&quot;:[],&quot;hide_widget_if&quot;:&quot;&quot;,&quot;carousel_enabled&quot;:&quot;&quot;,&quot;slides_to_scroll&quot;:&quot;1&quot;,&quot;arrows&quot;:&quot;true&quot;,&quot;arrow_icon&quot;:&quot;fa fa-angle-left&quot;,&quot;dots&quot;:&quot;&quot;,&quot;autoplay&quot;:&quot;true&quot;,&quot;pause_on_hover&quot;:&quot;true&quot;,&quot;autoplay_speed&quot;:5000,&quot;infinite&quot;:&quot;true&quot;,&quot;center_mode&quot;:&quot;&quot;,&quot;effect&quot;:&quot;slide&quot;,&quot;speed&quot;:500,&quot;inject_alternative_items&quot;:&quot;&quot;,&quot;injection_items&quot;:[],&quot;scroll_slider_enabled&quot;:&quot;&quot;,&quot;scroll_slider_on&quot;:[&quot;desktop&quot;,&quot;tablet&quot;,&quot;mobile&quot;],&quot;custom_query&quot;:false,&quot;custom_query_id&quot;:&quot;&quot;,&quot;_element_id&quot;:&quot;&quot;,&quot;collapse_first_last_gap&quot;:false,&quot;list_tag_selection&quot;:&quot;&quot;,&quot;list_items_wrapper_tag&quot;:&quot;div&quot;,&quot;list_item_tag&quot;:&quot;div&quot;,&quot;empty_items_wrapper_tag&quot;:&quot;div&quot;}}\" data-page=\"1\" data-pages=\"1\" data-listing-source=\"custom_content_type\" data-listing-id=\"15854\" data-query-id=\"\"><div class=\"jet-listing-grid__item jet-listing-dynamic-post-26 jet-equal-columns\" data-post-id=\"26\"  >\t\t<div data-elementor-type=\"jet-listing-items\" data-elementor-id=\"15854\" class=\"elementor elementor-15854\" data-elementor-post-type=\"jet-engine\">\n\t\t\t\t\t\t<div class=\"elementor-element elementor-element-edd7307 e-con e-atomic-element e-div-block-base\" data-id=\"edd7307\" data-element_type=\"e-div-block\" data-e-type=\"e-div-block\" data-interaction-id=\"edd7307\" data-e-type=\"e-div-block\" data-id=\"edd7307\">\n\t\t\t\t<div class=\"elementor-element elementor-element-88e492a elementor-widget elementor-widget-jet-listing-dynamic-repeater\" data-id=\"88e492a\" data-element_type=\"widget\" data-e-type=\"widget\" data-widget_type=\"jet-listing-dynamic-repeater.default\">\n\t\t\t\t<div class=\"elementor-widget-container\">\n\t\t\t\t\t<div class=\"jet-listing jet-listing-dynamic-repeater\"><div class=\"jet-listing-dynamic-repeater__items \"><div class=\"jet-listing-dynamic-repeater__item\"><div class=\"offer-item\">\n   <p class=\"offer-month\">Oferta del mes<\/p>\n    <h3>Examen 2x1 por el Mes de Mam\u00e1 ($75 en total)<\/h3>\n    <p class=\"p-small-text\">Pague $75 por su examen y traiga a su mam\u00e1 o a su abuela para un examen GRATIS. Solo para pacientes nuevos. Aplican t\u00e9rminos y condiciones.<\/p>\n    <a class=\"primary-btn\" href=\"https:\/\/miramarfamilydental.com\/es\/agendar-cita-miramar-family-dental\/\">Reserva tu oferta<\/a>\n<\/div><\/div><div class=\"jet-listing-dynamic-repeater__item\"><div class=\"offer-item\">\n   <p class=\"offer-month\">Oferta del mes<\/p>\n    <h3>Dise\u00f1o de sonrisa + 1 mes de per\u00edodo de gracia<\/h3>\n    <p class=\"p-small-text\">Comience su tratamiento reparador o cosm\u00e9tico y pregunte por nuestro plan interno con un per\u00edodo de gracia de 1 mes. V\u00e1lido \u00fanicamente para planes internos. No v\u00e1lido con financiamiento de terceros.<\/p>\n    <a class=\"primary-btn\" href=\"https:\/\/miramarfamilydental.com\/es\/agendar-cita-miramar-family-dental\/\">Reserva tu oferta<\/a>\n<\/div><\/div><div class=\"jet-listing-dynamic-repeater__item\"><div class=\"offer-item\">\n   <p class=\"offer-month\">Oferta del mes<\/p>\n    <h3>Programa de fidelidad: Primer mes GRATIS<\/h3>\n    <p class=\"p-small-text\">\u00danase a nuestro Programa de Fidelidad y obtenga su primer mes gratis. Disfrute de ahorros y beneficios exclusivos para miembros durante todo el a\u00f1o. Solo para pacientes establecidos. Aplican t\u00e9rminos y condiciones.<\/p>\n    <a class=\"primary-btn\" href=\"https:\/\/miramarfamilydental.com\/es\/agendar-cita-miramar-family-dental\/\">Reserva tu oferta<\/a>\n<\/div><\/div><\/div><\/div>\t\t\t\t<\/div>\n\t\t\t\t<\/div>\n\t\t\t\t<\/div>\n\t\t\t\t<\/div>\n\t\t<\/div><\/div><\/div>\t\t\t\t<\/div>\n\t\t\t\t<\/div>\n\t\t\t\t\t<\/div>\n\t\t\t\t<\/div>\n\t\t<div class=\"elementor-element elementor-element-01079c4 e-flex e-con-boxed e-con e-parent\" data-id=\"01079c4\" data-element_type=\"container\" data-e-type=\"container\">\n\t\t\t\t\t<div class=\"e-con-inner\">\n\t\t<div class=\"elementor-element elementor-element-a635f14 e-con-full e-flex e-con e-child\" data-id=\"a635f14\" data-element_type=\"container\" data-e-type=\"container\">\n\t\t\t\t<div class=\"elementor-element elementor-element-cd6fbad elementor-widget elementor-widget-heading\" data-id=\"cd6fbad\" data-element_type=\"widget\" data-e-type=\"widget\" data-widget_type=\"heading.default\">\n\t\t\t\t<div class=\"elementor-widget-container\">\n\t\t\t\t\t<h2 class=\"elementor-heading-title elementor-size-default\">Examen para nuevos pacientes<\/h2>\t\t\t\t<\/div>\n\t\t\t\t<\/div>\n\t\t\t\t<div class=\"elementor-element elementor-element-4cdb784 elementor-widget elementor-widget-text-editor\" data-id=\"4cdb784\" data-element_type=\"widget\" data-e-type=\"widget\" data-widget_type=\"text-editor.default\">\n\t\t\t\t<div class=\"elementor-widget-container\">\n\t\t\t\t\t\t\t\t\tNuestro compromiso con la excelencia y la atenci\u00f3n personalizada nos distingue como el consultorio dental ideal para ti. Queremos que vivas la experiencia por ti mismo, y hemos dise\u00f1ado esta oferta irresistible pensando en ti: \u00a1tu examen como nuevo paciente y una radiograf\u00eda por tan solo $75! Agenda una cita y obt\u00e9n esta oferta ya mismo.\t\t\t\t\t\t\t\t<\/div>\n\t\t\t\t<\/div>\n\t\t\t\t<div class=\"elementor-element elementor-element-61b17bc elementor-widget elementor-widget-button\" data-id=\"61b17bc\" data-element_type=\"widget\" data-e-type=\"widget\" data-widget_type=\"button.default\">\n\t\t\t\t<div class=\"elementor-widget-container\">\n\t\t\t\t\t\t\t\t\t<div class=\"elementor-button-wrapper\">\n\t\t\t\t\t<a class=\"elementor-button elementor-button-link elementor-size-sm\" href=\"https:\/\/miramarfamilydental.com\/agendar-cita-miramar-family-dental\/\">\n\t\t\t\t\t\t<span class=\"elementor-button-content-wrapper\">\n\t\t\t\t\t\t\t\t\t<span class=\"elementor-button-text\">Quiero esta oferta<\/span>\n\t\t\t\t\t<\/span>\n\t\t\t\t\t<\/a>\n\t\t\t\t<\/div>\n\t\t\t\t\t\t\t\t<\/div>\n\t\t\t\t<\/div>\n\t\t\t\t<\/div>\n\t\t<div class=\"elementor-element elementor-element-a1a40d1 e-con-full e-flex e-con e-child\" data-id=\"a1a40d1\" data-element_type=\"container\" data-e-type=\"container\">\n\t\t\t\t<div class=\"elementor-element elementor-element-d61a882 elementor-widget elementor-widget-image\" data-id=\"d61a882\" data-element_type=\"widget\" data-e-type=\"widget\" data-widget_type=\"image.default\">\n\t\t\t\t<div class=\"elementor-widget-container\">\n\t\t\t\t\t\t\t\t\t\t\t\t\t\t\t<img fetchpriority=\"high\" decoding=\"async\" width=\"1080\" height=\"1080\" src=\"https:\/\/miramarfamilydental.com\/wp-content\/uploads\/2024\/10\/Anuncios-promo_Xrays75png-1.png\" class=\"attachment-full size-full wp-image-14845\" alt=\"\" srcset=\"https:\/\/miramarfamilydental.com\/wp-content\/uploads\/2024\/10\/Anuncios-promo_Xrays75png-1.png 1080w, https:\/\/miramarfamilydental.com\/wp-content\/uploads\/2024\/10\/Anuncios-promo_Xrays75png-1-300x300.png 300w, https:\/\/miramarfamilydental.com\/wp-content\/uploads\/2024\/10\/Anuncios-promo_Xrays75png-1-1024x1024.png 1024w, https:\/\/miramarfamilydental.com\/wp-content\/uploads\/2024\/10\/Anuncios-promo_Xrays75png-1-150x150.png 150w, https:\/\/miramarfamilydental.com\/wp-content\/uploads\/2024\/10\/Anuncios-promo_Xrays75png-1-768x768.png 768w, https:\/\/miramarfamilydental.com\/wp-content\/uploads\/2024\/10\/Anuncios-promo_Xrays75png-1-600x600.png 600w\" sizes=\"(max-width: 1080px) 100vw, 1080px\" title=\"\">\t\t\t\t\t\t\t\t\t\t\t\t\t\t\t<\/div>\n\t\t\t\t<\/div>\n\t\t\t\t<\/div>\n\t\t\t\t\t<\/div>\n\t\t\t\t<\/div>\n\t\t<div class=\"elementor-element elementor-element-de3cc86 e-flex e-con-boxed e-con e-parent\" data-id=\"de3cc86\" data-element_type=\"container\" data-e-type=\"container\">\n\t\t\t\t\t<div class=\"e-con-inner\">\n\t\t<div class=\"elementor-element elementor-element-4930e68 e-con-full e-flex e-con e-child\" data-id=\"4930e68\" data-element_type=\"container\" data-e-type=\"container\">\n\t\t\t\t<div class=\"elementor-element elementor-element-6988a5d elementor-widget elementor-widget-image\" data-id=\"6988a5d\" data-element_type=\"widget\" data-e-type=\"widget\" data-widget_type=\"image.default\">\n\t\t\t\t<div class=\"elementor-widget-container\">\n\t\t\t\t\t\t\t\t\t\t\t\t\t\t\t<img decoding=\"async\" width=\"1080\" height=\"1080\" src=\"https:\/\/miramarfamilydental.com\/wp-content\/uploads\/2024\/03\/programa-de-referidos.png\" class=\"attachment-full size-full wp-image-4354\" alt=\"\" srcset=\"https:\/\/miramarfamilydental.com\/wp-content\/uploads\/2024\/03\/programa-de-referidos.png 1080w, https:\/\/miramarfamilydental.com\/wp-content\/uploads\/2024\/03\/programa-de-referidos-300x300.png 300w, https:\/\/miramarfamilydental.com\/wp-content\/uploads\/2024\/03\/programa-de-referidos-1024x1024.png 1024w, https:\/\/miramarfamilydental.com\/wp-content\/uploads\/2024\/03\/programa-de-referidos-150x150.png 150w, https:\/\/miramarfamilydental.com\/wp-content\/uploads\/2024\/03\/programa-de-referidos-768x768.png 768w, https:\/\/miramarfamilydental.com\/wp-content\/uploads\/2024\/03\/programa-de-referidos-600x600.png 600w\" sizes=\"(max-width: 1080px) 100vw, 1080px\" title=\"\">\t\t\t\t\t\t\t\t\t\t\t\t\t\t\t<\/div>\n\t\t\t\t<\/div>\n\t\t\t\t<\/div>\n\t\t<div class=\"elementor-element elementor-element-f29cc83 e-con-full e-flex e-con e-child\" data-id=\"f29cc83\" data-element_type=\"container\" data-e-type=\"container\">\n\t\t\t\t<div class=\"elementor-element elementor-element-09e1d8b elementor-widget elementor-widget-heading\" data-id=\"09e1d8b\" data-element_type=\"widget\" data-e-type=\"widget\" data-widget_type=\"heading.default\">\n\t\t\t\t<div class=\"elementor-widget-container\">\n\t\t\t\t\t<h2 class=\"elementor-heading-title elementor-size-default\">Programa Dental de Referidos\n<\/h2>\t\t\t\t<\/div>\n\t\t\t\t<\/div>\n\t\t\t\t<div class=\"elementor-element elementor-element-b9317a8 elementor-widget elementor-widget-text-editor\" data-id=\"b9317a8\" data-element_type=\"widget\" data-e-type=\"widget\" data-widget_type=\"text-editor.default\">\n\t\t\t\t<div class=\"elementor-widget-container\">\n\t\t\t\t\t\t\t\t\t<p>\u00bfTienes amigos o familiares que buscan una cl\u00ednica dental cercana, de calidad, y con el mejor precio en Katy o Houston? \u00bfY si te dij\u00e9ramos que te recompensamos por recomendarnos con ellos?<\/p><p>Con nuestro Programa Dental de Referidos por cada amigo o familiar tuyo que se atienda en Miramar Family Dental mediante tu nombre, obtienes una bonificaci\u00f3n de $30 que acumular\u00e1s\u00a0en tu cuenta de paciente para utilizar en tratamientos futuros.\u00a0Mientras m\u00e1s sugeridos, m\u00e1s bonificaciones.<\/p><p>No dudes en contactarnos o preguntar en la Recepci\u00f3n. \u00a1Pide tu tarjeta de Referencias para empezar a acumular cr\u00e9ditos! Aplican t\u00e9rminos y condiciones.<\/p>\t\t\t\t\t\t\t\t<\/div>\n\t\t\t\t<\/div>\n\t\t\t\t<\/div>\n\t\t\t\t<div class=\"elementor-element elementor-element-5c5feb8 elementor-widget__width-inherit elementor-widget elementor-widget-html\" data-id=\"5c5feb8\" data-element_type=\"widget\" data-e-type=\"widget\" data-widget_type=\"html.default\">\n\t\t\t\t<div class=\"elementor-widget-container\">\n\t\t\t\t\t<iframe\r\n    src=\"https:\/\/link.miramarfamilydental.com\/widget\/form\/HlMLmQ6YtIfoDYFRihAi\"\r\n    style=\"width:100%;height:100%;border:none;border-radius:0px\"\r\n    id=\"inline-HlMLmQ6YtIfoDYFRihAi\" \r\n    data-layout=\"{'id':'INLINE'}\"\r\n    data-trigger-type=\"alwaysShow\"\r\n    data-trigger-value=\"\"\r\n    data-activation-type=\"alwaysActivated\"\r\n    data-activation-value=\"\"\r\n    data-deactivation-type=\"neverDeactivate\"\r\n    data-deactivation-value=\"\"\r\n    data-form-name=\"Referral Form\"\r\n    data-height=\"1035\"\r\n    data-layout-iframe-id=\"inline-HlMLmQ6YtIfoDYFRihAi\"\r\n    data-form-id=\"HlMLmQ6YtIfoDYFRihAi\"\r\n    title=\"Referral Form\"\r\n        >\r\n<\/iframe>\r\n<script src=\"https:\/\/link.miramarfamilydental.com\/js\/form_embed.js\"><\/script>\t\t\t\t<\/div>\n\t\t\t\t<\/div>\n\t\t\t\t\t<\/div>\n\t\t\t\t<\/div>\n\t\t<div class=\"elementor-element elementor-element-5d0295e e-flex e-con-boxed e-con e-parent\" data-id=\"5d0295e\" data-element_type=\"container\" data-e-type=\"container\">\n\t\t\t\t\t<div class=\"e-con-inner\">\n\t\t\t\t<div class=\"elementor-element elementor-element-d1c09b7 elementor-headline--style-rotate elementor-widget__width-inherit elementor-widget elementor-widget-animated-headline\" data-id=\"d1c09b7\" data-element_type=\"widget\" data-e-type=\"widget\" data-settings=\"{&quot;headline_style&quot;:&quot;rotate&quot;,&quot;animation_type&quot;:&quot;drop-in&quot;,&quot;rotating_text&quot;:&quot;especiales&quot;,&quot;loop&quot;:&quot;yes&quot;,&quot;rotate_iteration_delay&quot;:2500}\" data-widget_type=\"animated-headline.default\">\n\t\t\t\t<div class=\"elementor-widget-container\">\n\t\t\t\t\t\t\t<h2 class=\"elementor-headline elementor-headline-animation-type-drop-in\">\n\t\t\t\t\t<span class=\"elementor-headline-plain-text elementor-headline-text-wrapper\">Ofertas y promociones<\/span>\n\t\t\t\t<span class=\"elementor-headline-dynamic-wrapper elementor-headline-text-wrapper\">\n\t\t\t\t\t<span class=\"elementor-headline-dynamic-text elementor-headline-text-active\">\n\t\t\t\tespeciales\t\t\t<\/span>\n\t\t\t\t\t\t<\/span>\n\t\t\t\t<\/h2>\n\t\t\t\t\t\t<\/div>\n\t\t\t\t<\/div>\n\t\t\t\t<div class=\"elementor-element elementor-element-c40c524 elementor-widget elementor-widget-text-editor\" data-id=\"c40c524\" data-element_type=\"widget\" data-e-type=\"widget\" data-widget_type=\"text-editor.default\">\n\t\t\t\t<div class=\"elementor-widget-container\">\n\t\t\t\t\t\t\t\t\t<p>En MiraMar Family Dental queremos garantizar que puedas acceder a servicios dentales que podemos proporcionarte, y que no te quedes sin acceso a ellos por cuestiones financieras y un presupuesto ajustado. Y como comprendemos que puede llegar a ser dif\u00edcil cubrir todos los gastos necesarios, aprovechamos cada ocasi\u00f3n especial, fiesta o celebraci\u00f3n de temporada para ofrecerte promociones atractivas, que sin duda te sorprender\u00e1n. Si ya eres pacientes nuestro, no te preocupes, que ser\u00e1s de los primeros en conocer y acceder a ellos porque te avisamos por email. Y si a\u00fan no lo eres, s\u00edguenos en nuestras redes sociales porque desde all\u00ed siempre anunciamos estas incre\u00edbles promociones.<\/p>\t\t\t\t\t\t\t\t<\/div>\n\t\t\t\t<\/div>\n\t\t\t\t<div class=\"elementor-element elementor-element-96c7f2b elementor-cta--skin-classic elementor-animated-content elementor-bg-transform elementor-bg-transform-zoom-in elementor-widget elementor-widget-call-to-action\" data-id=\"96c7f2b\" data-element_type=\"widget\" data-e-type=\"widget\" data-widget_type=\"call-to-action.default\">\n\t\t\t\t<div class=\"elementor-widget-container\">\n\t\t\t\t\t\t\t<div class=\"elementor-cta\">\n\t\t\t\t\t<div class=\"elementor-cta__bg-wrapper\">\n\t\t\t\t<div class=\"elementor-cta__bg elementor-bg\" style=\"background-image: url(https:\/\/miramarfamilydental.com\/wp-content\/uploads\/2024\/10\/PROMOCIONES-ESPECIALES-1024x380.png);\" role=\"img\" aria-label=\"PROMOCIONES-ESPECIALES.png\"><\/div>\n\t\t\t\t<div class=\"elementor-cta__bg-overlay\"><\/div>\n\t\t\t<\/div>\n\t\t\t\t\t\t\t<div class=\"elementor-cta__content\">\n\t\t\t\t\n\t\t\t\t\t\t\t\t\t<h2 class=\"elementor-cta__title elementor-cta__content-item elementor-content-item\">\n\t\t\t\t\t\tConoce nuestras promociones especiales\t\t\t\t\t<\/h2>\n\t\t\t\t\n\t\t\t\t\t\t\t\t\t<div class=\"elementor-cta__description elementor-cta__content-item elementor-content-item\">\n\t\t\t\t\t\tSi quieres enterarte de nuestras ofertas y promociones especiales, s\u00edguenos en nuestras redes sociales o suscr\u00edbete a nuestra lista de correos para estar informado de los servicios, tratamientos y promociones que tenemos para ti en MiraMar Family Dental.\n\n<div style=\"padding-top:2rem;display:flex;gap:20px;justify-content:center;align-items:center\">\n<a class=\"elementor-button\" target=\"_blank\" href=\"https:\/\/www.instagram.com\/miramarfamilydental?utm_source=ig_web_button_share_sheet&amp;igsh=ZDNlZDc0MzIxNw==\" rel=\"noopener\">instagram<\/a>\n<a class=\"elementor-button\" target=\"_blank\" href=\"https:\/\/www.facebook.com\/MiraMarFamilyDental\" rel=\"noopener\">facebook<\/a>\n<\/div>\t\t\t\t\t<\/div>\n\t\t\t\t\n\t\t\t\t\t\t\t<\/div>\n\t\t\t\t\t\t<\/div>\n\t\t\t\t\t\t<\/div>\n\t\t\t\t<\/div>\n\t\t\t\t\t<\/div>\n\t\t\t\t<\/div>\n\t\t\t\t<\/div>\n\t\t","protected":false},"excerpt":{"rendered":"<p>Ofertas y promociones Especiales nuevos cada mes. Ofertas de referido y ofertas para clientes nuevos. En MiraMar Family Dental nos esforzamos por ofrecerte la mejor atenci\u00f3n dental a precios asequibles. Descubre las ofertas y promociones que dise\u00f1amos para cuidar de tu sonrisa y tu salud bucal. Tenemos algunas promociones que duran todo el a\u00f1o, y [&hellip;]<\/p>\n","protected":false},"author":1,"featured_media":4327,"parent":0,"menu_order":0,"comment_status":"closed","ping_status":"closed","template":"","meta":{"footnotes":""},"class_list":["post-1154","page","type-page","status-publish","has-post-thumbnail","hentry"],"_links":{"self":[{"href":"https:\/\/miramarfamilydental.com\/es\/wp-json\/wp\/v2\/pages\/1154","targetHints":{"allow":["GET"]}}],"collection":[{"href":"https:\/\/miramarfamilydental.com\/es\/wp-json\/wp\/v2\/pages"}],"about":[{"href":"https:\/\/miramarfamilydental.com\/es\/wp-json\/wp\/v2\/types\/page"}],"author":[{"embeddable":true,"href":"https:\/\/miramarfamilydental.com\/es\/wp-json\/wp\/v2\/users\/1"}],"replies":[{"embeddable":true,"href":"https:\/\/miramarfamilydental.com\/es\/wp-json\/wp\/v2\/comments?post=1154"}],"version-history":[{"count":5,"href":"https:\/\/miramarfamilydental.com\/es\/wp-json\/wp\/v2\/pages\/1154\/revisions"}],"predecessor-version":[{"id":16283,"href":"https:\/\/miramarfamilydental.com\/es\/wp-json\/wp\/v2\/pages\/1154\/revisions\/16283"}],"wp:featuredmedia":[{"embeddable":true,"href":"https:\/\/miramarfamilydental.com\/es\/wp-json\/wp\/v2\/media\/4327"}],"wp:attachment":[{"href":"https:\/\/miramarfamilydental.com\/es\/wp-json\/wp\/v2\/media?parent=1154"}],"curies":[{"name":"wp","href":"https:\/\/api.w.org\/{rel}","templated":true}]}}