{"id":1160,"date":"2024-02-24T10:54:50","date_gmt":"2024-02-24T16:54:50","guid":{"rendered":"https:\/\/miramarfamilydental.com\/?page_id=1160"},"modified":"2025-04-03T15:16:54","modified_gmt":"2025-04-03T20:16:54","slug":"contactar-a-miramar-family-dental","status":"publish","type":"page","link":"https:\/\/miramarfamilydental.com\/es\/contactar-a-miramar-family-dental\/","title":{"rendered":"Contactar a MiraMar Family Dental"},"content":{"rendered":"\t\t<div data-elementor-type=\"wp-page\" data-elementor-id=\"1160\" class=\"elementor elementor-1160\" data-elementor-post-type=\"page\">\n\t\t\t\t<div class=\"elementor-element elementor-element-351592d e-flex e-con-boxed e-con e-parent\" data-id=\"351592d\" data-element_type=\"container\" data-e-type=\"container\" data-settings=\"{&quot;background_background&quot;:&quot;classic&quot;}\">\n\t\t\t\t\t<div class=\"e-con-inner\">\n\t\t\t\t<div class=\"elementor-element elementor-element-be0e0c1 elementor-widget elementor-widget-heading\" data-id=\"be0e0c1\" data-element_type=\"widget\" data-e-type=\"widget\" data-widget_type=\"heading.default\">\n\t\t\t\t<div class=\"elementor-widget-container\">\n\t\t\t\t\t<h1 class=\"elementor-heading-title elementor-size-default\">Cont\u00e1ctanos<\/h1>\t\t\t\t<\/div>\n\t\t\t\t<\/div>\n\t\t\t\t\t<\/div>\n\t\t\t\t<\/div>\n\t\t<div class=\"elementor-element elementor-element-0a8e78d e-flex e-con-boxed e-con e-parent\" data-id=\"0a8e78d\" data-element_type=\"container\" data-e-type=\"container\">\n\t\t\t\t\t<div class=\"e-con-inner\">\n\t\t\t\t<div class=\"elementor-element elementor-element-56dcda0 elementor-widget elementor-widget-heading\" data-id=\"56dcda0\" data-element_type=\"widget\" data-e-type=\"widget\" data-widget_type=\"heading.default\">\n\t\t\t\t<div class=\"elementor-widget-container\">\n\t\t\t\t\t<h2 class=\"elementor-heading-title elementor-size-default\">Formulario de Contacto<\/h2>\t\t\t\t<\/div>\n\t\t\t\t<\/div>\n\t\t\t\t<div class=\"elementor-element elementor-element-def48f0 elementor-widget elementor-widget-text-editor\" data-id=\"def48f0\" data-element_type=\"widget\" data-e-type=\"widget\" data-widget_type=\"text-editor.default\">\n\t\t\t\t<div class=\"elementor-widget-container\">\n\t\t\t\t\t\t\t\t\t\u00bfEstas buscando servicios dentales profesionales de alta calidad? Te invitamos a completar el formulario a continuaci\u00f3n, y el equipo de MiraMar Family Dental contestar\u00e1 cualquier duda o inquietud que tengas. Estamos siempre dispuestos a ayudarte.\t\t\t\t\t\t\t\t<\/div>\n\t\t\t\t<\/div>\n\t\t\t\t<div class=\"elementor-element elementor-element-cc62f61 elementor-widget__width-initial elementor-widget-tablet__width-inherit elementor-widget elementor-widget-html\" data-id=\"cc62f61\" data-element_type=\"widget\" data-e-type=\"widget\" data-widget_type=\"html.default\">\n\t\t\t\t<div class=\"elementor-widget-container\">\n\t\t\t\t\t<iframe\r\n  src=\"https:\/\/link.miramarfamilydental.com\/widget\/form\/nCsLB6WU7z3lE82ujJ2d\"\r\n  style=\"width:100%;height:100%;border:none;border-radius:0px\"\r\n  id=\"inline-nCsLB6WU7z3lE82ujJ2d\" \r\n  data-layout=\"{'id':'INLINE'}\"\r\n  data-trigger-type=\"alwaysShow\"\r\n  data-trigger-value=\"\"\r\n  data-activation-type=\"alwaysActivated\"\r\n  data-activation-value=\"\"\r\n  data-deactivation-type=\"neverDeactivate\"\r\n  data-deactivation-value=\"\"\r\n  data-form-name=\"Marketing Form\"\r\n  data-height=\"927\"\r\n  data-layout-iframe-id=\"inline-nCsLB6WU7z3lE82ujJ2d\"\r\n  data-form-id=\"nCsLB6WU7z3lE82ujJ2d\"\r\n  title=\"Marketing Form\"\r\n      >\r\n<\/iframe>\r\n<script src=\"https:\/\/link.miramarfamilydental.com\/js\/form_embed.js\"><\/script>\t\t\t\t<\/div>\n\t\t\t\t<\/div>\n\t\t\t\t\t<\/div>\n\t\t\t\t<\/div>\n\t\t<div class=\"elementor-element elementor-element-c2d20af e-flex e-con-boxed e-con e-parent\" data-id=\"c2d20af\" data-element_type=\"container\" data-e-type=\"container\">\n\t\t\t\t\t<div class=\"e-con-inner\">\n\t\t\t\t<div class=\"elementor-element elementor-element-8102bd2 elementor-widget elementor-widget-heading\" data-id=\"8102bd2\" data-element_type=\"widget\" data-e-type=\"widget\" data-widget_type=\"heading.default\">\n\t\t\t\t<div class=\"elementor-widget-container\">\n\t\t\t\t\t<h2 class=\"elementor-heading-title elementor-size-default\">\u00bfD\u00f3nde estamos?<\/h2>\t\t\t\t<\/div>\n\t\t\t\t<\/div>\n\t\t\t\t\t<\/div>\n\t\t\t\t<\/div>\n\t\t<div class=\"elementor-element elementor-element-01ca7b3 e-flex e-con-boxed e-con e-parent\" data-id=\"01ca7b3\" data-element_type=\"container\" data-e-type=\"container\">\n\t\t\t\t\t<div class=\"e-con-inner\">\n\t\t<div class=\"elementor-element elementor-element-b214f95 e-con-full e-flex e-con e-child\" data-id=\"b214f95\" data-element_type=\"container\" data-e-type=\"container\">\n\t\t\t\t<div class=\"elementor-element elementor-element-459b29e elementor-widget elementor-widget-heading\" data-id=\"459b29e\" data-element_type=\"widget\" data-e-type=\"widget\" data-widget_type=\"heading.default\">\n\t\t\t\t<div class=\"elementor-widget-container\">\n\t\t\t\t\t<h4 class=\"elementor-heading-title elementor-size-default\">Tel\u00e9fono<\/h4>\t\t\t\t<\/div>\n\t\t\t\t<\/div>\n\t\t\t\t<div class=\"elementor-element elementor-element-51f0e94 elementor-widget elementor-widget-text-editor\" data-id=\"51f0e94\" data-element_type=\"widget\" data-e-type=\"widget\" data-widget_type=\"text-editor.default\">\n\t\t\t\t<div class=\"elementor-widget-container\">\n\t\t\t\t\t\t\t\t\t<p>832-779-8444<\/p>\n\t\t\t\t\t\t\t\t<\/div>\n\t\t\t\t<\/div>\n\t\t\t\t<div class=\"elementor-element elementor-element-c9e307b elementor-widget elementor-widget-heading\" data-id=\"c9e307b\" data-element_type=\"widget\" data-e-type=\"widget\" data-widget_type=\"heading.default\">\n\t\t\t\t<div class=\"elementor-widget-container\">\n\t\t\t\t\t<h4 class=\"elementor-heading-title elementor-size-default\">Direcci\u00f3n<\/h4>\t\t\t\t<\/div>\n\t\t\t\t<\/div>\n\t\t\t\t<div class=\"elementor-element elementor-element-80bdfe3 elementor-widget elementor-widget-text-editor\" data-id=\"80bdfe3\" data-element_type=\"widget\" data-e-type=\"widget\" data-widget_type=\"text-editor.default\">\n\t\t\t\t<div class=\"elementor-widget-container\">\n\t\t\t\t\t\t\t\t\t<p>6127 N Fry Rd, Katy, TX 77449<\/p>\n\t\t\t\t\t\t\t\t<\/div>\n\t\t\t\t<\/div>\n\t\t\t\t<div class=\"elementor-element elementor-element-6aa5724 elementor-widget elementor-widget-heading\" data-id=\"6aa5724\" data-element_type=\"widget\" data-e-type=\"widget\" data-widget_type=\"heading.default\">\n\t\t\t\t<div class=\"elementor-widget-container\">\n\t\t\t\t\t<h4 class=\"elementor-heading-title elementor-size-default\">Horario de atenci\u00f3n<\/h4>\t\t\t\t<\/div>\n\t\t\t\t<\/div>\n\t\t\t\t<div class=\"elementor-element elementor-element-ae693c8 elementor-widget elementor-widget-text-editor\" data-id=\"ae693c8\" data-element_type=\"widget\" data-e-type=\"widget\" data-widget_type=\"text-editor.default\">\n\t\t\t\t<div class=\"elementor-widget-container\">\n\t\t\t\t\t\t\t\t\t<p>Lunes\u2013Viernes: 9:00am\u20135:00pm<\/p><p>S\u00e1bados: 10:00am\u20133:00pm<\/p><p>Domingos: Cerrado<\/p>\t\t\t\t\t\t\t\t<\/div>\n\t\t\t\t<\/div>\n\t\t\t\t<\/div>\n\t\t<div class=\"elementor-element elementor-element-4b26011 e-con-full e-flex e-con e-child\" data-id=\"4b26011\" data-element_type=\"container\" data-e-type=\"container\">\n\t\t\t\t<div class=\"elementor-element elementor-element-144e6fe elementor-widget elementor-widget-google_maps\" data-id=\"144e6fe\" data-element_type=\"widget\" data-e-type=\"widget\" data-widget_type=\"google_maps.default\">\n\t\t\t\t<div class=\"elementor-widget-container\">\n\t\t\t\t\t\t\t<div class=\"elementor-custom-embed\">\n\t\t\t<iframe loading=\"lazy\"\n\t\t\t\t\tsrc=\"https:\/\/www.google.com\/maps\/embed\/v1\/place?key=AIzaSyCBQkfZHchIM4-zAanaWRrCEyqIii_wg6s&#038;q=6127%20N%20Fry%20Rd%2C%20Katy%2C%20TX%2077449&#038;zoom=14\"\n\t\t\t\t\ttitle=\"6127 N Fry Rd, Katy, TX 77449\"\n\t\t\t\t\taria-label=\"6127 N Fry Rd, Katy, TX 77449\"\n\t\t\t><\/iframe>\n\t\t<\/div>\n\t\t\t\t\t\t<\/div>\n\t\t\t\t<\/div>\n\t\t\t\t<\/div>\n\t\t\t\t\t<\/div>\n\t\t\t\t<\/div>\n\t\t\t\t<\/div>\n\t\t","protected":false},"excerpt":{"rendered":"<p>Cont\u00e1ctanos Formulario de Contacto \u00bfEstas buscando servicios dentales profesionales de alta calidad? Te invitamos a completar el formulario a continuaci\u00f3n, y el equipo de MiraMar Family Dental contestar\u00e1 cualquier duda o inquietud que tengas. Estamos siempre dispuestos a ayudarte. \u00bfD\u00f3nde estamos? Tel\u00e9fono 832-779-8444 Direcci\u00f3n 6127 N Fry Rd, Katy, TX 77449 Horario de atenci\u00f3n Lunes\u2013Viernes: [&hellip;]<\/p>\n","protected":false},"author":1,"featured_media":4499,"parent":0,"menu_order":0,"comment_status":"closed","ping_status":"closed","template":"","meta":{"footnotes":""},"class_list":["post-1160","page","type-page","status-publish","has-post-thumbnail","hentry"],"_links":{"self":[{"href":"https:\/\/miramarfamilydental.com\/es\/wp-json\/wp\/v2\/pages\/1160","targetHints":{"allow":["GET"]}}],"collection":[{"href":"https:\/\/miramarfamilydental.com\/es\/wp-json\/wp\/v2\/pages"}],"about":[{"href":"https:\/\/miramarfamilydental.com\/es\/wp-json\/wp\/v2\/types\/page"}],"author":[{"embeddable":true,"href":"https:\/\/miramarfamilydental.com\/es\/wp-json\/wp\/v2\/users\/1"}],"replies":[{"embeddable":true,"href":"https:\/\/miramarfamilydental.com\/es\/wp-json\/wp\/v2\/comments?post=1160"}],"version-history":[{"count":3,"href":"https:\/\/miramarfamilydental.com\/es\/wp-json\/wp\/v2\/pages\/1160\/revisions"}],"predecessor-version":[{"id":15847,"href":"https:\/\/miramarfamilydental.com\/es\/wp-json\/wp\/v2\/pages\/1160\/revisions\/15847"}],"wp:featuredmedia":[{"embeddable":true,"href":"https:\/\/miramarfamilydental.com\/es\/wp-json\/wp\/v2\/media\/4499"}],"wp:attachment":[{"href":"https:\/\/miramarfamilydental.com\/es\/wp-json\/wp\/v2\/media?parent=1160"}],"curies":[{"name":"wp","href":"https:\/\/api.w.org\/{rel}","templated":true}]}}