{"id":1384,"date":"2024-02-28T07:21:45","date_gmt":"2024-02-28T13:21:45","guid":{"rendered":"https:\/\/miramarfamilydental.com\/?page_id=1384"},"modified":"2024-10-07T11:59:22","modified_gmt":"2024-10-07T16:59:22","slug":"dra-keyttia-beovides","status":"publish","type":"page","link":"https:\/\/miramarfamilydental.com\/es\/quienes-somos\/dra-keyttia-beovides\/","title":{"rendered":"Dra Keyttia Beovides"},"content":{"rendered":"\t\t<div data-elementor-type=\"wp-page\" data-elementor-id=\"1384\" class=\"elementor elementor-1384\" data-elementor-post-type=\"page\">\n\t\t\t\t<div class=\"elementor-element elementor-element-5a059b6 e-flex e-con-boxed e-con e-parent\" data-id=\"5a059b6\" data-element_type=\"container\" data-e-type=\"container\" data-settings=\"{&quot;background_background&quot;:&quot;classic&quot;}\">\n\t\t\t\t\t<div class=\"e-con-inner\">\n\t\t\t\t<div class=\"elementor-element elementor-element-0c4a69f elementor-widget elementor-widget-heading\" data-id=\"0c4a69f\" data-element_type=\"widget\" data-e-type=\"widget\" data-widget_type=\"heading.default\">\n\t\t\t\t<div class=\"elementor-widget-container\">\n\t\t\t\t\t<h1 class=\"elementor-heading-title elementor-size-default\">Conoce a la Dra. Keyttia Beovides<\/h1>\t\t\t\t<\/div>\n\t\t\t\t<\/div>\n\t\t\t\t\t<\/div>\n\t\t\t\t<\/div>\n\t\t<div class=\"elementor-element elementor-element-50cfce4 e-flex e-con-boxed e-con e-parent\" data-id=\"50cfce4\" data-element_type=\"container\" data-e-type=\"container\">\n\t\t\t\t\t<div class=\"e-con-inner\">\n\t\t<div class=\"elementor-element elementor-element-83e57ea e-con-full e-flex elementor-invisible e-con e-child\" data-id=\"83e57ea\" data-element_type=\"container\" data-e-type=\"container\" data-settings=\"{&quot;animation&quot;:&quot;fadeIn&quot;}\">\n\t\t\t\t<div class=\"elementor-element elementor-element-45ef433 elementor-widget elementor-widget-image\" data-id=\"45ef433\" data-element_type=\"widget\" data-e-type=\"widget\" data-widget_type=\"image.default\">\n\t\t\t\t<div class=\"elementor-widget-container\">\n\t\t\t\t\t\t\t\t\t\t\t\t\t\t\t<img fetchpriority=\"high\" decoding=\"async\" width=\"1920\" height=\"2560\" src=\"https:\/\/miramarfamilydental.com\/wp-content\/uploads\/2024\/04\/Keyttia-Beovides-scaled.jpeg\" class=\"attachment-full size-full wp-image-7750\" alt=\"Soy la Dra Keyttia Beovides odont\u00f3loga general en Miramar Family Dental\" srcset=\"https:\/\/miramarfamilydental.com\/wp-content\/uploads\/2024\/04\/Keyttia-Beovides-scaled.jpeg 1920w, https:\/\/miramarfamilydental.com\/wp-content\/uploads\/2024\/04\/Keyttia-Beovides-225x300.jpeg 225w, https:\/\/miramarfamilydental.com\/wp-content\/uploads\/2024\/04\/Keyttia-Beovides-768x1024.jpeg 768w, https:\/\/miramarfamilydental.com\/wp-content\/uploads\/2024\/04\/Keyttia-Beovides-1152x1536.jpeg 1152w, https:\/\/miramarfamilydental.com\/wp-content\/uploads\/2024\/04\/Keyttia-Beovides-1536x2048.jpeg 1536w\" sizes=\"(max-width: 1920px) 100vw, 1920px\" title=\"\">\t\t\t\t\t\t\t\t\t\t\t\t\t\t\t<\/div>\n\t\t\t\t<\/div>\n\t\t\t\t<\/div>\n\t\t<div class=\"elementor-element elementor-element-699528e e-con-full e-flex e-con e-child\" data-id=\"699528e\" data-element_type=\"container\" data-e-type=\"container\">\n\t\t\t\t<div class=\"elementor-element elementor-element-cb481a5 elementor-widget elementor-widget-text-editor\" data-id=\"cb481a5\" data-element_type=\"widget\" data-e-type=\"widget\" data-widget_type=\"text-editor.default\">\n\t\t\t\t<div class=\"elementor-widget-container\">\n\t\t\t\t\t\t\t\t\t<p>Soy Keyttia Beovides, odont\u00f3loga general y fundadora de MiraMar Family Dental. Soy cubana, madre de tres, y am\u00e9 la carrera de Odontolog\u00eda desde mi infancia en aquella hermosa isla del Caribe. Desde entonces, mi meta fue estudiar y ejercer la odontolog\u00eda para ayudar a los pacientes a sentirse m\u00e1s seguros con su sonrisa, pero sobre todo ense\u00f1arles la importancia de mantener una buena salud bucal. As\u00ed aprend\u00ed y as\u00ed lo practico en mi d\u00eda a d\u00eda con cada uno de mis pacientes.\u00a0<\/p><p>Me gradu\u00e9 como odont\u00f3loga en el Instituto de Ciencias M\u00e9dicas de La Habana en el 2003. Llegu\u00e9 a los Estados Unidos en enero de 2010. Para entonces, ya hab\u00eda practicado la odontolog\u00eda en Cuba y en Venezuela y hab\u00eda conocido m\u00e1s sobre los pacientes y sus necesidades.\u00a0<\/p><p>En 2014 fui aceptada en el Programa Internacional para Dentistas en la Facultad de Medicina Dental de la Universidad de Pensilvania. All\u00ed me form\u00e9 con los instructores m\u00e1s prestigiosos. Recib\u00ed mi diploma de DMD y me convert\u00ed en Odont\u00f3loga General, con licencia en el Estado de Texas en 2016. Y desde esa fecha mi principal enfoque profesional ha sido\u00a0 atender a una comunidad cada vez mayor de pacientes de Houston, y en particular del \u00e1rea de Katy y Cypress.<\/p><p>En mi tiempo libre disfruto cocinar y pasar tiempo con mi familia. Me encanta estar rodeada de amigos y personas energ\u00e9ticas. Ayudar a los pacientes que necesitan atenci\u00f3n dental y aliviar su dolor o preocupaciones, es uno de los premios m\u00e1s gratificantes que obtengo de la odontolog\u00eda.<\/p>\t\t\t\t\t\t\t\t<\/div>\n\t\t\t\t<\/div>\n\t\t\t\t<\/div>\n\t\t\t\t<div class=\"elementor-element elementor-element-252686c elementor-widget elementor-widget-gallery\" data-id=\"252686c\" data-element_type=\"widget\" data-e-type=\"widget\" data-settings=\"{&quot;columns_mobile&quot;:2,&quot;gap&quot;:{&quot;unit&quot;:&quot;px&quot;,&quot;size&quot;:20,&quot;sizes&quot;:[]},&quot;aspect_ratio&quot;:&quot;1:1&quot;,&quot;image_hover_animation&quot;:&quot;grow&quot;,&quot;lazyload&quot;:&quot;yes&quot;,&quot;gallery_layout&quot;:&quot;grid&quot;,&quot;columns&quot;:4,&quot;columns_tablet&quot;:2,&quot;gap_laptop&quot;:{&quot;unit&quot;:&quot;px&quot;,&quot;size&quot;:10,&quot;sizes&quot;:[]},&quot;gap_tablet&quot;:{&quot;unit&quot;:&quot;px&quot;,&quot;size&quot;:10,&quot;sizes&quot;:[]},&quot;gap_mobile&quot;:{&quot;unit&quot;:&quot;px&quot;,&quot;size&quot;:10,&quot;sizes&quot;:[]},&quot;link_to&quot;:&quot;file&quot;,&quot;content_hover_animation&quot;:&quot;fade-in&quot;}\" data-widget_type=\"gallery.default\">\n\t\t\t\t<div class=\"elementor-widget-container\">\n\t\t\t\t\t\t\t<div class=\"elementor-gallery__container\">\n\t\t\t\t\t\t\t<a class=\"e-gallery-item elementor-gallery-item elementor-animated-content\" href=\"https:\/\/miramarfamilydental.com\/wp-content\/uploads\/2024\/10\/miramarfamilydental_1548787986_1967698708021599110_8597807466.jpg\">\n\t\t\t\t\t<div class=\"e-gallery-image elementor-gallery-item__image\" data-thumbnail=\"https:\/\/miramarfamilydental.com\/wp-content\/uploads\/2024\/10\/miramarfamilydental_1548787986_1967698708021599110_8597807466.jpg\" data-width=\"1080\" data-height=\"1080\" aria-label=\"\" role=\"img\" ><\/div>\n\t\t\t\t\t\t\t\t\t\t\t\t\t\t<\/a>\n\t\t\t\t\t\t\t<a class=\"e-gallery-item elementor-gallery-item elementor-animated-content\" href=\"https:\/\/miramarfamilydental.com\/wp-content\/uploads\/2024\/10\/miramarfamilydental_1542339136_1913601827481713115_8597807466.jpg\">\n\t\t\t\t\t<div class=\"e-gallery-image elementor-gallery-item__image\" data-thumbnail=\"https:\/\/miramarfamilydental.com\/wp-content\/uploads\/2024\/10\/miramarfamilydental_1542339136_1913601827481713115_8597807466.jpg\" data-width=\"1027\" data-height=\"1027\" aria-label=\"\" role=\"img\" ><\/div>\n\t\t\t\t\t\t\t\t\t\t\t\t\t\t<\/a>\n\t\t\t\t\t\t\t<a class=\"e-gallery-item elementor-gallery-item elementor-animated-content\" href=\"https:\/\/miramarfamilydental.com\/wp-content\/uploads\/2024\/10\/miramarfamilydental_1582328953_2249060729349378278_8597807466.jpg\">\n\t\t\t\t\t<div class=\"e-gallery-image elementor-gallery-item__image\" data-thumbnail=\"https:\/\/miramarfamilydental.com\/wp-content\/uploads\/2024\/10\/miramarfamilydental_1582328953_2249060729349378278_8597807466.jpg\" data-width=\"1440\" data-height=\"1340\" aria-label=\"\" role=\"img\" ><\/div>\n\t\t\t\t\t\t\t\t\t\t\t\t\t\t<\/a>\n\t\t\t\t\t\t\t<a class=\"e-gallery-item elementor-gallery-item elementor-animated-content\" href=\"https:\/\/miramarfamilydental.com\/wp-content\/uploads\/2024\/10\/miramarfamilydental_1598033532_2380800290042725983_8597807466.jpg\">\n\t\t\t\t\t<div class=\"e-gallery-image elementor-gallery-item__image\" data-thumbnail=\"https:\/\/miramarfamilydental.com\/wp-content\/uploads\/2024\/10\/miramarfamilydental_1598033532_2380800290042725983_8597807466.jpg\" data-width=\"1440\" data-height=\"1800\" aria-label=\"\" role=\"img\" ><\/div>\n\t\t\t\t\t\t\t\t\t\t\t\t\t\t<\/a>\n\t\t\t\t\t\t\t<a class=\"e-gallery-item elementor-gallery-item elementor-animated-content\" href=\"https:\/\/miramarfamilydental.com\/wp-content\/uploads\/2024\/10\/miramarfamilydental_1601661146_2411230921310435554_8597807466.jpg\">\n\t\t\t\t\t<div class=\"e-gallery-image elementor-gallery-item__image\" data-thumbnail=\"https:\/\/miramarfamilydental.com\/wp-content\/uploads\/2024\/10\/miramarfamilydental_1601661146_2411230921310435554_8597807466.jpg\" data-width=\"1440\" data-height=\"1800\" aria-label=\"\" role=\"img\" ><\/div>\n\t\t\t\t\t\t\t\t\t\t\t\t\t\t<\/a>\n\t\t\t\t\t\t\t<a class=\"e-gallery-item elementor-gallery-item elementor-animated-content\" href=\"https:\/\/miramarfamilydental.com\/wp-content\/uploads\/2024\/10\/miramarfamilydental_1577739783_2210563979957647424_8597807466.jpg\">\n\t\t\t\t\t<div class=\"e-gallery-image elementor-gallery-item__image\" data-thumbnail=\"https:\/\/miramarfamilydental.com\/wp-content\/uploads\/2024\/10\/miramarfamilydental_1577739783_2210563979957647424_8597807466.jpg\" data-width=\"1440\" data-height=\"1800\" aria-label=\"\" role=\"img\" ><\/div>\n\t\t\t\t\t\t\t\t\t\t\t\t\t\t<\/a>\n\t\t\t\t\t\t\t<a class=\"e-gallery-item elementor-gallery-item elementor-animated-content\" href=\"https:\/\/miramarfamilydental.com\/wp-content\/uploads\/2024\/10\/miramarfamilydental_1568733167_2135011013146614895_8597807466.jpg\">\n\t\t\t\t\t<div class=\"e-gallery-image elementor-gallery-item__image\" data-thumbnail=\"https:\/\/miramarfamilydental.com\/wp-content\/uploads\/2024\/10\/miramarfamilydental_1568733167_2135011013146614895_8597807466.jpg\" data-width=\"937\" data-height=\"937\" aria-label=\"\" role=\"img\" ><\/div>\n\t\t\t\t\t\t\t\t\t\t\t\t\t\t<\/a>\n\t\t\t\t\t\t\t<a class=\"e-gallery-item elementor-gallery-item elementor-animated-content\" href=\"https:\/\/miramarfamilydental.com\/wp-content\/uploads\/2024\/10\/miramarfamilydental_1563910914_2094559018749294111_8597807466.jpg\">\n\t\t\t\t\t<div class=\"e-gallery-image elementor-gallery-item__image\" data-thumbnail=\"https:\/\/miramarfamilydental.com\/wp-content\/uploads\/2024\/10\/miramarfamilydental_1563910914_2094559018749294111_8597807466.jpg\" data-width=\"1440\" data-height=\"1440\" aria-label=\"\" role=\"img\" ><\/div>\n\t\t\t\t\t\t\t\t\t\t\t\t\t\t<\/a>\n\t\t\t\t\t<\/div>\n\t\t\t\t\t<\/div>\n\t\t\t\t<\/div>\n\t\t\t\t\t<\/div>\n\t\t\t\t<\/div>\n\t\t\t\t<\/div>\n\t\t","protected":false},"excerpt":{"rendered":"<p>Conoce a la Dra. Keyttia Beovides Soy Keyttia Beovides, odont\u00f3loga general y fundadora de MiraMar Family Dental. Soy cubana, madre de tres, y am\u00e9 la carrera de Odontolog\u00eda desde mi infancia en aquella hermosa isla del Caribe. Desde entonces, mi meta fue estudiar y ejercer la odontolog\u00eda para ayudar a los pacientes a sentirse m\u00e1s [&hellip;]<\/p>\n","protected":false},"author":1,"featured_media":7358,"parent":1047,"menu_order":0,"comment_status":"closed","ping_status":"closed","template":"","meta":{"footnotes":""},"class_list":["post-1384","page","type-page","status-publish","has-post-thumbnail","hentry"],"_links":{"self":[{"href":"https:\/\/miramarfamilydental.com\/es\/wp-json\/wp\/v2\/pages\/1384","targetHints":{"allow":["GET"]}}],"collection":[{"href":"https:\/\/miramarfamilydental.com\/es\/wp-json\/wp\/v2\/pages"}],"about":[{"href":"https:\/\/miramarfamilydental.com\/es\/wp-json\/wp\/v2\/types\/page"}],"author":[{"embeddable":true,"href":"https:\/\/miramarfamilydental.com\/es\/wp-json\/wp\/v2\/users\/1"}],"replies":[{"embeddable":true,"href":"https:\/\/miramarfamilydental.com\/es\/wp-json\/wp\/v2\/comments?post=1384"}],"version-history":[{"count":0,"href":"https:\/\/miramarfamilydental.com\/es\/wp-json\/wp\/v2\/pages\/1384\/revisions"}],"up":[{"embeddable":true,"href":"https:\/\/miramarfamilydental.com\/es\/wp-json\/wp\/v2\/pages\/1047"}],"wp:featuredmedia":[{"embeddable":true,"href":"https:\/\/miramarfamilydental.com\/es\/wp-json\/wp\/v2\/media\/7358"}],"wp:attachment":[{"href":"https:\/\/miramarfamilydental.com\/es\/wp-json\/wp\/v2\/media?parent=1384"}],"curies":[{"name":"wp","href":"https:\/\/api.w.org\/{rel}","templated":true}]}}