{"id":15933,"date":"2025-03-06T17:15:47","date_gmt":"2025-03-06T23:15:47","guid":{"rendered":"https:\/\/miramarfamilydental.com\/servicios-dentales\/implantes-dentales\/"},"modified":"2025-04-28T15:28:05","modified_gmt":"2025-04-28T20:28:05","slug":"implantes-dentales","status":"publish","type":"page","link":"https:\/\/miramarfamilydental.com\/es\/servicios-dentales\/implantes-dentales\/","title":{"rendered":"Implantes Dentales"},"content":{"rendered":"\t\t<div data-elementor-type=\"wp-page\" data-elementor-id=\"15933\" class=\"elementor elementor-15933 elementor-15673\" data-elementor-post-type=\"page\">\n\t\t\t\t<div class=\"elementor-element elementor-element-f8ec844 e-flex e-con-boxed e-con e-parent\" data-id=\"f8ec844\" data-element_type=\"container\" data-e-type=\"container\" data-settings=\"{&quot;background_background&quot;:&quot;classic&quot;}\">\n\t\t\t\t\t<div class=\"e-con-inner\">\n\t\t<div class=\"elementor-element elementor-element-a146a50 e-con-full e-flex e-con e-child\" data-id=\"a146a50\" data-element_type=\"container\" data-e-type=\"container\">\n\t\t\t\t<div class=\"elementor-element elementor-element-2853b8d elementor-widget elementor-widget-heading\" data-id=\"2853b8d\" data-element_type=\"widget\" data-e-type=\"widget\" data-widget_type=\"heading.default\">\n\t\t\t\t<div class=\"elementor-widget-container\">\n\t\t\t\t\t<h1 class=\"elementor-heading-title elementor-size-default\">Implantes dentales en Katy, Texas<\/h1>\t\t\t\t<\/div>\n\t\t\t\t<\/div>\n\t\t\t\t<div class=\"elementor-element elementor-element-f96d402 elementor-widget-mobile__width-inherit elementor-widget elementor-widget-text-editor\" data-id=\"f96d402\" data-element_type=\"widget\" data-e-type=\"widget\" data-widget_type=\"text-editor.default\">\n\t\t\t\t<div class=\"elementor-widget-container\">\n\t\t\t\t\t\t\t\t\t<p>Si busca restaurar la funci\u00f3n y la apariencia de su sonrisa tras la p\u00e9rdida de una pieza dental, ha llegado al lugar indicado. Como consultorio dental integral, MiraMar Family Dental ofrece implantes dentales en Katy, Texas, y a pacientes de las \u00e1reas circundantes. <\/p><p>Seg\u00fan un estudio observacional retrospectivo de varios a\u00f1os, los implantes dentales tienen una tasa de \u00e9xito del 97 % a los 10 a\u00f1os*, lo que los convierte en una opci\u00f3n excelente y predecible para los pacientes que buscan reemplazar uno o m\u00e1s dientes faltantes.<\/p><p>Recupere su sonrisa y su confianza: \u00a1programe una consulta sobre implantes dentales hoy mismo!<\/p>\t\t\t\t\t\t\t\t<\/div>\n\t\t\t\t<\/div>\n\t\t\t\t<\/div>\n\t\t<div class=\"elementor-element elementor-element-dde0272 e-con-full e-flex e-con e-child\" data-id=\"dde0272\" data-element_type=\"container\" data-e-type=\"container\">\n\t\t\t\t<div class=\"elementor-element elementor-element-7ea891b elementor-widget elementor-widget-html\" data-id=\"7ea891b\" data-element_type=\"widget\" data-e-type=\"widget\" data-widget_type=\"html.default\">\n\t\t\t\t<div class=\"elementor-widget-container\">\n\t\t\t\t\t<iframe src=\"https:\/\/link.miramarfamilydental.com\/widget\/form\/nCsLB6WU7z3lE82ujJ2d\" style=\"width:100%;height:100%;border:none;border-radius:0px\" id=\"inline-nCsLB6WU7z3lE82ujJ2d\" data-layout=\"{'id':'INLINE'}\" data-trigger-type=\"alwaysShow\" data-trigger-value=\"\" data-activation-type=\"alwaysActivated\" data-activation-value=\"\" data-deactivation-type=\"neverDeactivate\" data-deactivation-value=\"\" data-form-name=\"Marketing Form\" data-height=\"967\" data-layout-iframe-id=\"inline-nCsLB6WU7z3lE82ujJ2d\" data-form-id=\"nCsLB6WU7z3lE82ujJ2d\" title=\"Marketing Form\">\r\n<\/iframe>\r\n<script src=\"https:\/\/link.miramarfamilydental.com\/js\/form_embed.js\"><\/script>\t\t\t\t<\/div>\n\t\t\t\t<\/div>\n\t\t\t\t<\/div>\n\t\t\t\t\t<\/div>\n\t\t\t\t<\/div>\n\t\t<div class=\"elementor-element elementor-element-949bf4c e-flex e-con-boxed e-con e-parent\" data-id=\"949bf4c\" data-element_type=\"container\" data-e-type=\"container\">\n\t\t\t\t\t<div class=\"e-con-inner\">\n\t\t\t\t<div class=\"elementor-element elementor-element-90eb547 elementor-widget elementor-widget-heading\" data-id=\"90eb547\" data-element_type=\"widget\" data-e-type=\"widget\" data-widget_type=\"heading.default\">\n\t\t\t\t<div class=\"elementor-widget-container\">\n\t\t\t\t\t<h2 class=\"elementor-heading-title elementor-size-default\">\u00bfQu\u00e9 son los implantes dentales?<\/h2>\t\t\t\t<\/div>\n\t\t\t\t<\/div>\n\t\t\t\t<div class=\"elementor-element elementor-element-fbb40b3 elementor-widget elementor-widget-text-editor\" data-id=\"fbb40b3\" data-element_type=\"widget\" data-e-type=\"widget\" data-widget_type=\"text-editor.default\">\n\t\t\t\t<div class=\"elementor-widget-container\">\n\t\t\t\t\t\t\t\t\t<p>Los implantes dentales son dispositivos m\u00e9dicos de titanio con forma de tornillo que se implantan quir\u00fargicamente en el hueso maxilar para sujetar una pr\u00f3tesis hecha a medida. Al igual que la ra\u00edz de un diente natural, el implante proporciona resistencia y estabilidad a la corona prot\u00e9sica. Se utiliza un pilar para unir la corona al implante.  <\/p>\t\t\t\t\t\t\t\t<\/div>\n\t\t\t\t<\/div>\n\t\t\t\t<div class=\"elementor-element elementor-element-e0a1f31 elementor-widget elementor-widget-heading\" data-id=\"e0a1f31\" data-element_type=\"widget\" data-e-type=\"widget\" data-widget_type=\"heading.default\">\n\t\t\t\t<div class=\"elementor-widget-container\">\n\t\t\t\t\t<h2 class=\"elementor-heading-title elementor-size-default\">\u00bfCuanto cuestan los implantes dentales?<\/h2>\t\t\t\t<\/div>\n\t\t\t\t<\/div>\n\t\t\t\t<div class=\"elementor-element elementor-element-5f6b66a elementor-widget elementor-widget-text-editor\" data-id=\"5f6b66a\" data-element_type=\"widget\" data-e-type=\"widget\" data-widget_type=\"text-editor.default\">\n\t\t\t\t<div class=\"elementor-widget-container\">\n\t\t\t\t\t\t\t\t\t<p>Una de las primeras preguntas que podr\u00eda tener si le recomiendan este tratamiento es \u00ab\u00bfCu\u00e1nto cuestan los implantes dentales?\u00bb. Para muchos pacientes, el costo de este procedimiento es considerable. Sin embargo, debe tener en cuenta que los implantes dentales son una inversi\u00f3n no solo para su salud bucal, sino tambi\u00e9n para su salud general. <\/p><p>El costo promedio de la colocaci\u00f3n de un implante dental y su restauraci\u00f3n con una corona en Estados Unidos puede variar entre $2500 y $5000. Existen factores que influyen en el costo final, como los materiales seleccionados y la complejidad del procedimiento. Si es necesario un injerto \u00f3seo o de tejido, estos pueden aumentar el costo total del procedimiento.  <\/p><p>Si est\u00e1 buscando reemplazar un juego completo de dientes o solo un arco, el costo puede aumentar a $20,000 o m\u00e1s para un puente soportado por implantes de arco completo.<\/p><p>Para ayudar a aliviar la carga financiera de los pacientes, MiraMar Family Dental ofrece opciones de financiamiento de terceros a trav\u00e9s de la plataforma Cherry.<\/p>\t\t\t\t\t\t\t\t<\/div>\n\t\t\t\t<\/div>\n\t\t\t\t<div class=\"elementor-element elementor-element-c122a2c elementor-cta--layout-image-left elementor-cta--mobile-layout-image-above elementor-bg-transform elementor-bg-transform-zoom-out elementor-cta--skin-classic elementor-animated-content elementor-widget elementor-widget-call-to-action\" data-id=\"c122a2c\" data-element_type=\"widget\" data-e-type=\"widget\" data-widget_type=\"call-to-action.default\">\n\t\t\t\t<div class=\"elementor-widget-container\">\n\t\t\t\t\t\t\t<div class=\"elementor-cta\">\n\t\t\t\t\t<div class=\"elementor-cta__bg-wrapper\">\n\t\t\t\t<div class=\"elementor-cta__bg elementor-bg\" style=\"background-image: url(https:\/\/miramarfamilydental.com\/wp-content\/uploads\/2025\/01\/dental-implant-artificial-tooth-roots-into-jaw-root-canal-dental-treatment-gum-disease-teeth-model-dentist-studying-about-dentistry_1042400-3843-scaled-3.jpg);\" role=\"img\" aria-label=\"dental-implant-artificial-tooth-roots-into-jaw-root-canal-dental-treatment-gum-disease-teeth-model-dentist-studying-about-dentistry_1042400-3843-scaled.jpg\"><\/div>\n\t\t\t\t<div class=\"elementor-cta__bg-overlay\"><\/div>\n\t\t\t<\/div>\n\t\t\t\t\t\t\t<div class=\"elementor-cta__content\">\n\t\t\t\t\n\t\t\t\t\t\t\t\t\t<h3 class=\"elementor-cta__title elementor-cta__content-item elementor-content-item\">\n\t\t\t\t\t\tCons\u00faltanos sobre financiaci\u00f3n\t\t\t\t\t<\/h3>\n\t\t\t\t\n\t\t\t\t\t\t\t\t\t<div class=\"elementor-cta__description elementor-cta__content-item elementor-content-item\">\n\t\t\t\t\t\tMiraMar Family Dental se ha asociado con la plataforma de financiamiento Cherry para que el costo de los implantes dentales y otros procedimientos sea m\u00e1s manejable, permiti\u00e9ndole dividir los pagos en cuotas mensuales. Algunos pacientes incluso pueden calificar para opciones con una TAE del 0%. \t\t\t\t\t<\/div>\n\t\t\t\t\n\t\t\t\t\t\t\t\t\t<div class=\"elementor-cta__button-wrapper elementor-cta__content-item elementor-content-item \">\n\t\t\t\t\t<a class=\"elementor-cta__button elementor-button elementor-size-\" href=\"https:\/\/miramarfamilydental.com\/es\/informacion-para-pacientes\/planes-de-financiamiento\/\">\n\t\t\t\t\t\tM\u00e1s informaci\u00f3n\t\t\t\t\t<\/a>\n\t\t\t\t\t<\/div>\n\t\t\t\t\t\t\t<\/div>\n\t\t\t\t\t\t<\/div>\n\t\t\t\t\t\t<\/div>\n\t\t\t\t<\/div>\n\t\t\t\t<div class=\"elementor-element elementor-element-7d6c672 elementor-widget elementor-widget-heading\" data-id=\"7d6c672\" data-element_type=\"widget\" data-e-type=\"widget\" data-widget_type=\"heading.default\">\n\t\t\t\t<div class=\"elementor-widget-container\">\n\t\t\t\t\t<h2 class=\"elementor-heading-title elementor-size-default\">\u00bfCu\u00e1l es el proceso para los implantes dentales?<\/h2>\t\t\t\t<\/div>\n\t\t\t\t<\/div>\n\t\t\t\t<div class=\"elementor-element elementor-element-ae1ef40 elementor-widget elementor-widget-text-editor\" data-id=\"ae1ef40\" data-element_type=\"widget\" data-e-type=\"widget\" data-widget_type=\"text-editor.default\">\n\t\t\t\t<div class=\"elementor-widget-container\">\n\t\t\t\t\t\t\t\t\t<p>Si su dentista le recomienda implantes dentales, quiz\u00e1s se pregunte en qu\u00e9 consiste el proceso. Su camino hacia una sonrisa renovada comienza con una consulta. Tiene varias opciones de materiales para coronas dentales y analizaremos las ventajas y desventajas de cada una.  <\/p><p>Si usted y su dentista deciden que los implantes dentales son el tratamiento adecuado para usted, le proporcionaremos informaci\u00f3n para ayudarle a prepararse para el procedimiento. Seguir estas instrucciones es fundamental para prevenir complicaciones y garantizar la durabilidad de sus implantes dentales. Antes del procedimiento, es probable que su dentista le recete antibi\u00f3ticos. Dado que fumar y vapear afectan negativamente el \u00e9xito de los procedimientos de implantes dentales, probablemente le recomendaremos terapias para dejar de fumar antes de la cirug\u00eda.   <\/p><p>Dependiendo de su salud bucal, la calidad del hueso maxilar disponible y otros factores, es posible que podamos colocar el implante y restaurarlo con una corona temporal en una sola visita.<\/p>\t\t\t\t\t\t\t\t<\/div>\n\t\t\t\t<\/div>\n\t\t\t\t<div class=\"elementor-element elementor-element-8288225 elementor-widget elementor-widget-heading\" data-id=\"8288225\" data-element_type=\"widget\" data-e-type=\"widget\" data-widget_type=\"heading.default\">\n\t\t\t\t<div class=\"elementor-widget-container\">\n\t\t\t\t\t<h3 class=\"elementor-heading-title elementor-size-default\">Extracciones<\/h3>\t\t\t\t<\/div>\n\t\t\t\t<\/div>\n\t\t\t\t<div class=\"elementor-element elementor-element-de2bcec elementor-widget elementor-widget-text-editor\" data-id=\"de2bcec\" data-element_type=\"widget\" data-e-type=\"widget\" data-widget_type=\"text-editor.default\">\n\t\t\t\t<div class=\"elementor-widget-container\">\n\t\t\t\t\t\t\t\t\tSi se extrae un diente infectado, a menudo se puede colocar un implante el mismo d\u00eda. Se tomar\u00e1n impresiones de la boca para asegurar la posici\u00f3n \u00f3ptima del implante y la restauraci\u00f3n. \t\t\t\t\t\t\t\t<\/div>\n\t\t\t\t<\/div>\n\t\t\t\t<div class=\"elementor-element elementor-element-cb2862c elementor-widget elementor-widget-heading\" data-id=\"cb2862c\" data-element_type=\"widget\" data-e-type=\"widget\" data-widget_type=\"heading.default\">\n\t\t\t\t<div class=\"elementor-widget-container\">\n\t\t\t\t\t<h3 class=\"elementor-heading-title elementor-size-default\">El d\u00eda de la cirug\u00eda.<\/h3>\t\t\t\t<\/div>\n\t\t\t\t<\/div>\n\t\t\t\t<div class=\"elementor-element elementor-element-d8ab178 elementor-widget elementor-widget-text-editor\" data-id=\"d8ab178\" data-element_type=\"widget\" data-e-type=\"widget\" data-widget_type=\"text-editor.default\">\n\t\t\t\t<div class=\"elementor-widget-container\">\n\t\t\t\t\t\t\t\t\tEl d\u00eda de la cirug\u00eda, se le administrar\u00e1 anestesia local. Tambi\u00e9n podr\u00eda recibir alg\u00fan tipo de sedante para que se sienta c\u00f3modo durante el procedimiento. \t\t\t\t\t\t\t\t<\/div>\n\t\t\t\t<\/div>\n\t\t\t\t<div class=\"elementor-element elementor-element-59b16e9 elementor-widget elementor-widget-heading\" data-id=\"59b16e9\" data-element_type=\"widget\" data-e-type=\"widget\" data-widget_type=\"heading.default\">\n\t\t\t\t<div class=\"elementor-widget-container\">\n\t\t\t\t\t<h3 class=\"elementor-heading-title elementor-size-default\">colocando el implante<\/h3>\t\t\t\t<\/div>\n\t\t\t\t<\/div>\n\t\t\t\t<div class=\"elementor-element elementor-element-ac44578 elementor-widget elementor-widget-text-editor\" data-id=\"ac44578\" data-element_type=\"widget\" data-e-type=\"widget\" data-widget_type=\"text-editor.default\">\n\t\t\t\t<div class=\"elementor-widget-container\">\n\t\t\t\t\t\t\t\t\tPara colocar el implante dental, el dentista realizar\u00e1 una incisi\u00f3n en la enc\u00eda. A continuaci\u00f3n, se utilizar\u00e1 un taladro quir\u00fargico para crear una osteotom\u00eda en el hueso maxilar. El implante dental se atornillar\u00e1 al hueso hasta lograr la estabilidad ideal. En esta etapa, el implante se mantiene en su lugar mediante la fricci\u00f3n entre el implante y el hueso. El hueso se integrar\u00e1 a\u00fan m\u00e1s con el implante en un proceso llamado \u00abosteointegraci\u00f3n\u00bb. Si el dentista determina que el hueso maxilar es menos denso de lo previsto, probablemente retrasar\u00e1 la colocaci\u00f3n de una pr\u00f3tesis (corona dental) en el implante hasta que el hueso tenga m\u00e1s tiempo para integrarse. El dentista programar\u00e1 una cita de seguimiento dentro de varios meses.\t\t\t\t\t\t\t\t<\/div>\n\t\t\t\t<\/div>\n\t\t\t\t<div class=\"elementor-element elementor-element-a82a96f elementor-widget elementor-widget-heading\" data-id=\"a82a96f\" data-element_type=\"widget\" data-e-type=\"widget\" data-widget_type=\"heading.default\">\n\t\t\t\t<div class=\"elementor-widget-container\">\n\t\t\t\t\t<h3 class=\"elementor-heading-title elementor-size-default\">cuidado del implante<\/h3>\t\t\t\t<\/div>\n\t\t\t\t<\/div>\n\t\t\t\t<div class=\"elementor-element elementor-element-e148268 elementor-widget elementor-widget-text-editor\" data-id=\"e148268\" data-element_type=\"widget\" data-e-type=\"widget\" data-widget_type=\"text-editor.default\">\n\t\t\t\t<div class=\"elementor-widget-container\">\n\t\t\t\t\t\t\t\t\tSi se le administr\u00f3 sedaci\u00f3n, es probable que se sienta algo aturdido durante varias horas despu\u00e9s del procedimiento. Le informaremos si necesita que alguien lo lleve y lo traiga de su cita. Una vez finalizado el procedimiento, su equipo m\u00e9dico le indicar\u00e1 qu\u00e9 alimentos puede comer. Es importante consumir alimentos blandos para asegurar que la zona quir\u00fargica permanezca intacta mientras el hueso se integra con el implante dental.   \t\t\t\t\t\t\t\t<\/div>\n\t\t\t\t<\/div>\n\t\t\t\t<div class=\"elementor-element elementor-element-c266b93 elementor-widget elementor-widget-heading\" data-id=\"c266b93\" data-element_type=\"widget\" data-e-type=\"widget\" data-widget_type=\"heading.default\">\n\t\t\t\t<div class=\"elementor-widget-container\">\n\t\t\t\t\t<h2 class=\"elementor-heading-title elementor-size-default\">Implantes dentales All-on-4<\/h2>\t\t\t\t<\/div>\n\t\t\t\t<\/div>\n\t\t\t\t<div class=\"elementor-element elementor-element-332b106 elementor-widget elementor-widget-text-editor\" data-id=\"332b106\" data-element_type=\"widget\" data-e-type=\"widget\" data-widget_type=\"text-editor.default\">\n\t\t\t\t<div class=\"elementor-widget-container\">\n\t\t\t\t\t\t\t\t\t<p>Los implantes dentales All-on-4, o implantes dentales All-on-X, son un procedimiento que utiliza tan solo cuatro implantes dentales para sostener un puente fijo de arcada completa. En comparaci\u00f3n con la sustituci\u00f3n de cada diente individual con una corona implantosoportada, All-on-4 se considera una forma econ\u00f3mica, eficiente y c\u00f3moda para el paciente de reemplazar una arcada completa o una \u00abfila\u00bb de dientes. <\/p><p>Gracias a materiales avanzados, como el zirconio, los resultados son absolutamente incre\u00edbles. Una de las grandes ventajas de esta t\u00e9cnica es que es apta incluso para pacientes con reabsorci\u00f3n \u00f3sea significativa en el maxilar (arcada superior), ya que el puente se puede fijar mediante implantes colocados en el hueso ygom\u00e1tico. <\/p><p>Preg\u00fantenos sobre los implantes dentales All-on-4: \u00a1programe una consulta hoy!<\/p>\t\t\t\t\t\t\t\t<\/div>\n\t\t\t\t<\/div>\n\t\t<div class=\"elementor-element elementor-element-c7e9539 e-con-full e-flex e-con e-child\" data-id=\"c7e9539\" data-element_type=\"container\" data-e-type=\"container\" data-settings=\"{&quot;background_background&quot;:&quot;classic&quot;}\">\n\t\t\t\t<div class=\"elementor-element elementor-element-3f6365f elementor-widget__width-initial elementor-widget-mobile__width-inherit elementor-widget elementor-widget-image\" data-id=\"3f6365f\" data-element_type=\"widget\" data-e-type=\"widget\" data-widget_type=\"image.default\">\n\t\t\t\t<div class=\"elementor-widget-container\">\n\t\t\t\t\t\t\t\t\t\t\t\t\t\t\t<img fetchpriority=\"high\" decoding=\"async\" width=\"600\" height=\"450\" src=\"https:\/\/miramarfamilydental.com\/wp-content\/uploads\/2024\/08\/image-for-landing-5.png\" class=\"attachment-large size-large wp-image-13714\" alt=\"\" srcset=\"https:\/\/miramarfamilydental.com\/wp-content\/uploads\/2024\/08\/image-for-landing-5.png 600w, https:\/\/miramarfamilydental.com\/wp-content\/uploads\/2024\/08\/image-for-landing-5-300x225.png 300w\" sizes=\"(max-width: 600px) 100vw, 600px\" title=\"\">\t\t\t\t\t\t\t\t\t\t\t\t\t\t\t<\/div>\n\t\t\t\t<\/div>\n\t\t\t\t<div class=\"elementor-element elementor-element-459aa95 elementor-widget__width-initial elementor-widget-mobile__width-inherit elementor-widget elementor-widget-text-editor\" data-id=\"459aa95\" data-element_type=\"widget\" data-e-type=\"widget\" data-widget_type=\"text-editor.default\">\n\t\t\t\t<div class=\"elementor-widget-container\">\n\t\t\t\t\t\t\t\t\t<h2>Programe una consulta<\/h2><p>\u00bfLe interesa saber si los implantes dentales son la opci\u00f3n adecuada para recuperar su sonrisa y confianza? \u00a1Programe una consulta con el equipo de MiraMar Family Dental hoy mismo! <br><br><a class=\"elementor-button\" style=\"margin-top: 1rem; color: white;\"> Reserva ahora<\/a><\/p>\t\t\t\t\t\t\t\t<\/div>\n\t\t\t\t<\/div>\n\t\t\t\t<\/div>\n\t\t\t\t\t<\/div>\n\t\t\t\t<\/div>\n\t\t\t\t<\/div>\n\t\t","protected":false},"excerpt":{"rendered":"<p>Implantes dentales en Katy, Texas Si busca restaurar la funci\u00f3n y la apariencia de su sonrisa tras la p\u00e9rdida de una pieza dental, ha llegado al lugar indicado. Como consultorio dental integral, MiraMar Family Dental ofrece implantes dentales en Katy, Texas, y a pacientes de las \u00e1reas circundantes. Seg\u00fan un estudio observacional retrospectivo de varios [&hellip;]<\/p>\n","protected":false},"author":3,"featured_media":0,"parent":6704,"menu_order":0,"comment_status":"closed","ping_status":"closed","template":"","meta":{"footnotes":""},"class_list":["post-15933","page","type-page","status-publish","hentry"],"_links":{"self":[{"href":"https:\/\/miramarfamilydental.com\/es\/wp-json\/wp\/v2\/pages\/15933","targetHints":{"allow":["GET"]}}],"collection":[{"href":"https:\/\/miramarfamilydental.com\/es\/wp-json\/wp\/v2\/pages"}],"about":[{"href":"https:\/\/miramarfamilydental.com\/es\/wp-json\/wp\/v2\/types\/page"}],"author":[{"embeddable":true,"href":"https:\/\/miramarfamilydental.com\/es\/wp-json\/wp\/v2\/users\/3"}],"replies":[{"embeddable":true,"href":"https:\/\/miramarfamilydental.com\/es\/wp-json\/wp\/v2\/comments?post=15933"}],"version-history":[{"count":1,"href":"https:\/\/miramarfamilydental.com\/es\/wp-json\/wp\/v2\/pages\/15933\/revisions"}],"predecessor-version":[{"id":15934,"href":"https:\/\/miramarfamilydental.com\/es\/wp-json\/wp\/v2\/pages\/15933\/revisions\/15934"}],"up":[{"embeddable":true,"href":"https:\/\/miramarfamilydental.com\/es\/wp-json\/wp\/v2\/pages\/6704"}],"wp:attachment":[{"href":"https:\/\/miramarfamilydental.com\/es\/wp-json\/wp\/v2\/media?parent=15933"}],"curies":[{"name":"wp","href":"https:\/\/api.w.org\/{rel}","templated":true}]}}