{"id":2312,"date":"2024-03-04T10:46:24","date_gmt":"2024-03-04T16:46:24","guid":{"rendered":"https:\/\/miramarfamilydental.com\/?page_id=2312"},"modified":"2025-09-18T21:09:08","modified_gmt":"2025-09-19T02:09:08","slug":"equipo-miramar-family-dental","status":"publish","type":"page","link":"https:\/\/miramarfamilydental.com\/es\/quienes-somos\/equipo-miramar-family-dental\/","title":{"rendered":"Equipo de MiraMar Family Dental"},"content":{"rendered":"\t\t<div data-elementor-type=\"wp-page\" data-elementor-id=\"2312\" class=\"elementor elementor-2312\" data-elementor-post-type=\"page\">\n\t\t\t\t<div class=\"elementor-element elementor-element-3c36115 e-flex e-con-boxed e-con e-parent\" data-id=\"3c36115\" data-element_type=\"container\" data-e-type=\"container\">\n\t\t\t\t\t<div class=\"e-con-inner\">\n\t\t\t\t<div class=\"elementor-element elementor-element-5f9cec7 elementor-widget__width-initial elementor-widget-tablet__width-inherit elementor-widget elementor-widget-heading\" data-id=\"5f9cec7\" data-element_type=\"widget\" data-e-type=\"widget\" data-widget_type=\"heading.default\">\n\t\t\t\t<div class=\"elementor-widget-container\">\n\t\t\t\t\t<h1 class=\"elementor-heading-title elementor-size-default\">Conoce al equipo <br \/><span style=\"color:var(--e-global-color-accent)\">de MiraMar Family Dental<\/span><\/h1>\t\t\t\t<\/div>\n\t\t\t\t<\/div>\n\t\t\t\t<div class=\"elementor-element elementor-element-55b8e78 elementor-widget elementor-widget-text-editor\" data-id=\"55b8e78\" data-element_type=\"widget\" data-e-type=\"widget\" data-widget_type=\"text-editor.default\">\n\t\t\t\t<div class=\"elementor-widget-container\">\n\t\t\t\t\t\t\t\t\t<p>Nuestro equipo est\u00e1 formado por odont\u00f3logos profesionales y asistentes dentales comprometidos con los valores de la cl\u00ednica y de la Dra. Keyttia. Nuestra dedicaci\u00f3n y profesionalismo se reflejan en la atenci\u00f3n diaria que brindamos a nuestros pacientes. Juntos, trabajamos para garantizar la mejor experiencia y resultados para cada persona que conf\u00eda en nosotros.&nbsp;<\/p>\t\t\t\t\t\t\t\t<\/div>\n\t\t\t\t<\/div>\n\t\t\t\t<div class=\"elementor-element elementor-element-02977a7 elementor-widget__width-inherit elementor-widget elementor-widget-heading\" data-id=\"02977a7\" data-element_type=\"widget\" data-e-type=\"widget\" data-widget_type=\"heading.default\">\n\t\t\t\t<div class=\"elementor-widget-container\">\n\t\t\t\t\t<h3 class=\"elementor-heading-title elementor-size-default\">El equipo de doctores <\/h3>\t\t\t\t<\/div>\n\t\t\t\t<\/div>\n\t\t<div class=\"elementor-element elementor-element-00a5672 e-con-full e-flex elementor-invisible e-con e-child\" data-id=\"00a5672\" data-element_type=\"container\" data-e-type=\"container\" data-settings=\"{&quot;animation&quot;:&quot;fadeIn&quot;}\">\n\t\t\t\t<div class=\"elementor-element elementor-element-30921e7 elementor-widget__width-initial elementor-widget-mobile__width-inherit elementor-position-top elementor-widget elementor-widget-image-box\" data-id=\"30921e7\" data-element_type=\"widget\" data-e-type=\"widget\" data-widget_type=\"image-box.default\">\n\t\t\t\t<div class=\"elementor-widget-container\">\n\t\t\t\t\t<div class=\"elementor-image-box-wrapper\"><figure class=\"elementor-image-box-img\"><img decoding=\"async\" src=\"https:\/\/miramarfamilydental.com\/wp-content\/uploads\/elementor\/thumbs\/Dra-Keyttia-qv7r2ayhbn3afd3nqc64w6vvo1gmorrzeve4nai3gi.jpeg\" title=\"Dra-Keyttia.jpeg\" alt=\"Dra-Keyttia.jpeg\" loading=\"lazy\" \/><\/figure><div class=\"elementor-image-box-content\"><h3 class=\"elementor-image-box-title\">Dr. Keyttia Beovides<\/h3><p class=\"elementor-image-box-description\"><p style=\"color:#999999;margin-top:-1.5rem\">Dentista general<\/p>\n<div class=\"cstm-text-hidden\">\nLa Dra. Keyttia Beovides es la fundadora de MiraMar Family Dental, donde tiene como misi\u00f3n mejorar sonrisas y educar a los pacientes sobre la importancia de la salud bucal. Odont\u00f3loga general desde el 2003 por la Universidad de Ciencias M\u00e9dicas de La Habana y en 2014 por la Universidad de Pensilvania.  Disfruta cocinar, pasar tiempo con su familia y aliviar los problemas dentales de sus pacientes del \u00e1rea de Katy, Cypress y alrededores de Houston.<\/div><\/p><\/div><\/div>\t\t\t\t<\/div>\n\t\t\t\t<\/div>\n\t\t\t\t<div class=\"elementor-element elementor-element-074c07d elementor-widget__width-initial elementor-widget-mobile__width-inherit elementor-position-top elementor-widget elementor-widget-image-box\" data-id=\"074c07d\" data-element_type=\"widget\" data-e-type=\"widget\" data-widget_type=\"image-box.default\">\n\t\t\t\t<div class=\"elementor-widget-container\">\n\t\t\t\t\t<div class=\"elementor-image-box-wrapper\"><figure class=\"elementor-image-box-img\"><img decoding=\"async\" src=\"https:\/\/miramarfamilydental.com\/wp-content\/uploads\/elementor\/thumbs\/dr-rodriguez-rbyrlgx5tzhgmuc8s3yjwkvwv446sz1wo7e2261ddu.webp\" title=\"dr rodriguez\" alt=\"Dr. Tihany Rodriguez at MiraMar Family Dental\" loading=\"lazy\" \/><\/figure><div class=\"elementor-image-box-content\"><h3 class=\"elementor-image-box-title\">Dra Rodr\u00edguez<\/h3><p class=\"elementor-image-box-description\"><p style=\"color:#999999;margin-top:-1.5rem\">Dentista general<\/p>\n<div class=\"cstm-text-hidden\">\nLa Dra. Tihany Rodr\u00edguez comenz\u00f3 su carrera odontol\u00f3gica en 2006 tras graduarse como odont\u00f3loga general del Colegio Odontol\u00f3gico Colombiano. En 2012, complet\u00f3 su posgrado en Ortodoncia y Ortopedia Dentofacial en la Universidad Nacional de Colombia. Recientemente, obtuvo su t\u00edtulo de Doctora en Medicina Dental de la Universidad de Puerto Rico en 2024. La Dra. Rodr\u00edguez se dedica a ayudar a los pacientes a lograr sonrisas saludables y seguras, combinando su experiencia internacional en ortodoncia con su pr\u00e1ctica en odontolog\u00eda general. Se enorgullece de brindar atenci\u00f3n compasiva y personalizada a pacientes de todas las edades.<\/div><\/p><\/div><\/div>\t\t\t\t<\/div>\n\t\t\t\t<\/div>\n\t\t\t\t<div class=\"elementor-element elementor-element-9a954b5 elementor-widget__width-initial elementor-widget-mobile__width-inherit elementor-position-top elementor-widget elementor-widget-image-box\" data-id=\"9a954b5\" data-element_type=\"widget\" data-e-type=\"widget\" data-widget_type=\"image-box.default\">\n\t\t\t\t<div class=\"elementor-widget-container\">\n\t\t\t\t\t<div class=\"elementor-image-box-wrapper\"><figure class=\"elementor-image-box-img\"><img fetchpriority=\"high\" decoding=\"async\" width=\"1600\" height=\"2400\" src=\"https:\/\/miramarfamilydental.com\/wp-content\/uploads\/2024\/10\/Dra-Geisa-Perez-3.jpeg\" class=\"attachment-full size-full wp-image-14278\" alt=\"\" title=\"\" srcset=\"https:\/\/miramarfamilydental.com\/wp-content\/uploads\/2024\/10\/Dra-Geisa-Perez-3.jpeg 1600w, https:\/\/miramarfamilydental.com\/wp-content\/uploads\/2024\/10\/Dra-Geisa-Perez-3-200x300.jpeg 200w, https:\/\/miramarfamilydental.com\/wp-content\/uploads\/2024\/10\/Dra-Geisa-Perez-3-683x1024.jpeg 683w, https:\/\/miramarfamilydental.com\/wp-content\/uploads\/2024\/10\/Dra-Geisa-Perez-3-768x1152.jpeg 768w, https:\/\/miramarfamilydental.com\/wp-content\/uploads\/2024\/10\/Dra-Geisa-Perez-3-1024x1536.jpeg 1024w, https:\/\/miramarfamilydental.com\/wp-content\/uploads\/2024\/10\/Dra-Geisa-Perez-3-1365x2048.jpeg 1365w\" sizes=\"(max-width: 1600px) 100vw, 1600px\" \/><\/figure><div class=\"elementor-image-box-content\"><h3 class=\"elementor-image-box-title\">Dr. Geisa Perez<\/h3><p class=\"elementor-image-box-description\"><p style=\"color:#999999;margin-top:-1.5rem\">Ortodoncia e Implantolog\u00eda<\/p>\n<div class=\"cstm-text-hidden\">\nLa Dra. Geisa P\u00e9rez tambi\u00e9n es graduada de Escuela Dental de La Habana en 2008 y continu\u00f3 su educaci\u00f3n en la Rutgers Dental School NJ en 2021. Influenciada por su madre, tambi\u00e9n dentista, la Dra. Perez combina empat\u00eda y experiencia para transformar la salud oral de sus pacientes y aumentar su autoestima. Como ortodoncista ayuda a los pacientes con problemas de mordida a mejorar sus sonrisas y la confianza en s\u00ed mismos.<\/div><\/p><\/div><\/div>\t\t\t\t<\/div>\n\t\t\t\t<\/div>\n\t\t\t\t<div class=\"elementor-element elementor-element-b3b7483 elementor-widget__width-initial elementor-widget-mobile__width-inherit elementor-position-top elementor-widget elementor-widget-image-box\" data-id=\"b3b7483\" data-element_type=\"widget\" data-e-type=\"widget\" data-widget_type=\"image-box.default\">\n\t\t\t\t<div class=\"elementor-widget-container\">\n\t\t\t\t\t<div class=\"elementor-image-box-wrapper\"><figure class=\"elementor-image-box-img\"><img decoding=\"async\" src=\"https:\/\/miramarfamilydental.com\/wp-content\/uploads\/elementor\/thumbs\/star-Hygienist-Helen-1-qv7r2n6dshk0malwqzgaalsve1segu4hsjvfvvzz7m.jpg\" title=\"star-Hygienist-Helen-1.jpg\" alt=\"Helen is our hygienist at MiraMar Family DEntal\" loading=\"lazy\" \/><\/figure><div class=\"elementor-image-box-content\"><h3 class=\"elementor-image-box-title\">RDH. Helen VEga<\/h3><p class=\"elementor-image-box-description\"><p style=\"color:#999999;margin-top:-1.5rem\">Higienista dental  <\/p>\n<div class=\"cstm-text-hidden\">\nNuestra joven higienista dental se uni\u00f3 al equipo en la primaver del 2023 y ya suma muchos pacientes felices con sus habilidades y su experiencia. Tambi\u00e9n habla fuido en espa\u00f1ol e ingl\u00e9s. Graduada en biolog\u00eda por la Texas A&amp;M University en 2019, se recibi\u00f3 como T\u00e9cnica en Higiene Dental por el Pima Medical Institute-Houston dos a\u00f1os m\u00e1s tarde, con especializaci\u00f3n en pulido coronal y radiograf\u00eda digital. Es amante de los animales y deportes al aire libre.<\/div><\/p><\/div><\/div>\t\t\t\t<\/div>\n\t\t\t\t<\/div>\n\t\t\t\t<div class=\"elementor-element elementor-element-29d76a0 elementor-widget__width-initial elementor-widget-mobile__width-inherit elementor-position-top elementor-widget elementor-widget-image-box\" data-id=\"29d76a0\" data-element_type=\"widget\" data-e-type=\"widget\" data-widget_type=\"image-box.default\">\n\t\t\t\t<div class=\"elementor-widget-container\">\n\t\t\t\t\t<div class=\"elementor-image-box-wrapper\"><figure class=\"elementor-image-box-img\"><img decoding=\"async\" width=\"350\" height=\"525\" src=\"https:\/\/miramarfamilydental.com\/wp-content\/uploads\/2024\/10\/Ceci-Miramar-Family-Dental-Manager-1.webp\" class=\"attachment-full size-full wp-image-14282\" alt=\"\" title=\"\" srcset=\"https:\/\/miramarfamilydental.com\/wp-content\/uploads\/2024\/10\/Ceci-Miramar-Family-Dental-Manager-1.webp 350w, https:\/\/miramarfamilydental.com\/wp-content\/uploads\/2024\/10\/Ceci-Miramar-Family-Dental-Manager-1-200x300.webp 200w\" sizes=\"(max-width: 350px) 100vw, 350px\" \/><\/figure><div class=\"elementor-image-box-content\"><h3 class=\"elementor-image-box-title\">Ceci<\/h3><p class=\"elementor-image-box-description\"><p style=\"color:#999999;margin-top:-1.5rem\">MiraMar Family Dental Manager<\/p>\n<div class=\"cstm-text-hidden\">\nNacida en California y criada en M\u00e9xico, regres\u00e9 a Estados Unidos cuando ten\u00eda 18 a\u00f1os para emprender un nuevo viaje. Despu\u00e9s de haber vivido en diversos lugares, incluidos algunos a\u00f1os en Minnesota y una temporada en el Valle del R\u00edo Grande en Texas, finalmente encontr\u00e9 mi hogar profesional en Houston. Fue aqu\u00ed donde obtuve mi certificaci\u00f3n RDA en 2012 del Pima Medical Institute, un hito que marc\u00f3 mi inquebrantable dedicaci\u00f3n al campo dental.<\/div><\/p><\/div><\/div>\t\t\t\t<\/div>\n\t\t\t\t<\/div>\n\t\t\t\t<\/div>\n\t\t\t\t\t<\/div>\n\t\t\t\t<\/div>\n\t\t\t\t<\/div>\n\t\t","protected":false},"excerpt":{"rendered":"<p>Conoce al equipo de MiraMar Family Dental Nuestro equipo est\u00e1 formado por odont\u00f3logos profesionales y asistentes dentales comprometidos con los valores de la cl\u00ednica y de la Dra. Keyttia. Nuestra dedicaci\u00f3n y profesionalismo se reflejan en la atenci\u00f3n diaria que brindamos a nuestros pacientes. Juntos, trabajamos para garantizar la mejor experiencia y resultados para cada [&hellip;]<\/p>\n","protected":false},"author":1,"featured_media":1871,"parent":1047,"menu_order":0,"comment_status":"closed","ping_status":"closed","template":"","meta":{"footnotes":""},"class_list":["post-2312","page","type-page","status-publish","has-post-thumbnail","hentry"],"_links":{"self":[{"href":"https:\/\/miramarfamilydental.com\/es\/wp-json\/wp\/v2\/pages\/2312","targetHints":{"allow":["GET"]}}],"collection":[{"href":"https:\/\/miramarfamilydental.com\/es\/wp-json\/wp\/v2\/pages"}],"about":[{"href":"https:\/\/miramarfamilydental.com\/es\/wp-json\/wp\/v2\/types\/page"}],"author":[{"embeddable":true,"href":"https:\/\/miramarfamilydental.com\/es\/wp-json\/wp\/v2\/users\/1"}],"replies":[{"embeddable":true,"href":"https:\/\/miramarfamilydental.com\/es\/wp-json\/wp\/v2\/comments?post=2312"}],"version-history":[{"count":3,"href":"https:\/\/miramarfamilydental.com\/es\/wp-json\/wp\/v2\/pages\/2312\/revisions"}],"predecessor-version":[{"id":16332,"href":"https:\/\/miramarfamilydental.com\/es\/wp-json\/wp\/v2\/pages\/2312\/revisions\/16332"}],"up":[{"embeddable":true,"href":"https:\/\/miramarfamilydental.com\/es\/wp-json\/wp\/v2\/pages\/1047"}],"wp:featuredmedia":[{"embeddable":true,"href":"https:\/\/miramarfamilydental.com\/es\/wp-json\/wp\/v2\/media\/1871"}],"wp:attachment":[{"href":"https:\/\/miramarfamilydental.com\/es\/wp-json\/wp\/v2\/media?parent=2312"}],"curies":[{"name":"wp","href":"https:\/\/api.w.org\/{rel}","templated":true}]}}