{"id":2807,"date":"2024-03-09T12:51:48","date_gmt":"2024-03-09T18:51:48","guid":{"rendered":"https:\/\/miramarfamilydental.com\/?page_id=2807"},"modified":"2024-10-29T16:44:54","modified_gmt":"2024-10-29T21:44:54","slug":"cirugia-oral","status":"publish","type":"page","link":"https:\/\/miramarfamilydental.com\/es\/servicios-dentales\/cirugia-oral\/","title":{"rendered":"Cirug\u00eda oral"},"content":{"rendered":"\t\t<div data-elementor-type=\"wp-page\" data-elementor-id=\"2807\" class=\"elementor elementor-2807\" data-elementor-post-type=\"page\">\n\t\t\t\t<div class=\"elementor-element elementor-element-2889df2 e-flex e-con-boxed e-con e-parent\" data-id=\"2889df2\" data-element_type=\"container\" data-e-type=\"container\" data-settings=\"{&quot;background_background&quot;:&quot;classic&quot;}\">\n\t\t\t\t\t<div class=\"e-con-inner\">\n\t\t\t\t<div class=\"elementor-element elementor-element-0e9ce8d elementor-widget elementor-widget-heading\" data-id=\"0e9ce8d\" data-element_type=\"widget\" data-e-type=\"widget\" data-widget_type=\"heading.default\">\n\t\t\t\t<div class=\"elementor-widget-container\">\n\t\t\t\t\t<h1 class=\"elementor-heading-title elementor-size-default\">Cirug\u00eda Oral<br>\nServicios dentales<\/h1>\t\t\t\t<\/div>\n\t\t\t\t<\/div>\n\t\t\t\t\t<\/div>\n\t\t\t\t<\/div>\n\t\t<div class=\"elementor-element elementor-element-a0a4747 e-flex e-con-boxed e-con e-parent\" data-id=\"a0a4747\" data-element_type=\"container\" data-e-type=\"container\">\n\t\t\t\t\t<div class=\"e-con-inner\">\n\t\t\t\t<div class=\"elementor-element elementor-element-29811af7 elementor-widget__width-initial elementor-widget-mobile__width-inherit elementor-widget elementor-widget-video\" data-id=\"29811af7\" data-element_type=\"widget\" data-e-type=\"widget\" data-settings=\"{&quot;video_type&quot;:&quot;hosted&quot;,&quot;controls&quot;:&quot;yes&quot;}\" data-widget_type=\"video.default\">\n\t\t\t\t<div class=\"elementor-widget-container\">\n\t\t\t\t\t\t\t<div class=\"e-hosted-video elementor-wrapper elementor-open-inline\">\n\t\t\t\t\t<video class=\"elementor-video\" src=\"https:\/\/miramarfamilydental.com\/wp-content\/uploads\/2024\/03\/cirugia-oral.mp4\" controls=\"\" preload=\"metadata\" controlsList=\"nodownload\"><\/video>\n\t\t\t\t<\/div>\n\t\t\t\t\t\t<\/div>\n\t\t\t\t<\/div>\n\t\t\t\t<div class=\"elementor-element elementor-element-797f475 elementor-widget__width-initial elementor-widget-mobile__width-inherit elementor-widget elementor-widget-text-editor\" data-id=\"797f475\" data-element_type=\"widget\" data-e-type=\"widget\" data-widget_type=\"text-editor.default\">\n\t\t\t\t<div class=\"elementor-widget-container\">\n\t\t\t\t\t\t\t\t\tEn MiraMar Family Dental atendemos a muchos pacientes que requieren procedimientos de cirug\u00eda oral para tratar una variedad de problemas, desde la extracci\u00f3n de muelas, incluso las cordales, hasta la preparaci\u00f3n para\u00a0<a href=\"https:\/\/miramarfamilydental.com\/servicios-dentales\/servicios-de-periodoncia\/\">implantes dentales<\/a>. Cuando visitas nuestro consultorio para un servicio de cirug\u00eda oral, puedes esperar un cuidado experto y compasivo. Nuestro equipo se tomar\u00e1 el tiempo para explicarte el procedimiento, responder a todas tus preguntas y asegurarte de que te sientas c\u00f3modo antes, durante y despu\u00e9s de la cirug\u00eda.\t\t\t\t\t\t\t\t<\/div>\n\t\t\t\t<\/div>\n\t\t\t\t\t<\/div>\n\t\t\t\t<\/div>\n\t\t<div class=\"elementor-element elementor-element-72341f8d e-flex e-con-boxed e-con e-child\" data-id=\"72341f8d\" data-element_type=\"container\" data-e-type=\"container\">\n\t\t\t\t\t<div class=\"e-con-inner\">\n\t\t\t\t<div class=\"elementor-element elementor-element-1816d781 elementor-widget elementor-widget-heading\" data-id=\"1816d781\" data-element_type=\"widget\" data-e-type=\"widget\" data-widget_type=\"heading.default\">\n\t\t\t\t<div class=\"elementor-widget-container\">\n\t\t\t\t\t<h2 class=\"elementor-heading-title elementor-size-default\">Algunos de los procedimientos de cirug\u00eda oral que realizan nuestros cirujanos dentales<\/h2>\t\t\t\t<\/div>\n\t\t\t\t<\/div>\n\t\t<div class=\"elementor-element elementor-element-48fc2b5b e-con-full e-flex e-con e-child\" data-id=\"48fc2b5b\" data-element_type=\"container\" data-e-type=\"container\">\n\t\t\t\t<div class=\"elementor-element elementor-element-a5acc38 elementor-widget__width-initial elementor-widget-mobile__width-inherit elementor-widget elementor-widget-heading\" data-id=\"a5acc38\" data-element_type=\"widget\" data-e-type=\"widget\" data-widget_type=\"heading.default\">\n\t\t\t\t<div class=\"elementor-widget-container\">\n\t\t\t\t\t<h3 class=\"elementor-heading-title elementor-size-default\">Cirug\u00edas de cordales \n(muelas del juicio)<\/h3>\t\t\t\t<\/div>\n\t\t\t\t<\/div>\n\t\t\t\t<div class=\"elementor-element elementor-element-a145f62 elementor-widget__width-initial elementor-widget-mobile__width-inherit elementor-widget elementor-widget-text-editor\" data-id=\"a145f62\" data-element_type=\"widget\" data-e-type=\"widget\" data-widget_type=\"text-editor.default\">\n\t\t\t\t<div class=\"elementor-widget-container\">\n\t\t\t\t\t\t\t\t\t<p>Las cordales (muelas del juicio) son los \u00faltimos dientes en erupcionar, y a menudo causan problemas debido a la falta de espacio en la boca. Nuestros cirujanos orales est\u00e1n altamente entrenados para realizar cirug\u00edas y extraer las cordales de manera segura y efectiva.<\/p>\t\t\t\t\t\t\t\t<\/div>\n\t\t\t\t<\/div>\n\t\t\t\t<\/div>\n\t\t<div class=\"elementor-element elementor-element-930d5aa e-con-full e-flex e-con e-child\" data-id=\"930d5aa\" data-element_type=\"container\" data-e-type=\"container\">\n\t\t\t\t<div class=\"elementor-element elementor-element-f0a1301 elementor-widget__width-initial elementor-widget-mobile__width-inherit elementor-widget elementor-widget-heading\" data-id=\"f0a1301\" data-element_type=\"widget\" data-e-type=\"widget\" data-widget_type=\"heading.default\">\n\t\t\t\t<div class=\"elementor-widget-container\">\n\t\t\t\t\t<h3 class=\"elementor-heading-title elementor-size-default\">Extracciones<\/h3>\t\t\t\t<\/div>\n\t\t\t\t<\/div>\n\t\t\t\t<div class=\"elementor-element elementor-element-d3dec0a elementor-widget__width-initial elementor-widget-mobile__width-inherit elementor-widget elementor-widget-text-editor\" data-id=\"d3dec0a\" data-element_type=\"widget\" data-e-type=\"widget\" data-widget_type=\"text-editor.default\">\n\t\t\t\t<div class=\"elementor-widget-container\">\n\t\t\t\t\t\t\t\t\t<p>A veces, un diente puede estar tan da\u00f1ado o enfermo que la mejor opci\u00f3n es extraerlo. Nuestros cirujanos orales tienen la experiencia y el entrenamiento para realizar extracciones con el m\u00ednimo de molestias para el paciente.<\/p>\t\t\t\t\t\t\t\t<\/div>\n\t\t\t\t<\/div>\n\t\t\t\t<\/div>\n\t\t<div class=\"elementor-element elementor-element-09a6058 e-con-full e-flex e-con e-child\" data-id=\"09a6058\" data-element_type=\"container\" data-e-type=\"container\">\n\t\t\t\t<div class=\"elementor-element elementor-element-cd51f94 elementor-widget__width-initial elementor-widget-mobile__width-inherit elementor-widget elementor-widget-heading\" data-id=\"cd51f94\" data-element_type=\"widget\" data-e-type=\"widget\" data-widget_type=\"heading.default\">\n\t\t\t\t<div class=\"elementor-widget-container\">\n\t\t\t\t\t<h3 class=\"elementor-heading-title elementor-size-default\">Injerto \u00f3seo (Bone  Grafting)<\/h3>\t\t\t\t<\/div>\n\t\t\t\t<\/div>\n\t\t\t\t<div class=\"elementor-element elementor-element-42c691c elementor-widget__width-initial elementor-widget-mobile__width-inherit elementor-widget elementor-widget-text-editor\" data-id=\"42c691c\" data-element_type=\"widget\" data-e-type=\"widget\" data-widget_type=\"text-editor.default\">\n\t\t\t\t<div class=\"elementor-widget-container\">\n\t\t\t\t\t\t\t\t\t<p>El injerto \u00f3seo es un procedimiento que se utiliza para aumentar la cantidad de hueso en la mand\u00edbula, generalmente en preparaci\u00f3n para la colocaci\u00f3n de implantes dentales. Este procedimiento puede ayudar a asegurar que los implantes dentales sean estables y duraderos.<\/p>\t\t\t\t\t\t\t\t<\/div>\n\t\t\t\t<\/div>\n\t\t\t\t<\/div>\n\t\t<div class=\"elementor-element elementor-element-1ac8fe7 e-con-full e-flex e-con e-child\" data-id=\"1ac8fe7\" data-element_type=\"container\" data-e-type=\"container\">\n\t\t\t\t<div class=\"elementor-element elementor-element-b58be04 elementor-widget__width-initial elementor-widget-mobile__width-inherit elementor-widget elementor-widget-heading\" data-id=\"b58be04\" data-element_type=\"widget\" data-e-type=\"widget\" data-widget_type=\"heading.default\">\n\t\t\t\t<div class=\"elementor-widget-container\">\n\t\t\t\t\t<h3 class=\"elementor-heading-title elementor-size-default\">Elevaci\u00f3n de senos nasales (Sinus Lifting)<\/h3>\t\t\t\t<\/div>\n\t\t\t\t<\/div>\n\t\t\t\t<div class=\"elementor-element elementor-element-5771b9c elementor-widget__width-initial elementor-widget-mobile__width-inherit elementor-widget elementor-widget-text-editor\" data-id=\"5771b9c\" data-element_type=\"widget\" data-e-type=\"widget\" data-widget_type=\"text-editor.default\">\n\t\t\t\t<div class=\"elementor-widget-container\">\n\t\t\t\t\t\t\t\t\t<p>Es una t\u00e9cnica quir\u00fargica que se lleva a cabo en pacientes que no cuentan con suficiente hueso en el maxilar o la mand\u00edbula superior. A veces, debido a la falta de dientes o la reabsorci\u00f3n del hueso, es necesario aumentar la masa \u00f3sea en esta \u00e1rea antes de realizar procedimientos como la colocaci\u00f3n de implantes dentales.<\/p>\t\t\t\t\t\t\t\t<\/div>\n\t\t\t\t<\/div>\n\t\t\t\t<\/div>\n\t\t\t\t\t<\/div>\n\t\t\t\t<\/div>\n\t\t<div class=\"elementor-element elementor-element-40c26a40 e-flex e-con-boxed e-con e-parent\" data-id=\"40c26a40\" data-element_type=\"container\" data-e-type=\"container\">\n\t\t\t\t\t<div class=\"e-con-inner\">\n\t\t<div class=\"elementor-element elementor-element-24c8abf7 e-con-full e-flex e-con e-child\" data-id=\"24c8abf7\" data-element_type=\"container\" data-e-type=\"container\">\n\t\t\t\t<div class=\"elementor-element elementor-element-59a769cb elementor-widget-tablet__width-auto elementor-widget elementor-widget-image\" data-id=\"59a769cb\" data-element_type=\"widget\" data-e-type=\"widget\" data-widget_type=\"image.default\">\n\t\t\t\t<div class=\"elementor-widget-container\">\n\t\t\t\t\t\t\t\t\t\t\t\t\t\t\t<img fetchpriority=\"high\" decoding=\"async\" width=\"516\" height=\"433\" src=\"https:\/\/miramarfamilydental.com\/wp-content\/uploads\/2024\/03\/cordales.png\" class=\"attachment-large size-large wp-image-3058\" alt=\"\" srcset=\"https:\/\/miramarfamilydental.com\/wp-content\/uploads\/2024\/03\/cordales.png 516w, https:\/\/miramarfamilydental.com\/wp-content\/uploads\/2024\/03\/cordales-300x252.png 300w\" sizes=\"(max-width: 516px) 100vw, 516px\" title=\"\">\t\t\t\t\t\t\t\t\t\t\t\t\t\t\t<\/div>\n\t\t\t\t<\/div>\n\t\t\t\t<\/div>\n\t\t<div class=\"elementor-element elementor-element-36b9d6dc e-con-full e-flex e-con e-child\" data-id=\"36b9d6dc\" data-element_type=\"container\" data-e-type=\"container\">\n\t\t\t\t<div class=\"elementor-element elementor-element-45a83466 elementor-widget-tablet__width-auto elementor-widget elementor-widget-image\" data-id=\"45a83466\" data-element_type=\"widget\" data-e-type=\"widget\" data-widget_type=\"image.default\">\n\t\t\t\t<div class=\"elementor-widget-container\">\n\t\t\t\t\t\t\t\t\t\t\t\t\t\t\t<img decoding=\"async\" width=\"1024\" height=\"682\" src=\"https:\/\/miramarfamilydental.com\/wp-content\/uploads\/2024\/03\/servicios-Cirujano-dental-1024x682.webp\" class=\"attachment-large size-large wp-image-3060\" alt=\"\" srcset=\"https:\/\/miramarfamilydental.com\/wp-content\/uploads\/2024\/03\/servicios-Cirujano-dental-1024x682.webp 1024w, https:\/\/miramarfamilydental.com\/wp-content\/uploads\/2024\/03\/servicios-Cirujano-dental-300x200.webp 300w, https:\/\/miramarfamilydental.com\/wp-content\/uploads\/2024\/03\/servicios-Cirujano-dental-768x512.webp 768w, https:\/\/miramarfamilydental.com\/wp-content\/uploads\/2024\/03\/servicios-Cirujano-dental-1536x1024.webp 1536w, https:\/\/miramarfamilydental.com\/wp-content\/uploads\/2024\/03\/servicios-Cirujano-dental.webp 2000w\" sizes=\"(max-width: 1024px) 100vw, 1024px\" title=\"\">\t\t\t\t\t\t\t\t\t\t\t\t\t\t\t<\/div>\n\t\t\t\t<\/div>\n\t\t\t\t<\/div>\n\t\t<div class=\"elementor-element elementor-element-7842f8c9 e-con-full e-flex e-con e-child\" data-id=\"7842f8c9\" data-element_type=\"container\" data-e-type=\"container\">\n\t\t\t\t<div class=\"elementor-element elementor-element-379bf381 elementor-widget-tablet__width-auto elementor-widget elementor-widget-image\" data-id=\"379bf381\" data-element_type=\"widget\" data-e-type=\"widget\" data-widget_type=\"image.default\">\n\t\t\t\t<div class=\"elementor-widget-container\">\n\t\t\t\t\t\t\t\t\t\t\t\t\t\t\t<img decoding=\"async\" width=\"683\" height=\"1024\" src=\"https:\/\/miramarfamilydental.com\/wp-content\/uploads\/2024\/03\/servicios-cirugia-dental-suturando-683x1024.webp\" class=\"attachment-large size-large wp-image-3065\" alt=\"\" srcset=\"https:\/\/miramarfamilydental.com\/wp-content\/uploads\/2024\/03\/servicios-cirugia-dental-suturando-683x1024.webp 683w, https:\/\/miramarfamilydental.com\/wp-content\/uploads\/2024\/03\/servicios-cirugia-dental-suturando-200x300.webp 200w, https:\/\/miramarfamilydental.com\/wp-content\/uploads\/2024\/03\/servicios-cirugia-dental-suturando-768x1152.webp 768w, https:\/\/miramarfamilydental.com\/wp-content\/uploads\/2024\/03\/servicios-cirugia-dental-suturando-1024x1536.webp 1024w, https:\/\/miramarfamilydental.com\/wp-content\/uploads\/2024\/03\/servicios-cirugia-dental-suturando-1365x2048.webp 1365w, https:\/\/miramarfamilydental.com\/wp-content\/uploads\/2024\/03\/servicios-cirugia-dental-suturando-scaled.webp 1707w\" sizes=\"(max-width: 683px) 100vw, 683px\" title=\"\">\t\t\t\t\t\t\t\t\t\t\t\t\t\t\t<\/div>\n\t\t\t\t<\/div>\n\t\t\t\t<\/div>\n\t\t<div class=\"elementor-element elementor-element-a847648 e-con-full e-flex e-con e-child\" data-id=\"a847648\" data-element_type=\"container\" data-e-type=\"container\">\n\t\t\t\t<div class=\"elementor-element elementor-element-51c9c976 elementor-widget elementor-widget-image\" data-id=\"51c9c976\" data-element_type=\"widget\" data-e-type=\"widget\" data-widget_type=\"image.default\">\n\t\t\t\t<div class=\"elementor-widget-container\">\n\t\t\t\t\t\t\t\t\t\t\t\t\t\t\t<img loading=\"lazy\" decoding=\"async\" width=\"1024\" height=\"1024\" src=\"https:\/\/miramarfamilydental.com\/wp-content\/uploads\/2024\/03\/servicios-cirugia-1024x1024.webp\" class=\"attachment-large size-large wp-image-2646\" alt=\"Hacemos cirug\u00eda oral desde extraccciones hasta implantes\" srcset=\"https:\/\/miramarfamilydental.com\/wp-content\/uploads\/2024\/03\/servicios-cirugia-1024x1024.webp 1024w, https:\/\/miramarfamilydental.com\/wp-content\/uploads\/2024\/03\/servicios-cirugia-300x300.webp 300w, https:\/\/miramarfamilydental.com\/wp-content\/uploads\/2024\/03\/servicios-cirugia-150x150.webp 150w, https:\/\/miramarfamilydental.com\/wp-content\/uploads\/2024\/03\/servicios-cirugia-768x768.webp 768w, https:\/\/miramarfamilydental.com\/wp-content\/uploads\/2024\/03\/servicios-cirugia-1536x1536.webp 1536w, https:\/\/miramarfamilydental.com\/wp-content\/uploads\/2024\/03\/servicios-cirugia-2048x2048.webp 2048w, https:\/\/miramarfamilydental.com\/wp-content\/uploads\/2024\/03\/servicios-cirugia-600x600.webp 600w\" sizes=\"(max-width: 1024px) 100vw, 1024px\" title=\"\">\t\t\t\t\t\t\t\t\t\t\t\t\t\t\t<\/div>\n\t\t\t\t<\/div>\n\t\t\t\t<\/div>\n\t\t<div class=\"elementor-element elementor-element-575a8f55 e-con-full e-flex e-con e-child\" data-id=\"575a8f55\" data-element_type=\"container\" data-e-type=\"container\">\n\t\t\t\t<div class=\"elementor-element elementor-element-42daa02 elementor-widget elementor-widget-text-editor\" data-id=\"42daa02\" data-element_type=\"widget\" data-e-type=\"widget\" data-widget_type=\"text-editor.default\">\n\t\t\t\t<div class=\"elementor-widget-container\">\n\t\t\t\t\t\t\t\t\t<p>En MiraMar Family Dental utilizamos las t\u00e9cnicas m\u00e1s avanzadas y seguras para garantizar un resultado \u00f3ptimo en cada procedimiento que realizamos.<\/p>\t\t\t\t\t\t\t\t<\/div>\n\t\t\t\t<\/div>\n\t\t\t\t<\/div>\n\t\t\t\t\t<\/div>\n\t\t\t\t<\/div>\n\t\t\t\t<\/div>\n\t\t","protected":false},"excerpt":{"rendered":"<p>Cirug\u00eda Oral Servicios dentales https:\/\/miramarfamilydental.com\/wp-content\/uploads\/2024\/03\/cirugia-oral.mp4En MiraMar Family Dental atendemos a muchos pacientes que requieren procedimientos de cirug\u00eda oral para tratar una variedad de problemas, desde la extracci\u00f3n de muelas, incluso las cordales, hasta la preparaci\u00f3n para\u00a0implantes dentales. Cuando visitas nuestro consultorio para un servicio de cirug\u00eda oral, puedes esperar un cuidado experto y compasivo. Nuestro [&hellip;]<\/p>\n","protected":false},"author":1,"featured_media":2646,"parent":6704,"menu_order":0,"comment_status":"closed","ping_status":"closed","template":"","meta":{"footnotes":""},"class_list":["post-2807","page","type-page","status-publish","has-post-thumbnail","hentry"],"_links":{"self":[{"href":"https:\/\/miramarfamilydental.com\/es\/wp-json\/wp\/v2\/pages\/2807","targetHints":{"allow":["GET"]}}],"collection":[{"href":"https:\/\/miramarfamilydental.com\/es\/wp-json\/wp\/v2\/pages"}],"about":[{"href":"https:\/\/miramarfamilydental.com\/es\/wp-json\/wp\/v2\/types\/page"}],"author":[{"embeddable":true,"href":"https:\/\/miramarfamilydental.com\/es\/wp-json\/wp\/v2\/users\/1"}],"replies":[{"embeddable":true,"href":"https:\/\/miramarfamilydental.com\/es\/wp-json\/wp\/v2\/comments?post=2807"}],"version-history":[{"count":0,"href":"https:\/\/miramarfamilydental.com\/es\/wp-json\/wp\/v2\/pages\/2807\/revisions"}],"up":[{"embeddable":true,"href":"https:\/\/miramarfamilydental.com\/es\/wp-json\/wp\/v2\/pages\/6704"}],"wp:featuredmedia":[{"embeddable":true,"href":"https:\/\/miramarfamilydental.com\/es\/wp-json\/wp\/v2\/media\/2646"}],"wp:attachment":[{"href":"https:\/\/miramarfamilydental.com\/es\/wp-json\/wp\/v2\/media?parent=2807"}],"curies":[{"name":"wp","href":"https:\/\/api.w.org\/{rel}","templated":true}]}}